{"id":108171,"date":"2025-02-27T19:54:31","date_gmt":"2025-02-27T17:54:31","guid":{"rendered":"https:\/\/basseinimeistrid.ee\/pood\/Ei-luokiteltu\/griffon-sft-101\/"},"modified":"2025-03-14T21:58:14","modified_gmt":"2025-03-14T19:58:14","slug":"griffon-sft-101","status":"publish","type":"product","link":"https:\/\/basseinimeistrid.ee\/fi\/pood\/griffon-sft-101\/","title":{"rendered":"Griffon SFT-101"},"content":{"rendered":"<p>Griffon SFT-101 Repair<\/p>\n<p id=\"tw-target-text\" class=\"tw-data-text tw-text-large tw-ta\" dir=\"ltr\" data-placeholder=\"T\u00f5lge\" data-ved=\"2ahUKEwjE6LGFtOSLAxUKQVUIHYMWI4MQ3ewLegQICBAV\" aria-label=\"T\u00f5lgitud tekst: Universaalne, isesulav, tihendav ja isoleeriv, r\u00e4ni baasil remonditeip. Torude, torude, liitmike, l\u00f5ksude ja voolikute kiireks ja lihtsaks tihendamiseks ja lekete parandamiseks. Sobib ka elektri\u00fchenduste (veekindlaks) tihendamiseks ning elektripistikute ja kaablite isoleerimiseks ja kaitsmiseks. Sobib muuhulgas ka esemete \u00fchendamiseks, materjalide \u00fchendamiseks, rooste eest kaitsmiseks ning k\u00e4epidemete ja t\u00f6\u00f6riistade libisemisvastaseks vahendiks. Sise-, v\u00e4lis- ja veealusteks rakendusteks. Omadused - Survekindel kuni 12 baari, koheselt vee- ja \u00f5hukindel - Isolatsioon kuni 15 000 volti kihi kohta - Vastupidav temperatuuridele vahemikus -54\u00b0C kuni +260\u00b0C - Vastupidav hapetele, leelistele, lahustitele, \u00f5lidele, bensiinile ja s\u00fcsivesinikele - Venitav kuni 300% (j\u00e4\u00e4b elastseks) - Isesulav (\u00fchendub koheselt enda k\u00fclge) - Paari sekundiga korrigeeritav, saab koheselt koormata - Kasutatav r\u00f5hu all, sobib veealusteks rakendusteks - Kergesti eemaldatav, ei j\u00e4ta liimij\u00e4\u00e4ke\"><span class=\"Y2IQFc\" lang=\"et\">Yleisk\u00e4ytt\u00f6inen, itsevulkanoituva, tiivist\u00e4v\u00e4 ja erist\u00e4v\u00e4 silikonipohjainen korjausteippi. Putkien, liittimien ja letkujen nopeaan ja helppoon tiivist\u00e4miseen ja vuotojen korjaamiseen. Soveltuu my\u00f6s s\u00e4hk\u00f6liitosten (vedenpit\u00e4v\u00e4\u00e4n) tiivist\u00e4miseen sek\u00e4 s\u00e4hk\u00f6pistokkeiden ja -kaapeleiden erist\u00e4miseen ja suojaamiseen. Soveltuu my\u00f6s esineiden liitt\u00e4miseen, materiaalien yhdist\u00e4miseen, ruostesuojaukseen sek\u00e4 kahvojen ja ty\u00f6kalujen liukastumisenestoaineeksi. Sis\u00e4-, ulko- ja vedenalaisiin sovelluksiin. Ominaisuudet &#8211; Painekest\u00e4v\u00e4 12 bariin asti, v\u00e4litt\u00f6m\u00e4sti vesi- ja ilmatiivis &#8211; Erist\u00e4vyys jopa 15 000 volttia kerrosta kohden &#8211; Kest\u00e4\u00e4 l\u00e4mp\u00f6tiloja -54\u00b0C &#8211; +260\u00b0C &#8211; Kest\u00e4\u00e4 happoja, em\u00e4ksi\u00e4, liuottimia, \u00f6ljyj\u00e4, Bensiini\u00e4 ja hiilivetyj\u00e4 &#8211; Venyvyys jopa 300 % (pysyy joustavana) &#8211; Itsevulkanoituva (kiinnittyy v\u00e4litt\u00f6m\u00e4sti itseens\u00e4) &#8211; S\u00e4\u00e4dett\u00e4viss\u00e4 muutamassa sekunnissa, voidaan kuormittaa v\u00e4litt\u00f6m\u00e4sti &#8211; Voidaan k\u00e4ytt\u00e4\u00e4 paineen alaisena, soveltuu vedenalaisiin sovelluksiin &#8211; Helppo poistaa, ei j\u00e4t\u00e4 liimaj\u00e4\u00e4mi\u00e4. Musta v\u00e4ri. Leveys 25mm. Rullassa\/pakkauksessa 3 metri\u00e4.        <\/span><\/p>\n","protected":false},"excerpt":{"rendered":"<p>Griffon SFT-101 Repair Yleisk\u00e4ytt\u00f6inen, itsevulkanoituva, tiivist\u00e4v\u00e4 ja erist\u00e4v\u00e4 silikonipohjainen korjausteippi. Putkien, liittimien ja letkujen nopeaan ja helppoon tiivist\u00e4miseen ja vuotojen korjaamiseen. Soveltuu my\u00f6s s\u00e4hk\u00f6liitosten (vedenpit\u00e4v\u00e4\u00e4n) tiivist\u00e4miseen sek\u00e4 s\u00e4hk\u00f6pistokkeiden ja -kaapeleiden erist\u00e4miseen ja suojaamiseen. Soveltuu my\u00f6s esineiden liitt\u00e4miseen, materiaalien yhdist\u00e4miseen, ruostesuojaukseen sek\u00e4 kahvojen ja ty\u00f6kalujen liukastumisenestoaineeksi. Sis\u00e4-, ulko- ja vedenalaisiin sovelluksiin. Ominaisuudet &#8211; Painekest\u00e4v\u00e4 12 bariin [&hellip;]<\/p>\n","protected":false},"featured_media":108109,"template":"","meta":{"_et_pb_use_builder":"","_et_pb_old_content":"","_et_gb_content_width":""},"product_brand":[],"product_cat":[179],"product_tag":[],"class_list":{"0":"post-108171","1":"product","2":"type-product","3":"status-publish","4":"has-post-thumbnail","6":"product_cat-liitantatarvikkeet","7":"product_shipping_class-pakiautomaat-fi","9":"first","10":"instock","11":"taxable","12":"shipping-taxable","13":"purchasable","14":"product-type-simple"},"jetpack_sharing_enabled":true,"_links":{"self":[{"href":"https:\/\/basseinimeistrid.ee\/fi\/wp-json\/wp\/v2\/product\/108171","targetHints":{"allow":["GET"]}}],"collection":[{"href":"https:\/\/basseinimeistrid.ee\/fi\/wp-json\/wp\/v2\/product"}],"about":[{"href":"https:\/\/basseinimeistrid.ee\/fi\/wp-json\/wp\/v2\/types\/product"}],"wp:featuredmedia":[{"embeddable":true,"href":"https:\/\/basseinimeistrid.ee\/fi\/wp-json\/wp\/v2\/media\/108109"}],"wp:attachment":[{"href":"https:\/\/basseinimeistrid.ee\/fi\/wp-json\/wp\/v2\/media?parent=108171"}],"wp:term":[{"taxonomy":"product_brand","embeddable":true,"href":"https:\/\/basseinimeistrid.ee\/fi\/wp-json\/wp\/v2\/product_brand?post=108171"},{"taxonomy":"product_cat","embeddable":true,"href":"https:\/\/basseinimeistrid.ee\/fi\/wp-json\/wp\/v2\/product_cat?post=108171"},{"taxonomy":"product_tag","embeddable":true,"href":"https:\/\/basseinimeistrid.ee\/fi\/wp-json\/wp\/v2\/product_tag?post=108171"}],"curies":[{"name":"wp","href":"https:\/\/api.w.org\/{rel}","templated":true}]}}