{"id":108175,"date":"2025-02-21T23:47:01","date_gmt":"2025-02-21T21:47:01","guid":{"rendered":"https:\/\/basseinimeistrid.ee\/pood\/Ei-luokiteltu\/takaisinvirtaussuutin-style-o105-mm\/"},"modified":"2025-03-14T21:59:53","modified_gmt":"2025-03-14T19:59:53","slug":"takaisinvirtaussuutin-style-o105-mm","status":"publish","type":"product","link":"https:\/\/basseinimeistrid.ee\/fi\/pood\/takaisinvirtaussuutin-style-o105-mm\/","title":{"rendered":"Takaisinvirtaussuutin Style \u00d8105 mm"},"content":{"rendered":"<p>Astralpool STYLE -sarja on uusi valikoima 1\u00bd&#8221; ulkokierteisi\u00e4, haponkest\u00e4vi\u00e4 AISI316L ruostumattomasta ter\u00e4ksest\u00e4 valmistettuja paluu- ja imusuuttimia, jotka on tarkoitettu k\u00e4ytett\u00e4v\u00e4ksi PVC-kalvo- ja betonialtaissa. Sarjaan sis\u00e4ltyy kivi\/betonisein\u00e4n l\u00e4pivienti. Tiivistesarja sis\u00e4ltyy.  <\/p>\n<ul>\n<li>Kansilevyn halkaisija 105mm<\/li>\n<li>Kierren pituus 35mm<\/li>\n<li>Paluuaukon koko &#8211; 25 mm<\/li>\n<li>Veden paluuvirtaus &#8211; jopa 7 m\u00b3\/h<\/li>\n<\/ul>\n<p>L\u00e4piviennin tiedot:<\/p>\n<ul>\n<li>Pituus 250 mm<\/li>\n<li>50 mm:n liimaliitos paluuputkiston liitt\u00e4miseen<\/li>\n<li>Sis\u00e4kierre 1\u00bd&#8221; paluusuuttimen liit\u00e4nt\u00e4\u00e4 varten<\/li>\n<\/ul>\n","protected":false},"excerpt":{"rendered":"<p>Astralpool STYLE -sarja on uusi valikoima 1\u00bd&#8221; ulkokierteisi\u00e4, haponkest\u00e4vi\u00e4 AISI316L ruostumattomasta ter\u00e4ksest\u00e4 valmistettuja paluu- ja imusuuttimia, jotka on tarkoitettu k\u00e4ytett\u00e4v\u00e4ksi PVC-kalvo- ja betonialtaissa. Sarjaan sis\u00e4ltyy kivi\/betonisein\u00e4n l\u00e4pivienti. Tiivistesarja sis\u00e4ltyy. Kansilevyn halkaisija 105mm Kierren pituus 35mm Paluuaukon koko &#8211; 25 mm Veden paluuvirtaus &#8211; jopa 7 m\u00b3\/h L\u00e4piviennin tiedot: Pituus 250 mm 50 mm:n liimaliitos paluuputkiston [&hellip;]<\/p>\n","protected":false},"featured_media":106821,"template":"","meta":{"_et_pb_use_builder":"","_et_pb_old_content":"","_et_gb_content_width":""},"product_brand":[],"product_cat":[241],"product_tag":[],"class_list":{"0":"post-108175","1":"product","2":"type-product","3":"status-publish","4":"has-post-thumbnail","6":"product_cat-tuloosuuttimet","7":"product_shipping_class-pakiautomaat-fi","9":"first","10":"instock","11":"taxable","12":"shipping-taxable","13":"purchasable","14":"product-type-simple"},"jetpack_sharing_enabled":true,"_links":{"self":[{"href":"https:\/\/basseinimeistrid.ee\/fi\/wp-json\/wp\/v2\/product\/108175","targetHints":{"allow":["GET"]}}],"collection":[{"href":"https:\/\/basseinimeistrid.ee\/fi\/wp-json\/wp\/v2\/product"}],"about":[{"href":"https:\/\/basseinimeistrid.ee\/fi\/wp-json\/wp\/v2\/types\/product"}],"wp:featuredmedia":[{"embeddable":true,"href":"https:\/\/basseinimeistrid.ee\/fi\/wp-json\/wp\/v2\/media\/106821"}],"wp:attachment":[{"href":"https:\/\/basseinimeistrid.ee\/fi\/wp-json\/wp\/v2\/media?parent=108175"}],"wp:term":[{"taxonomy":"product_brand","embeddable":true,"href":"https:\/\/basseinimeistrid.ee\/fi\/wp-json\/wp\/v2\/product_brand?post=108175"},{"taxonomy":"product_cat","embeddable":true,"href":"https:\/\/basseinimeistrid.ee\/fi\/wp-json\/wp\/v2\/product_cat?post=108175"},{"taxonomy":"product_tag","embeddable":true,"href":"https:\/\/basseinimeistrid.ee\/fi\/wp-json\/wp\/v2\/product_tag?post=108175"}],"curies":[{"name":"wp","href":"https:\/\/api.w.org\/{rel}","templated":true}]}}