{"id":108176,"date":"2025-02-21T15:00:56","date_gmt":"2025-02-21T13:00:56","guid":{"rendered":"https:\/\/basseinimeistrid.ee\/pood\/Ei-luokiteltu\/lammonvaihdin-zodiac-heat-line-plus\/"},"modified":"2025-03-08T22:51:02","modified_gmt":"2025-03-08T20:51:02","slug":"lammonvaihdin-zodiac-heat-line-plus","status":"publish","type":"product","link":"https:\/\/basseinimeistrid.ee\/fi\/pood\/lammonvaihdin-zodiac-heat-line-plus\/","title":{"rendered":"L\u00e4mm\u00f6nvaihdin Zodiac Heat Line Plus"},"content":{"rendered":"<p><strong>Zodiac Heat Line<\/strong> -l\u00e4mm\u00f6nsiirtimell\u00e4 voidaan l\u00e4mmitt\u00e4\u00e4 allasvett\u00e4 rakennuksen l\u00e4mmitysj\u00e4rjestelm\u00e4n avulla. Kustannustehokas, eritt\u00e4in tehokas ja toimiva ratkaisu!<\/p>\n<p>OMINAISUUDET:<\/p>\n<ul>\n<li>Soveltuu integroitavaksi kaikkiin rakennusten l\u00e4mmitysj\u00e4rjestelmiin (l\u00e4mp\u00f6pumppu, kattila, aurinko jne.).<\/li>\n<li>Voidaan asentaa usealla eri tavalla<\/li>\n<li>Digitaalinen hallinta<\/li>\n<li>NORYL\u2122 \/ polyamidirunko (ruiskupuristus)<\/li>\n<li>TITANIUMTER\u00c4S L\u00e4mmityslevyt ja -putket<\/li>\n<li>V\u00e4h\u00e4n energiaa kuluttava kiertovesipumppu, luokka A.<\/li>\n<li>K\u00e4\u00e4nnett\u00e4v\u00e4 vesivirtauskytkin (altaan veden virtauksen ohjaamiseksi oikealta tai vasemmalta puolelta laitteeseen).<\/li>\n<li>Virtauskytkin toissijaista kiertoa varten<\/li>\n<li>Prim\u00e4\u00e4rikierron takaiskuventtiili<\/li>\n<li>Valmiiksi asennettu s\u00e4hk\u00f6inen suoja 230V<\/li>\n<li>Digitaalinen hallinta<\/li>\n<\/ul>\n<p>TEKNISET TIEDOT:<br \/>\n&#8211; Liittimet prim\u00e4\u00e4ril\u00e4mmityskiertoa varten: \u00be&#8221; \/ 1&#8243; sk \/ vk<br \/>\n&#8211; Liittimet allaskiertoa varten: \u00d850\/63 mm PVC<br \/>\n&#8211; Prim\u00e4\u00e4ril\u00e4mmitysj\u00e4rjestelm\u00e4n enimm\u00e4isvirtausm\u00e4\u00e4r\u00e4 tunnissa: Heatline 20 &#8211; 0,9 m\u00b3\/h, Heatline 40 &#8211; 1.7 m\u00b3\/h, Heatline 70 &#8211; 3 m\u00b3\/h<br \/>\n&#8211; Allaskierron enimm\u00e4isvirtaama tunnissa: Heatline 20 &#8211; 10 m\u00b3\/h, Heatline 40 &#8211; 15 m\u00b3\/h, Heatline 70 &#8211; m\u00b3\/h<br \/>\n&#8211; Enimm\u00e4isl\u00e4mmitysteho kilowatteina (kW) olettaen, ett\u00e4 talon l\u00e4mmitysvesi on 90 \u00b0C : Heatline 20 &#8211; 20 kW, Heatline 40 &#8211; 40kW, Heatline 70 &#8211; 70kW.<\/p>\n<p>* Saatavilla pyynn\u00f6st\u00e4<\/p>\n<p>Pyynn\u00f6st\u00e4 on saatavana my\u00f6s malleja ilman automaatiota ja ilman kiertovesipumppua.<\/p>\n","protected":false},"excerpt":{"rendered":"<p>Zodiac Heat Line -l\u00e4mm\u00f6nsiirtimell\u00e4 voidaan l\u00e4mmitt\u00e4\u00e4 allasvett\u00e4 rakennuksen l\u00e4mmitysj\u00e4rjestelm\u00e4n avulla. Kustannustehokas, eritt\u00e4in tehokas ja toimiva ratkaisu! OMINAISUUDET: Soveltuu integroitavaksi kaikkiin rakennusten l\u00e4mmitysj\u00e4rjestelmiin (l\u00e4mp\u00f6pumppu, kattila, aurinko jne.). Voidaan asentaa usealla eri tavalla Digitaalinen hallinta NORYL\u2122 \/ polyamidirunko (ruiskupuristus) TITANIUMTER\u00c4S L\u00e4mmityslevyt ja -putket V\u00e4h\u00e4n energiaa kuluttava kiertovesipumppu, luokka A. K\u00e4\u00e4nnett\u00e4v\u00e4 vesivirtauskytkin (altaan veden virtauksen ohjaamiseksi oikealta tai [&hellip;]<\/p>\n","protected":false},"featured_media":107421,"template":"","meta":{"_et_pb_use_builder":"","_et_pb_old_content":"","_et_gb_content_width":""},"product_brand":[],"product_cat":[119],"product_tag":[],"class_list":{"0":"post-108176","1":"product","2":"type-product","3":"status-publish","4":"has-post-thumbnail","6":"product_cat-lammonvaihtimet","7":"product_shipping_class-kuller-fi","9":"first","10":"onbackorder","11":"taxable","12":"shipping-taxable","13":"purchasable","14":"product-type-simple"},"jetpack_sharing_enabled":true,"_links":{"self":[{"href":"https:\/\/basseinimeistrid.ee\/fi\/wp-json\/wp\/v2\/product\/108176","targetHints":{"allow":["GET"]}}],"collection":[{"href":"https:\/\/basseinimeistrid.ee\/fi\/wp-json\/wp\/v2\/product"}],"about":[{"href":"https:\/\/basseinimeistrid.ee\/fi\/wp-json\/wp\/v2\/types\/product"}],"wp:featuredmedia":[{"embeddable":true,"href":"https:\/\/basseinimeistrid.ee\/fi\/wp-json\/wp\/v2\/media\/107421"}],"wp:attachment":[{"href":"https:\/\/basseinimeistrid.ee\/fi\/wp-json\/wp\/v2\/media?parent=108176"}],"wp:term":[{"taxonomy":"product_brand","embeddable":true,"href":"https:\/\/basseinimeistrid.ee\/fi\/wp-json\/wp\/v2\/product_brand?post=108176"},{"taxonomy":"product_cat","embeddable":true,"href":"https:\/\/basseinimeistrid.ee\/fi\/wp-json\/wp\/v2\/product_cat?post=108176"},{"taxonomy":"product_tag","embeddable":true,"href":"https:\/\/basseinimeistrid.ee\/fi\/wp-json\/wp\/v2\/product_tag?post=108176"}],"curies":[{"name":"wp","href":"https:\/\/api.w.org\/{rel}","templated":true}]}}