{"id":108177,"date":"2025-02-21T14:31:21","date_gmt":"2025-02-21T12:31:21","guid":{"rendered":"https:\/\/basseinimeistrid.ee\/pood\/Ei-luokiteltu\/suodatinhiekka-hiekkasuodattimeen-25-kg\/"},"modified":"2025-03-16T13:11:06","modified_gmt":"2025-03-16T11:11:06","slug":"suodatinhiekka-hiekkasuodattimeen-25-kg","status":"publish","type":"product","link":"https:\/\/basseinimeistrid.ee\/fi\/pood\/suodatinhiekka-hiekkasuodattimeen-25-kg\/","title":{"rendered":"Suodatinhiekka hiekkasuodattimeen &#8211; 25 kg"},"content":{"rendered":"<p>Neuvoja:<\/p>\n<ul>\n<li>Suodattimia t\u00e4ytett\u00e4ess\u00e4 suositellaan k\u00e4ytett\u00e4v\u00e4ksi eri fraktioista koostuvaa hiekkaa. Karkeampi hiekka tai sora suodattimen pohjassa takaa maksimaalisen veden virtauksen my\u00f6s takaisinhuuhtelun yhteydess\u00e4.<\/li>\n<li>Suosittelemme, ett\u00e4 suodatinhiekka vaihdetaan v\u00e4hint\u00e4\u00e4n kerran kahdessa vuodessa.<\/li>\n<\/ul>\n","protected":false},"excerpt":{"rendered":"<p>Neuvoja: Suodattimia t\u00e4ytett\u00e4ess\u00e4 suositellaan k\u00e4ytett\u00e4v\u00e4ksi eri fraktioista koostuvaa hiekkaa. Karkeampi hiekka tai sora suodattimen pohjassa takaa maksimaalisen veden virtauksen my\u00f6s takaisinhuuhtelun yhteydess\u00e4. Suosittelemme, ett\u00e4 suodatinhiekka vaihdetaan v\u00e4hint\u00e4\u00e4n kerran kahdessa vuodessa.<\/p>\n","protected":false},"featured_media":107413,"template":"","meta":{"_et_pb_use_builder":"","_et_pb_old_content":"","_et_gb_content_width":""},"product_brand":[],"product_cat":[212],"product_tag":[],"class_list":{"0":"post-108177","1":"product","2":"type-product","3":"status-publish","4":"has-post-thumbnail","6":"product_cat-suodatintarvikkeet","7":"product_shipping_class-kuller_alus-fi","9":"first","10":"instock","11":"taxable","12":"shipping-taxable","13":"purchasable","14":"product-type-simple"},"jetpack_sharing_enabled":true,"_links":{"self":[{"href":"https:\/\/basseinimeistrid.ee\/fi\/wp-json\/wp\/v2\/product\/108177","targetHints":{"allow":["GET"]}}],"collection":[{"href":"https:\/\/basseinimeistrid.ee\/fi\/wp-json\/wp\/v2\/product"}],"about":[{"href":"https:\/\/basseinimeistrid.ee\/fi\/wp-json\/wp\/v2\/types\/product"}],"wp:featuredmedia":[{"embeddable":true,"href":"https:\/\/basseinimeistrid.ee\/fi\/wp-json\/wp\/v2\/media\/107413"}],"wp:attachment":[{"href":"https:\/\/basseinimeistrid.ee\/fi\/wp-json\/wp\/v2\/media?parent=108177"}],"wp:term":[{"taxonomy":"product_brand","embeddable":true,"href":"https:\/\/basseinimeistrid.ee\/fi\/wp-json\/wp\/v2\/product_brand?post=108177"},{"taxonomy":"product_cat","embeddable":true,"href":"https:\/\/basseinimeistrid.ee\/fi\/wp-json\/wp\/v2\/product_cat?post=108177"},{"taxonomy":"product_tag","embeddable":true,"href":"https:\/\/basseinimeistrid.ee\/fi\/wp-json\/wp\/v2\/product_tag?post=108177"}],"curies":[{"name":"wp","href":"https:\/\/api.w.org\/{rel}","templated":true}]}}