{"id":108178,"date":"2025-02-21T14:04:24","date_gmt":"2025-02-21T12:04:24","guid":{"rendered":"https:\/\/basseinimeistrid.ee\/pood\/Ei-luokiteltu\/premium-active-clear-glass-suodatinmateriaali-25-kg\/"},"modified":"2025-03-08T22:58:54","modified_gmt":"2025-03-08T20:58:54","slug":"premium-active-clear-glass-suodatinmateriaali-25-kg","status":"publish","type":"product","link":"https:\/\/basseinimeistrid.ee\/fi\/pood\/premium-active-clear-glass-suodatinmateriaali-25-kg\/","title":{"rendered":"Premium Active Clear Glass &#8211; suodatinmateriaali &#8211; 25 kg"},"content":{"rendered":"<p>Astralpool Premium Active Clear Glass on aktivoitu suodatinlasi. Markkinoiden paras aktivoitu lasinen allassuodatinmedia.<\/p>\n<ul>\n<li>Ymp\u00e4rist\u00f6yst\u00e4v\u00e4llinen &#8211; valmistettu kierr\u00e4tyslasista<\/li>\n<li>Tehokkaampi suodatus, koska lasihiukkaset eiv\u00e4t tartu toisiinsa.<\/li>\n<li>Lasin tarttumattomien ominaisuuksien ansiosta vett\u00e4 ja energiaa s\u00e4\u00e4styy takaisinsuihkussa.<\/li>\n<\/ul>\n","protected":false},"excerpt":{"rendered":"<p>Astralpool Premium Active Clear Glass on aktivoitu suodatinlasi. Markkinoiden paras aktivoitu lasinen allassuodatinmedia. Ymp\u00e4rist\u00f6yst\u00e4v\u00e4llinen &#8211; valmistettu kierr\u00e4tyslasista Tehokkaampi suodatus, koska lasihiukkaset eiv\u00e4t tartu toisiinsa. Lasin tarttumattomien ominaisuuksien ansiosta vett\u00e4 ja energiaa s\u00e4\u00e4styy takaisinsuihkussa.<\/p>\n","protected":false},"featured_media":107402,"template":"","meta":{"_et_pb_use_builder":"","_et_pb_old_content":"","_et_gb_content_width":""},"product_brand":[],"product_cat":[212],"product_tag":[],"class_list":{"0":"post-108178","1":"product","2":"type-product","3":"status-publish","4":"has-post-thumbnail","6":"product_cat-suodatintarvikkeet","7":"product_shipping_class-kuller_alus-fi","9":"first","10":"instock","11":"taxable","12":"shipping-taxable","13":"purchasable","14":"product-type-simple"},"jetpack_sharing_enabled":true,"_links":{"self":[{"href":"https:\/\/basseinimeistrid.ee\/fi\/wp-json\/wp\/v2\/product\/108178","targetHints":{"allow":["GET"]}}],"collection":[{"href":"https:\/\/basseinimeistrid.ee\/fi\/wp-json\/wp\/v2\/product"}],"about":[{"href":"https:\/\/basseinimeistrid.ee\/fi\/wp-json\/wp\/v2\/types\/product"}],"wp:featuredmedia":[{"embeddable":true,"href":"https:\/\/basseinimeistrid.ee\/fi\/wp-json\/wp\/v2\/media\/107402"}],"wp:attachment":[{"href":"https:\/\/basseinimeistrid.ee\/fi\/wp-json\/wp\/v2\/media?parent=108178"}],"wp:term":[{"taxonomy":"product_brand","embeddable":true,"href":"https:\/\/basseinimeistrid.ee\/fi\/wp-json\/wp\/v2\/product_brand?post=108178"},{"taxonomy":"product_cat","embeddable":true,"href":"https:\/\/basseinimeistrid.ee\/fi\/wp-json\/wp\/v2\/product_cat?post=108178"},{"taxonomy":"product_tag","embeddable":true,"href":"https:\/\/basseinimeistrid.ee\/fi\/wp-json\/wp\/v2\/product_tag?post=108178"}],"curies":[{"name":"wp","href":"https:\/\/api.w.org\/{rel}","templated":true}]}}