{"id":108181,"date":"2025-02-21T13:47:04","date_gmt":"2025-02-21T11:47:04","guid":{"rendered":"https:\/\/basseinimeistrid.ee\/pood\/Ei-luokiteltu\/eco-glass-suodatinhiekka-25-kg\/"},"modified":"2025-03-08T16:28:08","modified_gmt":"2025-03-08T14:28:08","slug":"eco-glass-suodatinhiekka-25-kg","status":"publish","type":"product","link":"https:\/\/basseinimeistrid.ee\/fi\/pood\/eco-glass-suodatinhiekka-25-kg\/","title":{"rendered":"Eco glass suodatinhiekka &#8211; 25 kg"},"content":{"rendered":"<p>Kierr\u00e4tyslasista valmistettu ymp\u00e4rist\u00f6yst\u00e4v\u00e4llinen suodatinmateriaali. Parempi ja ymp\u00e4rist\u00f6yst\u00e4v\u00e4llisempi vaihtoehto perinteiselle suodatinhiekalle, koska materiaali ei vaadi louhintaa. Kaikki jakeet rummutetaan ter\u00e4vien reunojen v\u00e4ltt\u00e4miseksi. Eco grade -luokan edut tavanomaiseen suodatinhiekkaan verrattuna:   <\/p>\n<ul>\n<li>Tehokkaampi: poistaa 30 % enemm\u00e4n saasteita kuin hiekka, mik\u00e4 s\u00e4\u00e4st\u00e4\u00e4 vett\u00e4, energiaa ja kemikaaleja.<\/li>\n<li>Se ei kulu, mik\u00e4 tarkoittaa, ett\u00e4 se kest\u00e4\u00e4 pidemp\u00e4\u00e4n.<\/li>\n<li>Korkeamman fraktion sis\u00e4lt\u00e4v\u00e4 ekolasi ei tule ulos suodattimesta takaisinhuuhtelusyklin aikana.<\/li>\n<\/ul>\n","protected":false},"excerpt":{"rendered":"<p>Kierr\u00e4tyslasista valmistettu ymp\u00e4rist\u00f6yst\u00e4v\u00e4llinen suodatinmateriaali. Parempi ja ymp\u00e4rist\u00f6yst\u00e4v\u00e4llisempi vaihtoehto perinteiselle suodatinhiekalle, koska materiaali ei vaadi louhintaa. Kaikki jakeet rummutetaan ter\u00e4vien reunojen v\u00e4ltt\u00e4miseksi. Eco grade -luokan edut tavanomaiseen suodatinhiekkaan verrattuna: Tehokkaampi: poistaa 30 % enemm\u00e4n saasteita kuin hiekka, mik\u00e4 s\u00e4\u00e4st\u00e4\u00e4 vett\u00e4, energiaa ja kemikaaleja. Se ei kulu, mik\u00e4 tarkoittaa, ett\u00e4 se kest\u00e4\u00e4 pidemp\u00e4\u00e4n. Korkeamman fraktion sis\u00e4lt\u00e4v\u00e4 ekolasi [&hellip;]<\/p>\n","protected":false},"featured_media":107380,"template":"","meta":{"_et_pb_use_builder":"","_et_pb_old_content":"","_et_gb_content_width":""},"product_brand":[],"product_cat":[212],"product_tag":[],"class_list":{"0":"post-108181","1":"product","2":"type-product","3":"status-publish","4":"has-post-thumbnail","6":"product_cat-suodatintarvikkeet","7":"product_shipping_class-kuller_alus-fi","9":"first","10":"instock","11":"taxable","12":"shipping-taxable","13":"purchasable","14":"product-type-simple"},"jetpack_sharing_enabled":true,"_links":{"self":[{"href":"https:\/\/basseinimeistrid.ee\/fi\/wp-json\/wp\/v2\/product\/108181","targetHints":{"allow":["GET"]}}],"collection":[{"href":"https:\/\/basseinimeistrid.ee\/fi\/wp-json\/wp\/v2\/product"}],"about":[{"href":"https:\/\/basseinimeistrid.ee\/fi\/wp-json\/wp\/v2\/types\/product"}],"wp:featuredmedia":[{"embeddable":true,"href":"https:\/\/basseinimeistrid.ee\/fi\/wp-json\/wp\/v2\/media\/107380"}],"wp:attachment":[{"href":"https:\/\/basseinimeistrid.ee\/fi\/wp-json\/wp\/v2\/media?parent=108181"}],"wp:term":[{"taxonomy":"product_brand","embeddable":true,"href":"https:\/\/basseinimeistrid.ee\/fi\/wp-json\/wp\/v2\/product_brand?post=108181"},{"taxonomy":"product_cat","embeddable":true,"href":"https:\/\/basseinimeistrid.ee\/fi\/wp-json\/wp\/v2\/product_cat?post=108181"},{"taxonomy":"product_tag","embeddable":true,"href":"https:\/\/basseinimeistrid.ee\/fi\/wp-json\/wp\/v2\/product_tag?post=108181"}],"curies":[{"name":"wp","href":"https:\/\/api.w.org\/{rel}","templated":true}]}}