{"id":108183,"date":"2025-02-21T13:34:18","date_gmt":"2025-02-21T11:34:18","guid":{"rendered":"https:\/\/basseinimeistrid.ee\/pood\/Ei-luokiteltu\/suodatushelmet-aquaforte-ultrabead-suodattimille-25kg\/"},"modified":"2025-03-08T16:28:06","modified_gmt":"2025-03-08T14:28:06","slug":"suodatushelmet-aquaforte-ultrabead-suodattimille-25kg","status":"publish","type":"product","link":"https:\/\/basseinimeistrid.ee\/fi\/pood\/suodatushelmet-aquaforte-ultrabead-suodattimille-25kg\/","title":{"rendered":"Suodatushelmet Aquaforte Ultrabead -suodattimille &#8211; 25kg"},"content":{"rendered":"<p>Mekaaninen ultrabead-suodatus: pumpun paine ty\u00f6nt\u00e4\u00e4 veden helmien l\u00e4pi, kun taas likapartikkelit j\u00e4\u00e4v\u00e4t kiinni helmien v\u00e4liin. Helmien paine painaa veden helmien l\u00e4pi, kun taas helmien paine pakottaa helmet veden l\u00e4pi. Ultrabead-suodattimen suurin etu t\u00e4ss\u00e4 on suodattimen puhdistustekniikka. Suodatin puhdistetaan yhteisty\u00f6ss\u00e4 ilmapumpun kanssa. Ilmapumpun avulla suodattimen koko sis\u00e4lt\u00f6 ravistetaan ulos, ja suodattimen pesujakson j\u00e4lkeen suodattimen koko sis\u00e4puoli puhdistuu t\u00e4ydellisesti. Hiekkasuodattimissa on sen sijaan staattinen suodatinmateriaali, ja pesuprosessi huuhtelee yleens\u00e4 vain hiekan pinnalle kertyneet suuremmat likapartikkelit pois. Suodatinhiekan syvempiin kerroksiin juuttuneet hiukkaset pysyv\u00e4t siell\u00e4, kunnes suodatinhiekka vaihdetaan. Ultrabead-suodatinmateriaalia ei tarvitse koskaan poistaa, puhdistaa tai vaihtaa.       <\/p>\n<p>Suodatinhelmet toimitetaan 25 kg:n pusseissa.<\/p>\n","protected":false},"excerpt":{"rendered":"<p>Mekaaninen ultrabead-suodatus: pumpun paine ty\u00f6nt\u00e4\u00e4 veden helmien l\u00e4pi, kun taas likapartikkelit j\u00e4\u00e4v\u00e4t kiinni helmien v\u00e4liin. Helmien paine painaa veden helmien l\u00e4pi, kun taas helmien paine pakottaa helmet veden l\u00e4pi. Ultrabead-suodattimen suurin etu t\u00e4ss\u00e4 on suodattimen puhdistustekniikka. Suodatin puhdistetaan yhteisty\u00f6ss\u00e4 ilmapumpun kanssa. Ilmapumpun avulla suodattimen koko sis\u00e4lt\u00f6 ravistetaan ulos, ja suodattimen pesujakson j\u00e4lkeen suodattimen koko sis\u00e4puoli [&hellip;]<\/p>\n","protected":false},"featured_media":107362,"template":"","meta":{"_et_pb_use_builder":"","_et_pb_old_content":"","_et_gb_content_width":""},"product_brand":[],"product_cat":[212],"product_tag":[],"class_list":{"0":"post-108183","1":"product","2":"type-product","3":"status-publish","4":"has-post-thumbnail","6":"product_cat-suodatintarvikkeet","7":"product_shipping_class-kuller_alus-fi","9":"first","10":"instock","11":"taxable","12":"shipping-taxable","13":"purchasable","14":"product-type-simple"},"jetpack_sharing_enabled":true,"_links":{"self":[{"href":"https:\/\/basseinimeistrid.ee\/fi\/wp-json\/wp\/v2\/product\/108183","targetHints":{"allow":["GET"]}}],"collection":[{"href":"https:\/\/basseinimeistrid.ee\/fi\/wp-json\/wp\/v2\/product"}],"about":[{"href":"https:\/\/basseinimeistrid.ee\/fi\/wp-json\/wp\/v2\/types\/product"}],"wp:featuredmedia":[{"embeddable":true,"href":"https:\/\/basseinimeistrid.ee\/fi\/wp-json\/wp\/v2\/media\/107362"}],"wp:attachment":[{"href":"https:\/\/basseinimeistrid.ee\/fi\/wp-json\/wp\/v2\/media?parent=108183"}],"wp:term":[{"taxonomy":"product_brand","embeddable":true,"href":"https:\/\/basseinimeistrid.ee\/fi\/wp-json\/wp\/v2\/product_brand?post=108183"},{"taxonomy":"product_cat","embeddable":true,"href":"https:\/\/basseinimeistrid.ee\/fi\/wp-json\/wp\/v2\/product_cat?post=108183"},{"taxonomy":"product_tag","embeddable":true,"href":"https:\/\/basseinimeistrid.ee\/fi\/wp-json\/wp\/v2\/product_tag?post=108183"}],"curies":[{"name":"wp","href":"https:\/\/api.w.org\/{rel}","templated":true}]}}