{"id":108184,"date":"2025-02-21T12:36:19","date_gmt":"2025-02-21T10:36:19","guid":{"rendered":"https:\/\/basseinimeistrid.ee\/pood\/Ei-luokiteltu\/helmi-suodatin-aquaforte-ultrabead-ultratronic-taashuuhtelujarjestelma\/"},"modified":"2025-03-08T16:28:05","modified_gmt":"2025-03-08T14:28:05","slug":"helmi-suodatin-aquaforte-ultrabead-ultratronic-taashuuhtelujarjestelma","status":"publish","type":"product","link":"https:\/\/basseinimeistrid.ee\/fi\/pood\/helmi-suodatin-aquaforte-ultrabead-ultratronic-taashuuhtelujarjestelma\/","title":{"rendered":"Helmi-suodatin Aquaforte Ultrabead\u00ae + Ultratronic-taashuuhteluj\u00e4rjestelm\u00e4"},"content":{"rendered":"<h4>Miksi Aquaforte Ultrabead\u00ae ?<\/h4>\n<p>Helppo&#8230;<\/p>\n<p>Ultrabead-helmisuodatin on ilman kilpailua PARAS mahdollinen suodatusratkaisu kaikentyyppisiin ulkoaltaisiin ja muihin uima-vesist\u00f6ihin. Vaikka useimmat uima-allaslaitteiden myyj\u00e4t mainostavat hiekkasuodattimien k\u00e4ytt\u00f6\u00e4 ulkoaltaissa samalla tavalla kuin sis\u00e4altaissa, n\u00e4iden hiekkasuodattimien todelliset huoltotarpeet j\u00e4tet\u00e4\u00e4n usein huomiotta &#8211; esimerkiksi hiekkasuodattimet tukkeutuvat hyvin nopeasti siitep\u00f6lykaudella (toukokuun alusta juhannukseen). Hieman tuulisempina p\u00e4ivin\u00e4, jotka seuraavat aurinkoisia ja tuulettomia kev\u00e4tp\u00e4ivi\u00e4, puhutaan tunneista. Pienemmiss\u00e4, katetuissa altaissa siitep\u00f6ly ei yleens\u00e4 ole suuri ongelma, koska allas peitet\u00e4\u00e4n uudelleen uinnin j\u00e4lkeen, mutta erityisen muotoisissa tai suurissa altaissa peitt\u00e4minen ei usein ole lainkaan mahdollista.   <\/p>\n<div id=\"attachment_100110\" style=\"width: 310px\" class=\"wp-caption aligncenter\"><img loading=\"lazy\" decoding=\"async\" aria-describedby=\"caption-attachment-100110\" class=\"wp-image-100110 size-medium\" src=\"https:\/\/basseinimeistrid.ee\/wp-content\/uploads\/2025\/01\/bassein-300x200.jpg\" alt=\"Silma loma-asunto ulkouima-altaalla Haapsalussa\" width=\"300\" height=\"200\"><p id=\"caption-attachment-100110\" class=\"wp-caption-text\"><a href=\"https:\/\/silmaretreat.com\/\" target=\"_blank\" rel=\"noopener\">Silma Retreatin<\/a> ulkouima-allas Haapsalussa<\/p><\/div>\n<p>&nbsp;<\/p>\n<div id=\"attachment_100364\" style=\"width: 310px\" class=\"wp-caption aligncenter\"><img loading=\"lazy\" decoding=\"async\" aria-describedby=\"caption-attachment-100364\" class=\"wp-image-100364 size-medium\" src=\"https:\/\/basseinimeistrid.ee\/wp-content\/uploads\/2025\/01\/Rebase-bassein-300x200.jpg\" alt=\"Ulkouima-allas Siilin kaupunginosassa Tartossa\" width=\"300\" height=\"200\"><p id=\"caption-attachment-100364\" class=\"wp-caption-text\">Ulkouima-allas Siilin kaupunginosassa Tartossa<\/p><\/div>\n<p>Miten Ultrabead\u00ae toimii?<\/p>\n<p>Helmi\u00e4issuodattimet ovat suljettuja paineastioita, jotka on t\u00e4ytetty miljoonilla kelluvilla muovihelmill\u00e4. Koska n\u00e4m\u00e4 helmet ovat hieman vett\u00e4 kevyempi\u00e4 eiv\u00e4tk\u00e4 lep\u00e4\u00e4 suodatinastian pohjalla, ne takaavat veden vapaamman virtauksen ja siten huomattavasti tehokkaamman mekaanisen suodatuksen. <\/p>\n<ul>\n<li>Mekaaninen ultrabead-suodatus: pumpun paine ty\u00f6nt\u00e4\u00e4 veden helmien l\u00e4pi, kun taas likapartikkelit j\u00e4\u00e4v\u00e4t kiinni helmien v\u00e4liin. Helmien paine painaa veden helmien l\u00e4pi, kun taas helmien paine pakottaa helmet veden l\u00e4pi. Ultrabead-suodattimen suurin etu t\u00e4ss\u00e4 on suodattimen puhdistustekniikka. Suodatin puhdistetaan yhteisty\u00f6ss\u00e4 ilmapumpun kanssa. Ilmapumpun avulla suodattimen koko sis\u00e4lt\u00f6 ravistetaan ulos, ja suodattimen pesujakson j\u00e4lkeen suodattimen koko sis\u00e4puoli puhdistuu t\u00e4ydellisesti. Hiekkasuodattimissa on sen sijaan staattinen suodatinmateriaali, ja pesuprosessi huuhtelee yleens\u00e4 vain hiekan pinnalle kertyneet suuremmat likapartikkelit pois. Suodatinhiekan syvempiin kerroksiin juuttuneet hiukkaset pysyv\u00e4t siell\u00e4, kunnes suodatinhiekka vaihdetaan. Ultrabead-suodatinmateriaalia ei tarvitse koskaan poistaa, puhdistaa tai vaihtaa.       <\/li>\n<\/ul>\n<p>&nbsp;<\/p>\n<ul>\n<li>Ultrabead-biologinen suodatus (biologisissa vesist\u00f6iss\u00e4): muovihelmien pinta-ala on noin 1600 m\u00b2\/m\u00b3 per helmi. Helmien p\u00e4\u00e4ll\u00e4 oleva biokalvokerros tarjoaa n\u00e4in ollen valtavan lis\u00e4pinta-alan bakteereille, jotka voivat asettua ja poistaa typpe\u00e4, nitriitti\u00e4 ja nitraattia. <\/li>\n<\/ul>\n<p>&nbsp;<\/p>\n<h5>Ultratronic automaattinen takaisinsuihkuj\u00e4rjestelm\u00e4<\/h5>\n<p>Perimm\u00e4inen vapaus hallita ulkoallas- ja Ultrabead-suodatusj\u00e4rjestelm\u00e4\u00e4si. Ultratonic III mahdollistaa UltraBead-suodattimien t\u00e4ysin automaattisen takaisinhuuhtelun. Laite ohjaa automaattisesti ilmapumppua ja suodatinpumppua, ja se on helppo ottaa k\u00e4ytt\u00f6\u00f6n ohjauspaneelin valikkopainikkeiden ansiosta. Mahdollisuus suorittaa ylim\u00e4\u00e4r\u00e4inen takaisinhuuhtelu yhdell\u00e4 napin painalluksella. Kuten klassisissa suodatinhanoissa, my\u00f6s moniporttihana-asennoissa on mahdollista k\u00e4ytt\u00e4\u00e4 asentoja &#8221;hukka&#8221; ja &#8221;suljettu&#8221;.    <\/p>\n<p>Takaisinsuihkutoiminnon konfigurointivaihtoehdot:<\/p>\n<ul>\n<li>Pesuohjelman toistaminen &#8211; 3, 5 tai 7 p\u00e4iv\u00e4n v\u00e4lein.<\/li>\n<li>Pesujakson kesto: 2-3 minuuttia<\/li>\n<li>Ilmapumpun k\u00e4yntiaika: 2-3 minuuttia<\/li>\n<li>Suodattimen huuhteluaika: 20-40 sekuntia.<\/li>\n<\/ul>\n<p>Laite on varustettu ModBus-liit\u00e4nn\u00e4ll\u00e4 yhden venttiilitoiminnon ulkoista ohjausta ja valvontaa varten. Sen avulla venttiili voidaan siirt\u00e4\u00e4 tiettyyn asentoon (auki\/suljettu) ja vastaanottaa raportteja vioista ja k\u00e4ytt\u00f6historiasta. Ultratonic III on yhteensopiva Fluidra Connectin kanssa, joka tukee kahta toimintatapaa: yksinkertaista perusohjausta APP:n kautta loppuk\u00e4ytt\u00e4jille ja kehittynytt\u00e4 ohjausta <a href=\"https:\/\/www.fluidraconnect.com\" target=\"_blank\" rel=\"noopener\">www.fluidraconnect.com<\/a> -alustan kautta ammattilaisille.  <\/p>\n<p>HUOM: UltraBead 140 -mallin kapasiteetti automaattisella Ultratonic III -puhdistusj\u00e4rjestelm\u00e4ll\u00e4 on enint\u00e4\u00e4n 25 m\u00b3\/h (UB140 mahdollistaa 30 m\u00b3\/h ilman automaattista j\u00e4rjestelm\u00e4\u00e4), koska automaattinen takaisinkierr\u00e4tysj\u00e4rjestelm\u00e4 k\u00e4ytt\u00e4\u00e4 63 mm:n putkistoa. <\/p>\n<ul>\n<li>T\u00e4ysin itsen\u00e4inen suodatinj\u00e4rjestelm\u00e4<\/li>\n<li>Puhdas vesi (suodatus jopa 10 mikroniin asti!)<\/li>\n<li>Kompakti (&lt; 1m\u00b2)<\/li>\n<li>Alhainen energiankulutus (moniporttisen ohituskaivon ja taajuusmuuttajapumppujen ansiosta).<\/li>\n<li>Laadukkain suodatinmateriaali<\/li>\n<\/ul>\n<p>Tekniset tiedot:<\/p>\n<ul>\n<li>Suodattimet toimitetaan m\u00e4\u00e4ritellyll\u00e4 suodatinmateriaalilla (muovihelmill\u00e4).<\/li>\n<li>UltraBead-suodattimet on valmistettu murtumattomasta kestomuovista luotettavalla ruiskuvaluprosessilla.<\/li>\n<li>Suurin suodatinkapasiteetti Ultratronic-j\u00e4rjestelm\u00e4n kanssa: UB-60 &#8211; 18 m\u00b3\/h, UB-100 &#8211; 24 m\u00b3\/h, UB-140 &#8211; 25 m\u00b3\/h (30 m\u00b3\/h ilman Ultratronicia).<\/li>\n<li>Suositeltu pumppukapasiteetti: pumpun on pystytt\u00e4v\u00e4 pumppaamaan puolet altaan todellisesta vesim\u00e4\u00e4r\u00e4st\u00e4 suodattimen l\u00e4pi 1 tunnissa 2-3 metrin (0,2-0,3 bar) vedenkorkeudella.<\/li>\n<li>Suurin k\u00e4ytt\u00f6paine 2,5 bar.<\/li>\n<\/ul>\n<p>Suositellut vesim\u00e4\u00e4r\u00e4t Ultrabead-suodatinta kohti:<\/p>\n<ul>\n<li>UB-60 jopa 80m\u00b3<\/li>\n<li>UB-100 jopa 120m\u00b3<\/li>\n<li>UB-140 jopa 200m\u00b3<\/li>\n<\/ul>\n<p>Kalojen asuttamissa vesist\u00f6iss\u00e4 on harkittava 2x pienempi\u00e4 vesist\u00f6tilavuuksia.<\/p>\n","protected":false},"excerpt":{"rendered":"<p>Miksi Aquaforte Ultrabead\u00ae ? Helppo&#8230; Ultrabead-helmisuodatin on ilman kilpailua PARAS mahdollinen suodatusratkaisu kaikentyyppisiin ulkoaltaisiin ja muihin uima-vesist\u00f6ihin. Vaikka useimmat uima-allaslaitteiden myyj\u00e4t mainostavat hiekkasuodattimien k\u00e4ytt\u00f6\u00e4 ulkoaltaissa samalla tavalla kuin sis\u00e4altaissa, n\u00e4iden hiekkasuodattimien todelliset huoltotarpeet j\u00e4tet\u00e4\u00e4n usein huomiotta &#8211; esimerkiksi hiekkasuodattimet tukkeutuvat hyvin nopeasti siitep\u00f6lykaudella (toukokuun alusta juhannukseen). Hieman tuulisempina p\u00e4ivin\u00e4, jotka seuraavat aurinkoisia ja tuulettomia kev\u00e4tp\u00e4ivi\u00e4, [&hellip;]<\/p>\n","protected":false},"featured_media":107305,"template":"","meta":{"_et_pb_use_builder":"","_et_pb_old_content":"","_et_gb_content_width":""},"product_brand":[],"product_cat":[112],"product_tag":[],"class_list":{"0":"post-108184","1":"product","2":"type-product","3":"status-publish","4":"has-post-thumbnail","6":"product_cat-altaan-suodattimet","7":"product_shipping_class-kuller_alus-fi","9":"first","10":"instock","11":"taxable","12":"shipping-taxable","13":"purchasable","14":"product-type-simple"},"jetpack_sharing_enabled":true,"_links":{"self":[{"href":"https:\/\/basseinimeistrid.ee\/fi\/wp-json\/wp\/v2\/product\/108184","targetHints":{"allow":["GET"]}}],"collection":[{"href":"https:\/\/basseinimeistrid.ee\/fi\/wp-json\/wp\/v2\/product"}],"about":[{"href":"https:\/\/basseinimeistrid.ee\/fi\/wp-json\/wp\/v2\/types\/product"}],"wp:featuredmedia":[{"embeddable":true,"href":"https:\/\/basseinimeistrid.ee\/fi\/wp-json\/wp\/v2\/media\/107305"}],"wp:attachment":[{"href":"https:\/\/basseinimeistrid.ee\/fi\/wp-json\/wp\/v2\/media?parent=108184"}],"wp:term":[{"taxonomy":"product_brand","embeddable":true,"href":"https:\/\/basseinimeistrid.ee\/fi\/wp-json\/wp\/v2\/product_brand?post=108184"},{"taxonomy":"product_cat","embeddable":true,"href":"https:\/\/basseinimeistrid.ee\/fi\/wp-json\/wp\/v2\/product_cat?post=108184"},{"taxonomy":"product_tag","embeddable":true,"href":"https:\/\/basseinimeistrid.ee\/fi\/wp-json\/wp\/v2\/product_tag?post=108184"}],"curies":[{"name":"wp","href":"https:\/\/api.w.org\/{rel}","templated":true}]}}