{"id":108187,"date":"2025-02-21T09:23:11","date_gmt":"2025-02-21T07:23:11","guid":{"rendered":"https:\/\/basseinimeistrid.ee\/pood\/Ei-luokiteltu\/aquaforte-ultrabead-helmisuodatin\/"},"modified":"2025-03-09T00:36:42","modified_gmt":"2025-03-08T22:36:42","slug":"aquaforte-ultrabead-helmisuodatin","status":"publish","type":"product","link":"https:\/\/basseinimeistrid.ee\/fi\/pood\/aquaforte-ultrabead-helmisuodatin\/","title":{"rendered":"Aquaforte Ultrabead\u00ae -helmisuodatin"},"content":{"rendered":"<h5>Miksi Aquaforte Ultrabead\u00ae ?<\/h5>\n<p>Helppo&#8230;<\/p>\n<p>Ultrabead-helmisuodatin on ilman kilpailua PARAS mahdollinen suodatusratkaisu kaikentyyppisiin ulkoaltaisiin ja muihin uima-altaisiin. Vaikka useimmat uima-allaslaitteiden myyj\u00e4t mainostavat hiekkasuodattimien k\u00e4ytt\u00f6\u00e4 ulkoaltaissa samalla tavalla kuin sis\u00e4altaissa, n\u00e4iden hiekkasuodattimien todelliset huoltotarpeet j\u00e4tet\u00e4\u00e4n usein huomiotta &#8211; esimerkiksi hiekkasuodattimet tukkeutuvat hyvin nopeasti siitep\u00f6lykaudella (toukokuun alusta juhannukseen). Hieman tuulisempina p\u00e4ivin\u00e4, jotka seuraavat aurinkoisia ja tuulettomia kev\u00e4tp\u00e4ivi\u00e4, puhutaan tunneista. Pienemmiss\u00e4, katetuissa altaissa siitep\u00f6ly ei yleens\u00e4 ole suuri ongelma, koska allas peitet\u00e4\u00e4n uudelleen uinnin j\u00e4lkeen, mutta erityisen muotoisissa tai suurissa altaissa peitt\u00e4minen ei useinkaan ole lainkaan mahdollista.<\/p>\n<div id=\"attachment_100110\" style=\"width: 310px\" class=\"wp-caption aligncenter center\"><img loading=\"lazy\" decoding=\"async\" aria-describedby=\"caption-attachment-100110\" class=\"wp-image-100110 size-medium\" src=\"https:\/\/basseinimeistrid.ee\/wp-content\/uploads\/2025\/01\/bassein-300x200.jpg\" alt=\"Silma loma-asunto ulkouima-altaalla Haapsalussa\" width=\"300\" height=\"200\" \/><p id=\"caption-attachment-100110\" class=\"wp-caption-text\"><a href=\"https:\/\/silmaretreat.com\/\" target=\"_blank\" rel=\"noopener\">Silma Retreatin<\/a> ulkouima-allas Haapsalussa<\/p><\/div>\n<p>&nbsp;<\/p>\n<div id=\"attachment_100364\" style=\"width: 310px\" class=\"wp-caption aligncenter\"><img loading=\"lazy\" decoding=\"async\" aria-describedby=\"caption-attachment-100364\" class=\"wp-image-100364 size-medium\" src=\"https:\/\/basseinimeistrid.ee\/wp-content\/uploads\/2025\/01\/Rebase-bassein-300x200.jpg\" alt=\"Ulkouima-allas Siilin kaupunginosassa Tartossa\" width=\"300\" height=\"200\" \/><p id=\"caption-attachment-100364\" class=\"wp-caption-text\">Ulkouima-allas Siilin kaupunginosassa Tartossa<\/p><\/div>\n<p>Miten Ultrabead\u00ae toimii?<\/p>\n<p>Helmi\u00e4issuodattimet ovat suljettuja paineastioita, jotka on t\u00e4ytetty miljoonilla kelluvilla muovihelmill\u00e4. Koska n\u00e4m\u00e4 helmet ovat hieman vett\u00e4 kevyempi\u00e4 eiv\u00e4tk\u00e4 lep\u00e4\u00e4 suodatinastian pohjalla, ne takaavat veden vapaamman virtauksen ja siten huomattavasti tehokkaamman mekaanisen suodatuksen.<\/p>\n<ul>\n<li>Mekaaninen ultrabead-suodatus: pumpun paine ty\u00f6nt\u00e4\u00e4 veden helmien l\u00e4pi, kun taas likapartikkelit j\u00e4\u00e4v\u00e4t kiinni helmien v\u00e4liin. Helmien paine painaa veden helmien l\u00e4pi, kun taas helmien paine pakottaa helmet veden l\u00e4pi. Ultrabead-suodattimen suurin etu t\u00e4ss\u00e4 on suodattimen puhdistustekniikka. Suodatin puhdistetaan yhteisty\u00f6ss\u00e4 ilmapumpun kanssa. Ilmapumpun avulla suodattimen koko sis\u00e4lt\u00f6 ravistetaan ulos, ja suodattimen pesujakson j\u00e4lkeen suodattimen koko sis\u00e4puoli puhdistuu t\u00e4ydellisesti. Hiekkasuodattimissa on sen sijaan staattinen suodatinmateriaali, ja pesuprosessi huuhtelee yleens\u00e4 vain hiekan pinnalle kertyneet suuremmat likapartikkelit pois. Suodatinhiekan syvempiin kerroksiin juuttuneet hiukkaset pysyv\u00e4t siell\u00e4, kunnes suodatinhiekka vaihdetaan. Ultrabead-suodatinmateriaalia ei tarvitse koskaan poistaa, puhdistaa tai vaihtaa.<\/li>\n<\/ul>\n<p>&nbsp;<\/p>\n<ul>\n<li>Ultrabead-biologinen suodatus (biologisissa vesist\u00f6iss\u00e4): muovihelmien pinta-ala on noin 1600 m\u00b2\/m\u00b3 per helmi. Helmien p\u00e4\u00e4ll\u00e4 oleva biokalvokerros tarjoaa n\u00e4in ollen valtavan lis\u00e4pinta-alan bakteereille, jotka voivat asettua ja poistaa typpe\u00e4, nitriitti\u00e4 ja nitraattia.<\/li>\n<\/ul>\n<p>&nbsp;<\/p>\n<p>Miten ja kuinka usein minun on huollettava helmisuodattimeni?<\/p>\n<p>Takaisinhuuhtelu eli puhdistus tapahtuu samalla tavalla kuin hiekkasuodattimien kohdalla &#8211; k\u00e4\u00e4nn\u00e4 hana sopivaan asentoon, ja muutaman minuutin kuluttua tilanne palautuu normaaliksi. Sill\u00e4 v\u00e4lin muutama liike moniporttihanaa ja ilmapumpun kytkeminen p\u00e4\u00e4lle\/pois. Samalla l\u00e4pin\u00e4kyv\u00e4n pesuveden seurantaikkunan avulla voit seurata suodattimen pesun edistymist\u00e4 ja lopettaa suodattimen puhdistuksen juuri oikealla hetkell\u00e4 (jos pesuvesi on n\u00e4kyv\u00e4sti puhdasta). S\u00e4\u00e4st\u00e4\u00e4 valtavasti vett\u00e4, koska takaisinpesuun ei tarvitse k\u00e4ytt\u00e4\u00e4 liikaa vett\u00e4. Juuri niin paljon kuin tarvitset. Jos j\u00e4rjestelm\u00e4 on suunniteltu optimaalisesti, puhdistusjakso on yleens\u00e4 teht\u00e4v\u00e4 kerran kuukaudessa. Huoltov\u00e4li riippuu tietenkin my\u00f6s siit\u00e4, kuinka paljon allasta k\u00e4ytet\u00e4\u00e4n. Esimerkiksi kev\u00e4\u00e4n siitep\u00f6lykauden aikana suodatin on ehk\u00e4 puhdistettava hieman useammin, jos allas sijaitsee l\u00e4hell\u00e4 m\u00e4ntyj\u00e4 tai muita puita, joiden siitep\u00f6lypitoisuus on korkea jne. Puhdistustiheys vaihtelee vuodenajan mukaan.<\/p>\n<ul>\n<li>Puhdas vesi (suodatus jopa 10 mikroniin asti ! )<\/li>\n<li>Kompakti (&lt; 1m\u00b2)<\/li>\n<li>Alhaisempi energiankulutus (moniporttisen hanan ohituksen ansiosta)<\/li>\n<li>Laadukkain suodatinmateriaali<\/li>\n<li>Mahdollisuus lis\u00e4t\u00e4 automaattinen takaisinsuihku<\/li>\n<li>Luotettava ratkaisu ulkouima-altaisiin, joka toimii monessa paikassa Virossa!<\/li>\n<\/ul>\n<p>Tekniset tiedot:<\/p>\n<ul>\n<li>Suodattimet toimitetaan m\u00e4\u00e4ritellyll\u00e4 suodatinmateriaalilla (muovihelmill\u00e4).<\/li>\n<li>Kaikissa malleissa on vakiovarusteena ilmapumppuventtiilirakenne ja vakiovarusteena moniporttinen hanan ohitus, joka v\u00e4hent\u00e4\u00e4 hanan rakenteen aiheuttamaa tukkeutumista p\u00e4ivitt\u00e4isen suodatusprosessin aikana.<\/li>\n<li>UltraBead-suodattimet on valmistettu murtumattomasta kestomuovista luotettavalla ruiskuvaluprosessilla.<\/li>\n<li>UB60- ja UB100-malleissa on 63 mm:n putkisto optimaalista veden virtausta varten.<\/li>\n<li>UB140-mallissa on \u00d875 mm:n putkisto, joka tarjoaa viel\u00e4 pienemm\u00e4n nestevirtausvastuksen.<\/li>\n<li>Suositeltu pumppukapasiteetti: pumpun pit\u00e4isi pysty\u00e4 pumppaamaan suodattimen l\u00e4pi noin puolet altaan vesim\u00e4\u00e4r\u00e4st\u00e4 1 tunnissa 2-3 metrin (0,2-0,3 bar) vedenkorkeudella.<\/li>\n<li>Suodattimen maksimikapasiteetti: UB-60 &#8211; 18 m\u00b3\/h, UB-100 &#8211; 24 m\u00b3\/h, UB-140 &#8211; 30 m\u00b3\/h (25 m\u00b3\/h automaattisella Ultratronic-taashuuhtelulla).<\/li>\n<li>Suurin k\u00e4ytt\u00f6paine 2,5 bar.<\/li>\n<\/ul>\n<p>Suositellut vesim\u00e4\u00e4r\u00e4t Ultrabead-suodatinta kohti:<\/p>\n<ul>\n<li>UB-60 jopa 80m\u00b3<\/li>\n<li>UB-100 jopa 120m\u00b3<\/li>\n<li>UB-140 jopa 200m\u00b3<\/li>\n<\/ul>\n<p>Kalojen asuttamissa vesist\u00f6iss\u00e4 on harkittava 2x pienempi\u00e4 vesist\u00f6tilavuuksia.<\/p>\n","protected":false},"excerpt":{"rendered":"<p>Miksi Aquaforte Ultrabead\u00ae ? Helppo&#8230; Ultrabead-helmisuodatin on ilman kilpailua PARAS mahdollinen suodatusratkaisu kaikentyyppisiin ulkoaltaisiin ja muihin uima-altaisiin. Vaikka useimmat uima-allaslaitteiden myyj\u00e4t mainostavat hiekkasuodattimien k\u00e4ytt\u00f6\u00e4 ulkoaltaissa samalla tavalla kuin sis\u00e4altaissa, n\u00e4iden hiekkasuodattimien todelliset huoltotarpeet j\u00e4tet\u00e4\u00e4n usein huomiotta &#8211; esimerkiksi hiekkasuodattimet tukkeutuvat hyvin nopeasti siitep\u00f6lykaudella (toukokuun alusta juhannukseen). Hieman tuulisempina p\u00e4ivin\u00e4, jotka seuraavat aurinkoisia ja tuulettomia kev\u00e4tp\u00e4ivi\u00e4, [&hellip;]<\/p>\n","protected":false},"featured_media":107309,"template":"","meta":{"_et_pb_use_builder":"","_et_pb_old_content":"","_et_gb_content_width":""},"product_brand":[],"product_cat":[112],"product_tag":[],"class_list":{"0":"post-108187","1":"product","2":"type-product","3":"status-publish","4":"has-post-thumbnail","6":"product_cat-altaan-suodattimet","7":"product_shipping_class-kuller_alus-fi","9":"first","10":"instock","11":"taxable","12":"shipping-taxable","13":"purchasable","14":"product-type-simple"},"jetpack_sharing_enabled":true,"_links":{"self":[{"href":"https:\/\/basseinimeistrid.ee\/fi\/wp-json\/wp\/v2\/product\/108187","targetHints":{"allow":["GET"]}}],"collection":[{"href":"https:\/\/basseinimeistrid.ee\/fi\/wp-json\/wp\/v2\/product"}],"about":[{"href":"https:\/\/basseinimeistrid.ee\/fi\/wp-json\/wp\/v2\/types\/product"}],"wp:featuredmedia":[{"embeddable":true,"href":"https:\/\/basseinimeistrid.ee\/fi\/wp-json\/wp\/v2\/media\/107309"}],"wp:attachment":[{"href":"https:\/\/basseinimeistrid.ee\/fi\/wp-json\/wp\/v2\/media?parent=108187"}],"wp:term":[{"taxonomy":"product_brand","embeddable":true,"href":"https:\/\/basseinimeistrid.ee\/fi\/wp-json\/wp\/v2\/product_brand?post=108187"},{"taxonomy":"product_cat","embeddable":true,"href":"https:\/\/basseinimeistrid.ee\/fi\/wp-json\/wp\/v2\/product_cat?post=108187"},{"taxonomy":"product_tag","embeddable":true,"href":"https:\/\/basseinimeistrid.ee\/fi\/wp-json\/wp\/v2\/product_tag?post=108187"}],"curies":[{"name":"wp","href":"https:\/\/api.w.org\/{rel}","templated":true}]}}