{"id":108190,"date":"2025-02-20T16:09:49","date_gmt":"2025-02-20T14:09:49","guid":{"rendered":"https:\/\/basseinimeistrid.ee\/pood\/Ei-luokiteltu\/microbe-lift-flocculant-plus-1l\/"},"modified":"2025-03-15T00:13:53","modified_gmt":"2025-03-14T22:13:53","slug":"microbe-lift-flocculant-plus-1l","status":"publish","type":"product","link":"https:\/\/basseinimeistrid.ee\/fi\/pood\/microbe-lift-flocculant-plus-1l\/","title":{"rendered":"Microbe-Lift Flocculant Plus &#8211; 1L"},"content":{"rendered":"<p>Microbe-Lift\/Flocculant Plus, patentoitu koostumus, jota k\u00e4ytet\u00e4\u00e4n sitomaan biologisten uima-altaiden ja kylpyl\u00f6iden veteen suspendoituneita pieni\u00e4 hiukkasia. K\u00e4yt\u00f6n j\u00e4lkeen sidotut\/l\u00f6ys\u00e4t hiukkaset laskeutuvat pohjalle ja kulkeutuvat helpommin suodatusj\u00e4rjestelm\u00e4\u00e4n (olettaen, ett\u00e4 vesist\u00f6ss\u00e4 on pohjakaivoja). <\/p>\n<ul>\n<li>Puhdistaa samean veden<\/li>\n<li>turvallinen vesieli\u00f6ille ja kasveille<\/li>\n<li>sitoo leijuvia mikroskooppisia hiukkasia.<\/li>\n<li>parantaa suodatusta<\/li>\n<\/ul>\n<p>&nbsp;<\/p>\n<p>K\u00e4ytt\u00f6: lis\u00e4\u00e4 30 ml 3750 litraan vett\u00e4. Varmista, ett\u00e4 vesi on asianmukaisesti ilmastettu ja suodatettu parhaan mahdollisen tuloksen saavuttamiseksi. Hiukkaset kannattaa edelleen suodattaa pois sen sijaan, ett\u00e4 niiden annetaan laskeutua vesist\u00f6n pohjalle. Ensimm\u00e4isell\u00e4 k\u00e4ytt\u00f6kerralla vesi voi muuttua hieman maitomaiseksi (riippuen hiukkasten pitoisuudesta), mutta t\u00e4m\u00e4 kirkastuu 12-24 tunnin kuluessa. Turvallinen kaikille vesieli\u00f6ille.    <\/p>\n","protected":false},"excerpt":{"rendered":"<p>Microbe-Lift\/Flocculant Plus, patentoitu koostumus, jota k\u00e4ytet\u00e4\u00e4n sitomaan biologisten uima-altaiden ja kylpyl\u00f6iden veteen suspendoituneita pieni\u00e4 hiukkasia. K\u00e4yt\u00f6n j\u00e4lkeen sidotut\/l\u00f6ys\u00e4t hiukkaset laskeutuvat pohjalle ja kulkeutuvat helpommin suodatusj\u00e4rjestelm\u00e4\u00e4n (olettaen, ett\u00e4 vesist\u00f6ss\u00e4 on pohjakaivoja). Puhdistaa samean veden turvallinen vesieli\u00f6ille ja kasveille sitoo leijuvia mikroskooppisia hiukkasia. parantaa suodatusta &nbsp; K\u00e4ytt\u00f6: lis\u00e4\u00e4 30 ml 3750 litraan vett\u00e4. Varmista, ett\u00e4 vesi on [&hellip;]<\/p>\n","protected":false},"featured_media":107189,"template":"","meta":{"_et_pb_use_builder":"","_et_pb_old_content":"","_et_gb_content_width":""},"product_brand":[],"product_cat":[243],"product_tag":[],"class_list":{"0":"post-108190","1":"product","2":"type-product","3":"status-publish","4":"has-post-thumbnail","6":"product_cat-veden-huolto-biologisille-altaalle-ja-lammikkoille","7":"product_shipping_class-pakiautomaat-fi","9":"first","10":"instock","11":"taxable","12":"shipping-taxable","13":"purchasable","14":"product-type-simple"},"jetpack_sharing_enabled":true,"_links":{"self":[{"href":"https:\/\/basseinimeistrid.ee\/fi\/wp-json\/wp\/v2\/product\/108190","targetHints":{"allow":["GET"]}}],"collection":[{"href":"https:\/\/basseinimeistrid.ee\/fi\/wp-json\/wp\/v2\/product"}],"about":[{"href":"https:\/\/basseinimeistrid.ee\/fi\/wp-json\/wp\/v2\/types\/product"}],"wp:featuredmedia":[{"embeddable":true,"href":"https:\/\/basseinimeistrid.ee\/fi\/wp-json\/wp\/v2\/media\/107189"}],"wp:attachment":[{"href":"https:\/\/basseinimeistrid.ee\/fi\/wp-json\/wp\/v2\/media?parent=108190"}],"wp:term":[{"taxonomy":"product_brand","embeddable":true,"href":"https:\/\/basseinimeistrid.ee\/fi\/wp-json\/wp\/v2\/product_brand?post=108190"},{"taxonomy":"product_cat","embeddable":true,"href":"https:\/\/basseinimeistrid.ee\/fi\/wp-json\/wp\/v2\/product_cat?post=108190"},{"taxonomy":"product_tag","embeddable":true,"href":"https:\/\/basseinimeistrid.ee\/fi\/wp-json\/wp\/v2\/product_tag?post=108190"}],"curies":[{"name":"wp","href":"https:\/\/api.w.org\/{rel}","templated":true}]}}