{"id":108191,"date":"2025-02-20T16:00:13","date_gmt":"2025-02-20T14:00:13","guid":{"rendered":"https:\/\/basseinimeistrid.ee\/pood\/Ei-luokiteltu\/microbe-lift-fosfaatinpoistoaine-4l\/"},"modified":"2025-03-15T00:13:52","modified_gmt":"2025-03-14T22:13:52","slug":"microbe-lift-fosfaatinpoistoaine-4l","status":"publish","type":"product","link":"https:\/\/basseinimeistrid.ee\/fi\/pood\/microbe-lift-fosfaatinpoistoaine-4l\/","title":{"rendered":"Microbe-Lift fosfaatinpoistoaine &#8211; 4L"},"content":{"rendered":"<p>Tehokkain v\u00e4line fosfaattien poistamiseen makeasta vedest\u00e4. K\u00e4yt\u00e4 Microbe-Lift\/Phosphate Removeria, kun perustat uuden biologisen uimalammen ja biologisen altaan. T\u00e4m\u00e4 tuote takaa alhaiset fosfaattipitoisuudet. Fosfaatinpoistajan s\u00e4\u00e4nn\u00f6llinen k\u00e4ytt\u00f6 on tarpeen, jotta fosfaatti saadaan poistettua vesist\u00f6st\u00e4 onnistuneesti. N\u00e4in on uusissa tai olemassa olevissa &#8221;kypsiss\u00e4&#8221; biologisissa uima-altaissa. MICROBE-LIFT PHOSPHATE REMOVER on polymeeriseos, jolla on erinomaiset ominaisuudet, kuten kyky sitoa suuria m\u00e4\u00e4ri\u00e4 fosfaattia vaikuttamatta muuten veden laatuun tai ominaisuuksiin. Fosfaattia muodostuu orgaanisen aineksen, kuolleen kasviaineksen ja eritteiden hajoamisesta. Kohonneet fosfaattipitoisuudet voivat johtaa vedenlaatuongelmiin ja hallitsemattomiin lev\u00e4kukintoihin. Fosfaattiongelmien ratkaisemiseksi suositellaan, ett\u00e4 makean veden fosfaattipitoisuudet pidet\u00e4\u00e4n alle 0,3 mg\/l.        <\/p>\n<ul>\n<li>Poistaa fosfaatin turvallisesti biologisen uimaveden vedest\u00e4.<\/li>\n<li>Ei haittaa vesist\u00f6n asukkaille tai kasveille<\/li>\n<\/ul>\n<p>K\u00e4ytt\u00f6: K\u00e4yt\u00e4 30 ml Phosphate Removeria 400 litraan vett\u00e4. 400 ml Phosphate Remover 400 Remover 400 ml fosfaatinpoistoaineella voidaan poistaa 1-1,5 mg\/l fosfaattia litraa kohden. Annokset voidaan toistaa, jos fosfaattipitoisuus on edelleen liian korkea. Jos fosfaattipitoisuudet ovat eritt\u00e4in korkeat, useita per\u00e4kk\u00e4isi\u00e4 k\u00e4sittelyj\u00e4 voi olla tarpeen. 1 litra sopii jopa 12000 litraan vett\u00e4 yhten\u00e4 k\u00e4sittelyn\u00e4.    <\/p>\n","protected":false},"excerpt":{"rendered":"<p>Tehokkain v\u00e4line fosfaattien poistamiseen makeasta vedest\u00e4. K\u00e4yt\u00e4 Microbe-Lift\/Phosphate Removeria, kun perustat uuden biologisen uimalammen ja biologisen altaan. T\u00e4m\u00e4 tuote takaa alhaiset fosfaattipitoisuudet. Fosfaatinpoistajan s\u00e4\u00e4nn\u00f6llinen k\u00e4ytt\u00f6 on tarpeen, jotta fosfaatti saadaan poistettua vesist\u00f6st\u00e4 onnistuneesti. N\u00e4in on uusissa tai olemassa olevissa &#8221;kypsiss\u00e4&#8221; biologisissa uima-altaissa. MICROBE-LIFT PHOSPHATE REMOVER on polymeeriseos, jolla on erinomaiset ominaisuudet, kuten kyky sitoa suuria [&hellip;]<\/p>\n","protected":false},"featured_media":107179,"template":"","meta":{"_et_pb_use_builder":"","_et_pb_old_content":"","_et_gb_content_width":""},"product_brand":[],"product_cat":[243],"product_tag":[],"class_list":{"0":"post-108191","1":"product","2":"type-product","3":"status-publish","4":"has-post-thumbnail","6":"product_cat-veden-huolto-biologisille-altaalle-ja-lammikkoille","7":"product_shipping_class-pakiautomaat-fi","9":"first","10":"instock","11":"taxable","12":"shipping-taxable","13":"purchasable","14":"product-type-simple"},"jetpack_sharing_enabled":true,"_links":{"self":[{"href":"https:\/\/basseinimeistrid.ee\/fi\/wp-json\/wp\/v2\/product\/108191","targetHints":{"allow":["GET"]}}],"collection":[{"href":"https:\/\/basseinimeistrid.ee\/fi\/wp-json\/wp\/v2\/product"}],"about":[{"href":"https:\/\/basseinimeistrid.ee\/fi\/wp-json\/wp\/v2\/types\/product"}],"wp:featuredmedia":[{"embeddable":true,"href":"https:\/\/basseinimeistrid.ee\/fi\/wp-json\/wp\/v2\/media\/107179"}],"wp:attachment":[{"href":"https:\/\/basseinimeistrid.ee\/fi\/wp-json\/wp\/v2\/media?parent=108191"}],"wp:term":[{"taxonomy":"product_brand","embeddable":true,"href":"https:\/\/basseinimeistrid.ee\/fi\/wp-json\/wp\/v2\/product_brand?post=108191"},{"taxonomy":"product_cat","embeddable":true,"href":"https:\/\/basseinimeistrid.ee\/fi\/wp-json\/wp\/v2\/product_cat?post=108191"},{"taxonomy":"product_tag","embeddable":true,"href":"https:\/\/basseinimeistrid.ee\/fi\/wp-json\/wp\/v2\/product_tag?post=108191"}],"curies":[{"name":"wp","href":"https:\/\/api.w.org\/{rel}","templated":true}]}}