{"id":108253,"date":"2025-02-20T15:53:21","date_gmt":"2025-02-20T13:53:21","guid":{"rendered":"https:\/\/basseinimeistrid.ee\/pood\/Ei-luokiteltu\/microbe-lift-autumn-winter-prep\/"},"modified":"2025-03-16T10:31:42","modified_gmt":"2025-03-16T08:31:42","slug":"microbe-lift-autumn-winter-prep","status":"publish","type":"product","link":"https:\/\/basseinimeistrid.ee\/fi\/pood\/microbe-lift-autumn-winter-prep\/","title":{"rendered":"Microbe-Lift Autumn Winter prep. 4L"},"content":{"rendered":"<p>Erityisesti biologisten uima-lammikoille ja biologisilla k\u00e4sittelyj\u00e4rjestelmill\u00e4 varustettujen altaiden talvehtimiseen suunniteltu valmiste. Microbe-Lift \/ AWP auttaa nopeuttamaan lehtien, sedimentin ja muun orgaanisen aineksen hajoamista syksyll\u00e4 ja talvella. Microbe-Lift \/ AWP auttaa my\u00f6s pit\u00e4m\u00e4\u00e4n altaan puhtaampana kev\u00e4\u00e4ll\u00e4. Microbe-Lift \/ AWP on kaksiosainen j\u00e4rjestelm\u00e4, joka koostuu nestem\u00e4isist\u00e4-bakteereista ja my\u00f6s vesiliukoisista paketeista, jotka sis\u00e4lt\u00e4v\u00e4t sellulaasientsyymien, sellulaasia tuottavien bakteerien ja kylm\u00e4vesibakteerien seoksen. Sellulaasientsyymit yhdess\u00e4 selluloosaa tuottavien bakteerien kanssa ovat avainasemassa lehtien, orgaanisen lietteen ja lietteen hajoamisen nopeuttamisessa koko talven ajan.    <\/p>\n<ul>\n<li>Pysyv\u00e4 biologinen aktiivisuus s\u00e4ilyy my\u00f6s viile\u00e4ss\u00e4 veden l\u00e4mp\u00f6tilassa.<\/li>\n<li>Sis\u00e4lt\u00e4\u00e4 psykrofiilisi\u00e4 kantoja (kylm\u00e4\u00e4n veteen sopeutuneita bakteereja).<\/li>\n<li>Jos n\u00e4m\u00e4 bakteerit j\u00e4\u00e4dytet\u00e4\u00e4n veteen joksikin aikaa, ne jatkavat tehokasta toimintaansa my\u00f6s sulattamisen j\u00e4lkeen.<\/li>\n<li>Tehokas my\u00f6s pimeiss\u00e4 olosuhteissa (j\u00e4\u00e4 ja lumi).<\/li>\n<li>Antaa vesist\u00f6lle ja paikallisille bakteereille vahvan etumatkan kev\u00e4tt\u00e4 varten, jotta ne voivat heti k\u00e4sitell\u00e4 uusia kausittaisia ep\u00e4puhtauksia sen sijaan, ett\u00e4 ne joutuisivat k\u00e4sittelem\u00e4\u00e4n viime kauden j\u00e4\u00e4mien poistamista.<\/li>\n<li>V\u00e4hent\u00e4\u00e4 puiden lehtien ja muun orgaanisen materiaalin m\u00e4\u00e4r\u00e4\u00e4 koko talven ajan.<\/li>\n<\/ul>\n","protected":false},"excerpt":{"rendered":"<p>Erityisesti biologisten uima-lammikoille ja biologisilla k\u00e4sittelyj\u00e4rjestelmill\u00e4 varustettujen altaiden talvehtimiseen suunniteltu valmiste. Microbe-Lift \/ AWP auttaa nopeuttamaan lehtien, sedimentin ja muun orgaanisen aineksen hajoamista syksyll\u00e4 ja talvella. Microbe-Lift \/ AWP auttaa my\u00f6s pit\u00e4m\u00e4\u00e4n altaan puhtaampana kev\u00e4\u00e4ll\u00e4. Microbe-Lift \/ AWP on kaksiosainen j\u00e4rjestelm\u00e4, joka koostuu nestem\u00e4isist\u00e4-bakteereista ja my\u00f6s vesiliukoisista paketeista, jotka sis\u00e4lt\u00e4v\u00e4t sellulaasientsyymien, sellulaasia tuottavien bakteerien ja [&hellip;]<\/p>\n","protected":false},"featured_media":107170,"template":"","meta":{"_et_pb_use_builder":"","_et_pb_old_content":"","_et_gb_content_width":""},"product_brand":[],"product_cat":[243],"product_tag":[],"class_list":{"0":"post-108253","1":"product","2":"type-product","3":"status-publish","4":"has-post-thumbnail","6":"product_cat-veden-huolto-biologisille-altaalle-ja-lammikkoille","7":"product_shipping_class-pakiautomaat-fi","9":"first","10":"instock","11":"taxable","12":"shipping-taxable","13":"purchasable","14":"product-type-simple"},"jetpack_sharing_enabled":true,"_links":{"self":[{"href":"https:\/\/basseinimeistrid.ee\/fi\/wp-json\/wp\/v2\/product\/108253","targetHints":{"allow":["GET"]}}],"collection":[{"href":"https:\/\/basseinimeistrid.ee\/fi\/wp-json\/wp\/v2\/product"}],"about":[{"href":"https:\/\/basseinimeistrid.ee\/fi\/wp-json\/wp\/v2\/types\/product"}],"wp:featuredmedia":[{"embeddable":true,"href":"https:\/\/basseinimeistrid.ee\/fi\/wp-json\/wp\/v2\/media\/107170"}],"wp:attachment":[{"href":"https:\/\/basseinimeistrid.ee\/fi\/wp-json\/wp\/v2\/media?parent=108253"}],"wp:term":[{"taxonomy":"product_brand","embeddable":true,"href":"https:\/\/basseinimeistrid.ee\/fi\/wp-json\/wp\/v2\/product_brand?post=108253"},{"taxonomy":"product_cat","embeddable":true,"href":"https:\/\/basseinimeistrid.ee\/fi\/wp-json\/wp\/v2\/product_cat?post=108253"},{"taxonomy":"product_tag","embeddable":true,"href":"https:\/\/basseinimeistrid.ee\/fi\/wp-json\/wp\/v2\/product_tag?post=108253"}],"curies":[{"name":"wp","href":"https:\/\/api.w.org\/{rel}","templated":true}]}}