{"id":108254,"date":"2025-02-20T15:10:04","date_gmt":"2025-02-20T13:10:04","guid":{"rendered":"https:\/\/basseinimeistrid.ee\/pood\/Ei-luokiteltu\/microbe-lift-luonnollinen-uima-altaan-huoltosarja\/"},"modified":"2025-03-15T00:16:50","modified_gmt":"2025-03-14T22:16:50","slug":"microbe-lift-luonnollinen-uima-altaan-huoltosarja","status":"publish","type":"product","link":"https:\/\/basseinimeistrid.ee\/fi\/pood\/microbe-lift-luonnollinen-uima-altaan-huoltosarja\/","title":{"rendered":"Microbe-Lift luonnollinen uima-altaan huoltosarja"},"content":{"rendered":"<p><strong>Yksi setti koko kauden ajaksi!<\/strong><\/p>\n<p>Pakkaus sis\u00e4lt\u00e4\u00e4 2 x 4L Natural Clear, 1 x 4L Natural Algae Control ja 1 x 4L Natural Sludge Reducer.<\/p>\n<ul>\n<li>Parantaa veden laatua ja pit\u00e4\u00e4 jopa 100 000 litran uima-altaat, joissa on biologinen puhdistusj\u00e4rjestelm\u00e4, puhtaina ja kirkkaina koko kauden ajan!<\/li>\n<\/ul>\n<p>&nbsp;<\/p>\n","protected":false},"excerpt":{"rendered":"<p>Yksi setti koko kauden ajaksi! Pakkaus sis\u00e4lt\u00e4\u00e4 2 x 4L Natural Clear, 1 x 4L Natural Algae Control ja 1 x 4L Natural Sludge Reducer. Parantaa veden laatua ja pit\u00e4\u00e4 jopa 100 000 litran uima-altaat, joissa on biologinen puhdistusj\u00e4rjestelm\u00e4, puhtaina ja kirkkaina koko kauden ajan! &nbsp;<\/p>\n","protected":false},"featured_media":107146,"template":"","meta":{"_et_pb_use_builder":"","_et_pb_old_content":"","_et_gb_content_width":""},"product_brand":[],"product_cat":[243],"product_tag":[],"class_list":{"0":"post-108254","1":"product","2":"type-product","3":"status-publish","4":"has-post-thumbnail","6":"product_cat-veden-huolto-biologisille-altaalle-ja-lammikkoille","7":"product_shipping_class-pakiautomaat-fi","9":"first","10":"instock","11":"taxable","12":"shipping-taxable","13":"purchasable","14":"product-type-simple"},"jetpack_sharing_enabled":true,"_links":{"self":[{"href":"https:\/\/basseinimeistrid.ee\/fi\/wp-json\/wp\/v2\/product\/108254","targetHints":{"allow":["GET"]}}],"collection":[{"href":"https:\/\/basseinimeistrid.ee\/fi\/wp-json\/wp\/v2\/product"}],"about":[{"href":"https:\/\/basseinimeistrid.ee\/fi\/wp-json\/wp\/v2\/types\/product"}],"wp:featuredmedia":[{"embeddable":true,"href":"https:\/\/basseinimeistrid.ee\/fi\/wp-json\/wp\/v2\/media\/107146"}],"wp:attachment":[{"href":"https:\/\/basseinimeistrid.ee\/fi\/wp-json\/wp\/v2\/media?parent=108254"}],"wp:term":[{"taxonomy":"product_brand","embeddable":true,"href":"https:\/\/basseinimeistrid.ee\/fi\/wp-json\/wp\/v2\/product_brand?post=108254"},{"taxonomy":"product_cat","embeddable":true,"href":"https:\/\/basseinimeistrid.ee\/fi\/wp-json\/wp\/v2\/product_cat?post=108254"},{"taxonomy":"product_tag","embeddable":true,"href":"https:\/\/basseinimeistrid.ee\/fi\/wp-json\/wp\/v2\/product_tag?post=108254"}],"curies":[{"name":"wp","href":"https:\/\/api.w.org\/{rel}","templated":true}]}}