{"id":108255,"date":"2025-02-20T15:02:08","date_gmt":"2025-02-20T13:02:08","guid":{"rendered":"https:\/\/basseinimeistrid.ee\/pood\/Ei-luokiteltu\/microbe-lift-luonnollinen-lietteen-vahentaja-4l\/"},"modified":"2025-03-15T00:16:47","modified_gmt":"2025-03-14T22:16:47","slug":"microbe-lift-luonnollinen-lietteen-vahentaja-4l","status":"publish","type":"product","link":"https:\/\/basseinimeistrid.ee\/fi\/pood\/microbe-lift-luonnollinen-lietteen-vahentaja-4l\/","title":{"rendered":"Microbe-Lift luonnollinen lietteen v\u00e4hent\u00e4j\u00e4 &#8211; 4L"},"content":{"rendered":"<p>Luonnollinen mudan v\u00e4hent\u00e4j\u00e4 on suunniteltu erityisesti uintityylej\u00e4 varten. T\u00e4m\u00e4 innovatiivinen tuote on suunniteltu stimuloimaan luonnollista orgaanista vedenpuhdistusprosessia, joka hajottaa biologisen uima-altaasi pohjalle laskeutuneet kiintoaineet, materiaalit ja sedimentin. T\u00e4t\u00e4 l\u00e4hestymistapaa k\u00e4ytet\u00e4\u00e4n maailmanlaajuisesti biologisissa lammikoissa ja kaupunkien vedenpuhdistamoissa veden laadun ja kirkkauden parantamiseksi sek\u00e4 ei-toivottujen levien hallitsemiseksi. Natural Sludge Reducer lis\u00e4\u00e4 my\u00f6s merkitt\u00e4v\u00e4sti regenerointivy\u00f6hykkeen (laitosalueen) tehokkuutta.   <\/p>\n<p>&#8211; 100 % luonnollisia l\u00e4\u00e4kepohjaisia ainesosia.<br \/>\n&#8211; poistaa orgaanisia hiukkasia ja lietett\u00e4 vedest\u00e4 ja kasvimaasta.<br \/>\n&#8211; v\u00e4hent\u00e4\u00e4 lietteen laskeutumista ja kertymist\u00e4 laitoksen pinnalle.<br \/>\n&#8211; stimuloi ja nopeuttaa biologisen j\u00e4tteen hajoamista ja orgaanisen j\u00e4tteen poistamista, mik\u00e4 parantaa veden laatua.<br \/>\n&#8211; parantaa ravinteiden imeytymist\u00e4 kasvien juuristoon.<br \/>\n&#8211; turvallinen ihmisille, lemmikkiel\u00e4imille, kasveille ja ymp\u00e4rist\u00f6lle.<\/p>\n","protected":false},"excerpt":{"rendered":"<p>Luonnollinen mudan v\u00e4hent\u00e4j\u00e4 on suunniteltu erityisesti uintityylej\u00e4 varten. T\u00e4m\u00e4 innovatiivinen tuote on suunniteltu stimuloimaan luonnollista orgaanista vedenpuhdistusprosessia, joka hajottaa biologisen uima-altaasi pohjalle laskeutuneet kiintoaineet, materiaalit ja sedimentin. T\u00e4t\u00e4 l\u00e4hestymistapaa k\u00e4ytet\u00e4\u00e4n maailmanlaajuisesti biologisissa lammikoissa ja kaupunkien vedenpuhdistamoissa veden laadun ja kirkkauden parantamiseksi sek\u00e4 ei-toivottujen levien hallitsemiseksi. Natural Sludge Reducer lis\u00e4\u00e4 my\u00f6s merkitt\u00e4v\u00e4sti regenerointivy\u00f6hykkeen (laitosalueen) tehokkuutta. &#8211; [&hellip;]<\/p>\n","protected":false},"featured_media":107138,"template":"","meta":{"_et_pb_use_builder":"","_et_pb_old_content":"","_et_gb_content_width":""},"product_brand":[],"product_cat":[243],"product_tag":[],"class_list":{"0":"post-108255","1":"product","2":"type-product","3":"status-publish","4":"has-post-thumbnail","6":"product_cat-veden-huolto-biologisille-altaalle-ja-lammikkoille","7":"product_shipping_class-pakiautomaat-fi","9":"first","10":"instock","11":"taxable","12":"shipping-taxable","13":"purchasable","14":"product-type-simple"},"jetpack_sharing_enabled":true,"_links":{"self":[{"href":"https:\/\/basseinimeistrid.ee\/fi\/wp-json\/wp\/v2\/product\/108255","targetHints":{"allow":["GET"]}}],"collection":[{"href":"https:\/\/basseinimeistrid.ee\/fi\/wp-json\/wp\/v2\/product"}],"about":[{"href":"https:\/\/basseinimeistrid.ee\/fi\/wp-json\/wp\/v2\/types\/product"}],"wp:featuredmedia":[{"embeddable":true,"href":"https:\/\/basseinimeistrid.ee\/fi\/wp-json\/wp\/v2\/media\/107138"}],"wp:attachment":[{"href":"https:\/\/basseinimeistrid.ee\/fi\/wp-json\/wp\/v2\/media?parent=108255"}],"wp:term":[{"taxonomy":"product_brand","embeddable":true,"href":"https:\/\/basseinimeistrid.ee\/fi\/wp-json\/wp\/v2\/product_brand?post=108255"},{"taxonomy":"product_cat","embeddable":true,"href":"https:\/\/basseinimeistrid.ee\/fi\/wp-json\/wp\/v2\/product_cat?post=108255"},{"taxonomy":"product_tag","embeddable":true,"href":"https:\/\/basseinimeistrid.ee\/fi\/wp-json\/wp\/v2\/product_tag?post=108255"}],"curies":[{"name":"wp","href":"https:\/\/api.w.org\/{rel}","templated":true}]}}