{"id":108256,"date":"2025-02-20T14:33:33","date_gmt":"2025-02-20T12:33:33","guid":{"rendered":"https:\/\/basseinimeistrid.ee\/pood\/Ei-luokiteltu\/microbe-lift-natural-clear-4l\/"},"modified":"2025-03-15T00:16:46","modified_gmt":"2025-03-14T22:16:46","slug":"microbe-lift-natural-clear-4l","status":"publish","type":"product","link":"https:\/\/basseinimeistrid.ee\/fi\/pood\/microbe-lift-natural-clear-4l\/","title":{"rendered":"Microbe-Lift Natural Clear &#8211; 4L"},"content":{"rendered":"<p>NATURAL-CLEAR on suunniteltu orgaanisen j\u00e4tteen poistamiseen. Tiivisteen sis\u00e4lt\u00e4m\u00e4t hy\u00f6dylliset mikrobit pystyv\u00e4t k\u00e4sittelem\u00e4\u00e4n kaiken, mik\u00e4 saastuttaa biologisia altaita ja uima-altaita &#8211; vedess\u00e4 olevien lintujen, el\u00e4inten ja ihmisten j\u00e4tteet; aurinko- ja vartalovoiteet; tuulen ja sateen mukana kulkeutuva orgaaninen aines. Bio-entsymaattinen, ymp\u00e4rist\u00f6yst\u00e4v\u00e4llinen j\u00e4tteiden hajotusprosessi toimii nopeasti ja tehokkaasti ja pit\u00e4\u00e4 lopulta biologisen altaasi tai uimalammikkosi veden kirkkaana, puhtaana ja hyv\u00e4lt\u00e4 tuoksuvana!  <\/p>\n<p>&#8211; poistaa orgaanisen aineksen j\u00e4tteet, mik\u00e4 luo terveellisen ymp\u00e4rist\u00f6n uima-altaallesi<br \/>\n&#8211; parantaa veden laatua<br \/>\n&#8211; luonnolliset entsyymit auttavat hajottamaan orgaanisia saostumia<br \/>\n&#8211; parantaa altaan veden liuenneen hapen m\u00e4\u00e4r\u00e4\u00e4<br \/>\n&#8211; auttaa yll\u00e4pit\u00e4m\u00e4\u00e4n puhtaan veden hajua<br \/>\n&#8211; turvallinen ihmisille, lemmikeille, kasveille ja ymp\u00e4rist\u00f6lle.<\/p>\n<p>VINKKI! Natural Clear on ihanteellinen tuote automaattiseen annosteluun <a href=\"https:\/\/basseinimeistrid.ee\/en\/pood\/accessories-for-products\/water-treatment-equipment-accesories\/dosing-pump-aquaforte-dosatech\/\" target=\"_blank\" rel=\"noopener\">AquaForte DosaTech<\/a> -annostelupumpulla. <\/p>\n","protected":false},"excerpt":{"rendered":"<p>NATURAL-CLEAR on suunniteltu orgaanisen j\u00e4tteen poistamiseen. Tiivisteen sis\u00e4lt\u00e4m\u00e4t hy\u00f6dylliset mikrobit pystyv\u00e4t k\u00e4sittelem\u00e4\u00e4n kaiken, mik\u00e4 saastuttaa biologisia altaita ja uima-altaita &#8211; vedess\u00e4 olevien lintujen, el\u00e4inten ja ihmisten j\u00e4tteet; aurinko- ja vartalovoiteet; tuulen ja sateen mukana kulkeutuva orgaaninen aines. Bio-entsymaattinen, ymp\u00e4rist\u00f6yst\u00e4v\u00e4llinen j\u00e4tteiden hajotusprosessi toimii nopeasti ja tehokkaasti ja pit\u00e4\u00e4 lopulta biologisen altaasi tai uimalammikkosi veden kirkkaana, puhtaana [&hellip;]<\/p>\n","protected":false},"featured_media":107109,"template":"","meta":{"_et_pb_use_builder":"","_et_pb_old_content":"","_et_gb_content_width":""},"product_brand":[],"product_cat":[243],"product_tag":[],"class_list":{"0":"post-108256","1":"product","2":"type-product","3":"status-publish","4":"has-post-thumbnail","6":"product_cat-veden-huolto-biologisille-altaalle-ja-lammikkoille","7":"product_shipping_class-pakiautomaat-fi","9":"first","10":"instock","11":"taxable","12":"shipping-taxable","13":"purchasable","14":"product-type-simple"},"jetpack_sharing_enabled":true,"_links":{"self":[{"href":"https:\/\/basseinimeistrid.ee\/fi\/wp-json\/wp\/v2\/product\/108256","targetHints":{"allow":["GET"]}}],"collection":[{"href":"https:\/\/basseinimeistrid.ee\/fi\/wp-json\/wp\/v2\/product"}],"about":[{"href":"https:\/\/basseinimeistrid.ee\/fi\/wp-json\/wp\/v2\/types\/product"}],"wp:featuredmedia":[{"embeddable":true,"href":"https:\/\/basseinimeistrid.ee\/fi\/wp-json\/wp\/v2\/media\/107109"}],"wp:attachment":[{"href":"https:\/\/basseinimeistrid.ee\/fi\/wp-json\/wp\/v2\/media?parent=108256"}],"wp:term":[{"taxonomy":"product_brand","embeddable":true,"href":"https:\/\/basseinimeistrid.ee\/fi\/wp-json\/wp\/v2\/product_brand?post=108256"},{"taxonomy":"product_cat","embeddable":true,"href":"https:\/\/basseinimeistrid.ee\/fi\/wp-json\/wp\/v2\/product_cat?post=108256"},{"taxonomy":"product_tag","embeddable":true,"href":"https:\/\/basseinimeistrid.ee\/fi\/wp-json\/wp\/v2\/product_tag?post=108256"}],"curies":[{"name":"wp","href":"https:\/\/api.w.org\/{rel}","templated":true}]}}