{"id":108257,"date":"2025-02-20T14:14:56","date_gmt":"2025-02-20T12:14:56","guid":{"rendered":"https:\/\/basseinimeistrid.ee\/pood\/Ei-luokiteltu\/microbe-lift-sludge-away-4l\/"},"modified":"2025-03-15T00:16:48","modified_gmt":"2025-03-14T22:16:48","slug":"microbe-lift-sludge-away-4l","status":"publish","type":"product","link":"https:\/\/basseinimeistrid.ee\/fi\/pood\/microbe-lift-sludge-away-4l\/","title":{"rendered":"Microbe-Lift Sludge Away &#8211; 4L"},"content":{"rendered":"<p>Tarjoaa &#8221;lietteen ja sedimentin nopean ja luonnollisen poistamisen vesist\u00f6jen pohjasta&#8221;.<\/p>\n<ul>\n<li>toimii 80 % nopeammin kuin kilpailevat tuotteet<\/li>\n<li>v\u00e4hent\u00e4\u00e4 ja sitoo fosfaatteja<\/li>\n<li>auttaa parantamaan ja yll\u00e4pit\u00e4m\u00e4\u00e4n biologisen allasveden l\u00e4pin\u00e4kyvyytt\u00e4.<\/li>\n<li>100 % aktiivisia ainesosia<\/li>\n<li>haihtuu nopeasti<\/li>\n<li>Biohajoava<\/li>\n<\/ul>\n<p>Vuosien ajan kehitetty Microbe-Lift\u00ae Sludge Away nopeuttaa hitaasti hajoavan orgaanisen j\u00e4tteen biologista poistamista uima-altaiden ja biologisten uima-altaiden pohjasta, mik\u00e4 voi aiheuttaa lev\u00e4n kasvua. Kun orgaaniset kiintoaineet laskeutuvat vesist\u00f6jen pohjalle, ne alkavat hajota, jolloin ymp\u00e4rist\u00f6\u00f6n vapautuu myrkyllisi\u00e4 kaasuja. N\u00e4m\u00e4 kaasumaiset sivutuotteet uhkaavat vesist\u00f6n biologista tasapainoa. Microbe-Lift\u00ae Sludge Away poistaa pohjalle kertyneen orgaanisen lietteen ja sedimentin, v\u00e4hent\u00e4\u00e4 tai poistaa mahdollisesti haitalliset kaasumaiset yhdisteet ja auttaa samalla puhdistamaan uima-altaasi vett\u00e4.   <\/p>\n<p>Erityisen hy\u00f6dyllinen uima-altaissa, joissa on kivi- tai sorapohja ja joissa pohjan puhdistaminen esimerkiksi lammikkopuhdistimella on vaikeaa tai ep\u00e4k\u00e4yt\u00e4nn\u00f6llist\u00e4. Toimii nopeammin l\u00e4mpim\u00e4mm\u00e4ss\u00e4 veden l\u00e4mp\u00f6tilassa, mutta sit\u00e4 voidaan k\u00e4ytt\u00e4\u00e4 tehokkaasti kaikissa l\u00e4mp\u00f6tiloissa ymp\u00e4ri vuoden. <\/p>\n<p>Annostus: 100 ml per 1250 litraa vett\u00e4.<\/p>\n<p>Ensimm\u00e4inen k\u00e4ytt\u00f6: 100 ml 1250 litraa vett\u00e4 kohden, sitten 100 ml 1250 litraa vett\u00e4 kohden kerran viikossa seuraavien 4 viikon ajan.<\/p>\n<p>VINKKI! Sludge Away on ihanteellinen tuote t\u00e4ysin automaattiseen annosteluun <a href=\"https:\/\/basseinimeistrid.ee\/fi\/pood\/laitetarvikkeet\/vedenkasittelylaitteiden-tarvikkeet\/annostelupumppu-aquaforte-dosatech\/\" target=\"_blank\" rel=\"noopener\">AquaForte DosaTech<\/a> -annostelupumpun kanssa. <\/p>\n","protected":false},"excerpt":{"rendered":"<p>Tarjoaa &#8221;lietteen ja sedimentin nopean ja luonnollisen poistamisen vesist\u00f6jen pohjasta&#8221;. toimii 80 % nopeammin kuin kilpailevat tuotteet v\u00e4hent\u00e4\u00e4 ja sitoo fosfaatteja auttaa parantamaan ja yll\u00e4pit\u00e4m\u00e4\u00e4n biologisen allasveden l\u00e4pin\u00e4kyvyytt\u00e4. 100 % aktiivisia ainesosia haihtuu nopeasti Biohajoava Vuosien ajan kehitetty Microbe-Lift\u00ae Sludge Away nopeuttaa hitaasti hajoavan orgaanisen j\u00e4tteen biologista poistamista uima-altaiden ja biologisten uima-altaiden pohjasta, mik\u00e4 voi [&hellip;]<\/p>\n","protected":false},"featured_media":107099,"template":"","meta":{"_et_pb_use_builder":"","_et_pb_old_content":"","_et_gb_content_width":""},"product_brand":[],"product_cat":[243],"product_tag":[],"class_list":{"0":"post-108257","1":"product","2":"type-product","3":"status-publish","4":"has-post-thumbnail","6":"product_cat-veden-huolto-biologisille-altaalle-ja-lammikkoille","7":"product_shipping_class-pakiautomaat-fi","9":"first","10":"instock","11":"taxable","12":"shipping-taxable","13":"purchasable","14":"product-type-simple"},"jetpack_sharing_enabled":true,"_links":{"self":[{"href":"https:\/\/basseinimeistrid.ee\/fi\/wp-json\/wp\/v2\/product\/108257","targetHints":{"allow":["GET"]}}],"collection":[{"href":"https:\/\/basseinimeistrid.ee\/fi\/wp-json\/wp\/v2\/product"}],"about":[{"href":"https:\/\/basseinimeistrid.ee\/fi\/wp-json\/wp\/v2\/types\/product"}],"wp:featuredmedia":[{"embeddable":true,"href":"https:\/\/basseinimeistrid.ee\/fi\/wp-json\/wp\/v2\/media\/107099"}],"wp:attachment":[{"href":"https:\/\/basseinimeistrid.ee\/fi\/wp-json\/wp\/v2\/media?parent=108257"}],"wp:term":[{"taxonomy":"product_brand","embeddable":true,"href":"https:\/\/basseinimeistrid.ee\/fi\/wp-json\/wp\/v2\/product_brand?post=108257"},{"taxonomy":"product_cat","embeddable":true,"href":"https:\/\/basseinimeistrid.ee\/fi\/wp-json\/wp\/v2\/product_cat?post=108257"},{"taxonomy":"product_tag","embeddable":true,"href":"https:\/\/basseinimeistrid.ee\/fi\/wp-json\/wp\/v2\/product_tag?post=108257"}],"curies":[{"name":"wp","href":"https:\/\/api.w.org\/{rel}","templated":true}]}}