{"id":108258,"date":"2025-02-20T14:09:25","date_gmt":"2025-02-20T12:09:25","guid":{"rendered":"https:\/\/basseinimeistrid.ee\/pood\/Ei-luokiteltu\/microbe-lift-clean-clear-4l\/"},"modified":"2025-03-15T00:16:47","modified_gmt":"2025-03-14T22:16:47","slug":"microbe-lift-clean-clear-4l","status":"publish","type":"product","link":"https:\/\/basseinimeistrid.ee\/fi\/pood\/microbe-lift-clean-clear-4l\/","title":{"rendered":"Microbe-Lift Clean &amp; Clear &#8211; 4L"},"content":{"rendered":"<p>Microbe-Lift Clean &amp; Clear on erityinen hy\u00f6dyllisten bakteerien sekoitus, joka pit\u00e4\u00e4 biologiset altaat puhtaina ja veden kirkkaana. Sis\u00e4lt\u00e4\u00e4 my\u00f6s fotosynteettisi\u00e4 bakteereja. Ainutlaatuisen valmistusprosessin ansiosta kasvanut pullossa, jossa sit\u00e4 myyd\u00e4\u00e4n!  <\/p>\n<p>Auringon t\u00e4yt\u00e4nt\u00f6\u00f6npano puhtaampaan veteen<\/p>\n<p>Ihmiset ovat jo vuosia k\u00e4ytt\u00e4neet aurinkoenergiaa moniin eri tarkoituksiin, kuten kattojen aurinkopaneeleilla veden l\u00e4mmitt\u00e4miseen tai aurinkokennoilla s\u00e4hk\u00f6n tuottamiseen. Monissa laskimissa on pieni\u00e4 aurinkokennoja, jotka toimivat paristojen sijaan valolla. Kuvittele, ett\u00e4 voit k\u00e4ytt\u00e4\u00e4 t\u00e4t\u00e4 loistavaa, ilmaista energial\u00e4hdett\u00e4 v\u00e4hent\u00e4m\u00e4\u00e4n uima-altaasi huoltotarpeita. No&#8230; nyt voit!   <\/p>\n<p>Aivan kuten aurinkopaneelit ja aurinkokennot, MICROBE-LIFT Clean &amp; Clear -j\u00e4rjestelm\u00e4n fotosynteettiset bakteerit k\u00e4ytt\u00e4v\u00e4t auringon energiaa k\u00e4ynnist\u00e4\u00e4kseen luonnollisia biologisia prosesseja, jotka pit\u00e4v\u00e4t biologisen altaasi puhtaana ja sedimentitt\u00f6m\u00e4n\u00e4. Clean &amp; Clear v\u00e4hent\u00e4\u00e4 my\u00f6s merkitt\u00e4v\u00e4sti altaan suodattimen huoltotarvetta. Clean &amp; Clear on markkinoiden ainoa vedenpuhdistin, joka sis\u00e4lt\u00e4\u00e4 fotosynteettisi\u00e4 bakteereja. Maailman nro 1 vedenpuhdistin, jota toimittajat ovat kysyneet nimelt\u00e4! Clean &amp; Clear sis\u00e4lt\u00e4\u00e4 yli 30 eri el\u00e4v\u00e4\u00e4 bakteerilajia, jotka yhdess\u00e4 hajottavat ja poistavat vedess\u00e4 olevia orgaanisia j\u00e4\u00e4mi\u00e4.    <\/p>\n<p>VINKKI! Clean &amp; Clear on ihanteellinen tuote automaattiseen annosteluun <a href=\"https:\/\/basseinimeistrid.ee\/fi\/pood\/laitetarvikkeet\/vedenkasittelylaitteiden-tarvikkeet\/annostelupumppu-aquaforte-dosatech\/\" target=\"_blank\" rel=\"noopener\">AquaForte DosaTech<\/a> -annostelupumpun kanssa. Pieni p\u00e4ivitt\u00e4inen annos on aina tehokkaampi kuin suurempi suositeltu kuukausittainen\/viikoittainen C&amp;C-annos.  <\/p>\n","protected":false},"excerpt":{"rendered":"<p>Microbe-Lift Clean &amp; Clear on erityinen hy\u00f6dyllisten bakteerien sekoitus, joka pit\u00e4\u00e4 biologiset altaat puhtaina ja veden kirkkaana. Sis\u00e4lt\u00e4\u00e4 my\u00f6s fotosynteettisi\u00e4 bakteereja. Ainutlaatuisen valmistusprosessin ansiosta kasvanut pullossa, jossa sit\u00e4 myyd\u00e4\u00e4n! Auringon t\u00e4yt\u00e4nt\u00f6\u00f6npano puhtaampaan veteen Ihmiset ovat jo vuosia k\u00e4ytt\u00e4neet aurinkoenergiaa moniin eri tarkoituksiin, kuten kattojen aurinkopaneeleilla veden l\u00e4mmitt\u00e4miseen tai aurinkokennoilla s\u00e4hk\u00f6n tuottamiseen. Monissa laskimissa on pieni\u00e4 [&hellip;]<\/p>\n","protected":false},"featured_media":107091,"template":"","meta":{"_et_pb_use_builder":"","_et_pb_old_content":"","_et_gb_content_width":""},"product_brand":[],"product_cat":[243],"product_tag":[],"class_list":{"0":"post-108258","1":"product","2":"type-product","3":"status-publish","4":"has-post-thumbnail","6":"product_cat-veden-huolto-biologisille-altaalle-ja-lammikkoille","7":"product_shipping_class-pakiautomaat-fi","9":"first","10":"instock","11":"taxable","12":"shipping-taxable","13":"purchasable","14":"product-type-simple"},"jetpack_sharing_enabled":true,"_links":{"self":[{"href":"https:\/\/basseinimeistrid.ee\/fi\/wp-json\/wp\/v2\/product\/108258","targetHints":{"allow":["GET"]}}],"collection":[{"href":"https:\/\/basseinimeistrid.ee\/fi\/wp-json\/wp\/v2\/product"}],"about":[{"href":"https:\/\/basseinimeistrid.ee\/fi\/wp-json\/wp\/v2\/types\/product"}],"wp:featuredmedia":[{"embeddable":true,"href":"https:\/\/basseinimeistrid.ee\/fi\/wp-json\/wp\/v2\/media\/107091"}],"wp:attachment":[{"href":"https:\/\/basseinimeistrid.ee\/fi\/wp-json\/wp\/v2\/media?parent=108258"}],"wp:term":[{"taxonomy":"product_brand","embeddable":true,"href":"https:\/\/basseinimeistrid.ee\/fi\/wp-json\/wp\/v2\/product_brand?post=108258"},{"taxonomy":"product_cat","embeddable":true,"href":"https:\/\/basseinimeistrid.ee\/fi\/wp-json\/wp\/v2\/product_cat?post=108258"},{"taxonomy":"product_tag","embeddable":true,"href":"https:\/\/basseinimeistrid.ee\/fi\/wp-json\/wp\/v2\/product_tag?post=108258"}],"curies":[{"name":"wp","href":"https:\/\/api.w.org\/{rel}","templated":true}]}}