{"id":108260,"date":"2025-02-20T13:22:06","date_gmt":"2025-02-20T11:22:06","guid":{"rendered":"https:\/\/basseinimeistrid.ee\/pood\/Ei-luokiteltu\/astralpool-winterizer-1l\/"},"modified":"2025-03-15T00:16:42","modified_gmt":"2025-03-14T22:16:42","slug":"astralpool-winterizer-1l","status":"publish","type":"product","link":"https:\/\/basseinimeistrid.ee\/fi\/pood\/astralpool-winterizer-1l\/","title":{"rendered":"AstralPool Winterizer &#8211; 1L"},"content":{"rendered":"<p>Est\u00e4\u00e4 levien ja bakteerien muodostumista ja levi\u00e4mist\u00e4 talven aikana. T\u00e4m\u00e4 helpottaa huomattavasti uima-allaskauden aloittamista. Ei hajaannu. Annostus: 830 ml per 10 m\u00b3 allasvett\u00e4.   <\/p>\n<ul>\n<li>suunniteltu pvc-kalvolla vuorattuja uima-altaita varten<\/li>\n<\/ul>\n<p>&nbsp;<\/p>\n<ul>\n<li><a href=\"https:\/\/basseinimeistrid.ee\/wp-content\/uploads\/2025\/02\/astral_pool_veehooldustooted.pdf\" target=\"_blank\" rel=\"noopener\">Klikkaa T\u00c4ST\u00c4<\/a> saadaksesi AstralPoolin vedenhoitotuotteiden luettelon.<\/li>\n<\/ul>\n","protected":false},"excerpt":{"rendered":"<p>Est\u00e4\u00e4 levien ja bakteerien muodostumista ja levi\u00e4mist\u00e4 talven aikana. T\u00e4m\u00e4 helpottaa huomattavasti uima-allaskauden aloittamista. Ei hajaannu. Annostus: 830 ml per 10 m\u00b3 allasvett\u00e4. suunniteltu pvc-kalvolla vuorattuja uima-altaita varten &nbsp; Klikkaa T\u00c4ST\u00c4 saadaksesi AstralPoolin vedenhoitotuotteiden luettelon.<\/p>\n","protected":false},"featured_media":107056,"template":"","meta":{"_et_pb_use_builder":"","_et_pb_old_content":"","_et_gb_content_width":""},"product_brand":[],"product_cat":[224],"product_tag":[],"class_list":{"0":"post-108260","1":"product","2":"type-product","3":"status-publish","4":"has-post-thumbnail","6":"product_cat-allasveden-huolto-kloorialtaille","7":"product_shipping_class-pakiautomaat-fi","9":"first","10":"instock","11":"taxable","12":"shipping-taxable","13":"purchasable","14":"product-type-simple"},"jetpack_sharing_enabled":true,"_links":{"self":[{"href":"https:\/\/basseinimeistrid.ee\/fi\/wp-json\/wp\/v2\/product\/108260","targetHints":{"allow":["GET"]}}],"collection":[{"href":"https:\/\/basseinimeistrid.ee\/fi\/wp-json\/wp\/v2\/product"}],"about":[{"href":"https:\/\/basseinimeistrid.ee\/fi\/wp-json\/wp\/v2\/types\/product"}],"wp:featuredmedia":[{"embeddable":true,"href":"https:\/\/basseinimeistrid.ee\/fi\/wp-json\/wp\/v2\/media\/107056"}],"wp:attachment":[{"href":"https:\/\/basseinimeistrid.ee\/fi\/wp-json\/wp\/v2\/media?parent=108260"}],"wp:term":[{"taxonomy":"product_brand","embeddable":true,"href":"https:\/\/basseinimeistrid.ee\/fi\/wp-json\/wp\/v2\/product_brand?post=108260"},{"taxonomy":"product_cat","embeddable":true,"href":"https:\/\/basseinimeistrid.ee\/fi\/wp-json\/wp\/v2\/product_cat?post=108260"},{"taxonomy":"product_tag","embeddable":true,"href":"https:\/\/basseinimeistrid.ee\/fi\/wp-json\/wp\/v2\/product_tag?post=108260"}],"curies":[{"name":"wp","href":"https:\/\/api.w.org\/{rel}","templated":true}]}}