{"id":108261,"date":"2025-02-20T12:54:58","date_gmt":"2025-02-20T10:54:58","guid":{"rendered":"https:\/\/basseinimeistrid.ee\/pood\/Ei-luokiteltu\/kalkkikiven-estaja\/"},"modified":"2025-03-15T00:16:44","modified_gmt":"2025-03-14T22:16:44","slug":"kalkkikiven-estaja","status":"publish","type":"product","link":"https:\/\/basseinimeistrid.ee\/fi\/pood\/kalkkikiven-estaja\/","title":{"rendered":"Kalkkikiven est\u00e4j\u00e4"},"content":{"rendered":"<p>Kalkinpoiston ehk\u00e4isev\u00e4 lis\u00e4aine uima-altaisiin<\/p>\n<p>Est\u00e4\u00e4 kalkin kertymisen ja siit\u00e4 johtuvat tahrat altaassa ja ymp\u00e4r\u00f6ivill\u00e4 pinnoilla. Se est\u00e4\u00e4 my\u00f6s suodattimien ja putkien kalkkeutumisen. Vaahtoamaton. Annostus: 200 ml 10 m\u00b3 vesitilavuutta kohti.   <\/p>\n<p>&nbsp;<\/p>\n<ul>\n<li><a href=\"https:\/\/basseinimeistrid.ee\/wp-content\/uploads\/2025\/02\/astral_pool_veehooldustooted.pdf\" target=\"_blank\" rel=\"noopener\">Klikkaa T\u00c4ST\u00c4<\/a> saadaksesi AstralPoolin vedenhoitotuotteiden luettelon.<\/li>\n<\/ul>\n","protected":false},"excerpt":{"rendered":"<p>Kalkinpoiston ehk\u00e4isev\u00e4 lis\u00e4aine uima-altaisiin Est\u00e4\u00e4 kalkin kertymisen ja siit\u00e4 johtuvat tahrat altaassa ja ymp\u00e4r\u00f6ivill\u00e4 pinnoilla. Se est\u00e4\u00e4 my\u00f6s suodattimien ja putkien kalkkeutumisen. Vaahtoamaton. Annostus: 200 ml 10 m\u00b3 vesitilavuutta kohti. &nbsp; Klikkaa T\u00c4ST\u00c4 saadaksesi AstralPoolin vedenhoitotuotteiden luettelon.<\/p>\n","protected":false},"featured_media":107045,"template":"","meta":{"_et_pb_use_builder":"","_et_pb_old_content":"","_et_gb_content_width":""},"product_brand":[],"product_cat":[225,224],"product_tag":[],"class_list":{"0":"post-108261","1":"product","2":"type-product","3":"status-publish","4":"has-post-thumbnail","6":"product_cat-allasveden-huolto-kemikaalittomille-uima-altaille","7":"product_cat-allasveden-huolto-kloorialtaille","8":"product_shipping_class-pakiautomaat-fi","10":"first","11":"instock","12":"taxable","13":"shipping-taxable","14":"purchasable","15":"product-type-simple"},"jetpack_sharing_enabled":true,"_links":{"self":[{"href":"https:\/\/basseinimeistrid.ee\/fi\/wp-json\/wp\/v2\/product\/108261","targetHints":{"allow":["GET"]}}],"collection":[{"href":"https:\/\/basseinimeistrid.ee\/fi\/wp-json\/wp\/v2\/product"}],"about":[{"href":"https:\/\/basseinimeistrid.ee\/fi\/wp-json\/wp\/v2\/types\/product"}],"wp:featuredmedia":[{"embeddable":true,"href":"https:\/\/basseinimeistrid.ee\/fi\/wp-json\/wp\/v2\/media\/107045"}],"wp:attachment":[{"href":"https:\/\/basseinimeistrid.ee\/fi\/wp-json\/wp\/v2\/media?parent=108261"}],"wp:term":[{"taxonomy":"product_brand","embeddable":true,"href":"https:\/\/basseinimeistrid.ee\/fi\/wp-json\/wp\/v2\/product_brand?post=108261"},{"taxonomy":"product_cat","embeddable":true,"href":"https:\/\/basseinimeistrid.ee\/fi\/wp-json\/wp\/v2\/product_cat?post=108261"},{"taxonomy":"product_tag","embeddable":true,"href":"https:\/\/basseinimeistrid.ee\/fi\/wp-json\/wp\/v2\/product_tag?post=108261"}],"curies":[{"name":"wp","href":"https:\/\/api.w.org\/{rel}","templated":true}]}}