{"id":108264,"date":"2025-02-20T12:18:54","date_gmt":"2025-02-20T10:18:54","guid":{"rendered":"https:\/\/basseinimeistrid.ee\/pood\/Ei-luokiteltu\/claritab-plus-flokulantti-tabletit-20gx20kpl\/"},"modified":"2025-03-15T00:16:39","modified_gmt":"2025-03-14T22:16:39","slug":"claritab-plus-flokulantti-tabletit-20gx20kpl","status":"publish","type":"product","link":"https:\/\/basseinimeistrid.ee\/fi\/pood\/claritab-plus-flokulantti-tabletit-20gx20kpl\/","title":{"rendered":"Claritab Plus flokulantti, tabletit 20gx20kpl"},"content":{"rendered":"<p>Ty\u00f6nt\u00e4\u00e4 alas altaan vedess\u00e4 kelluvia hiukkasia. Varmistaa puhtaan ja kristallinkirkkaan veden.<br \/>\nParantaa n\u00e4in merkitt\u00e4v\u00e4sti allassuodattimen suorituskyky\u00e4. Hidas ja hallittu liukeneminen veteen.<br \/>\nAnnostus: 1 tabletti 25m3 allasveden kohta. Pakkaus 20 tablettia x 20gr.   <\/p>\n<ul>\n<li><a href=\"https:\/\/basseinimeistrid.ee\/wp-content\/uploads\/2025\/02\/astral_pool_veehooldustooted.pdf\" target=\"_blank\" rel=\"noopener\">Klikkaa T\u00c4ST\u00c4<\/a> saadaksesi AstralPoolin vedenhoitotuotteiden luettelon.<\/li>\n<\/ul>\n<p>&nbsp;<\/p>\n","protected":false},"excerpt":{"rendered":"<p>Ty\u00f6nt\u00e4\u00e4 alas altaan vedess\u00e4 kelluvia hiukkasia. Varmistaa puhtaan ja kristallinkirkkaan veden. Parantaa n\u00e4in merkitt\u00e4v\u00e4sti allassuodattimen suorituskyky\u00e4. Hidas ja hallittu liukeneminen veteen. Annostus: 1 tabletti 25m3 allasveden kohta. Pakkaus 20 tablettia x 20gr. Klikkaa T\u00c4ST\u00c4 saadaksesi AstralPoolin vedenhoitotuotteiden luettelon. &nbsp;<\/p>\n","protected":false},"featured_media":107023,"template":"","meta":{"_et_pb_use_builder":"","_et_pb_old_content":"","_et_gb_content_width":""},"product_brand":[],"product_cat":[224],"product_tag":[],"class_list":{"0":"post-108264","1":"product","2":"type-product","3":"status-publish","4":"has-post-thumbnail","6":"product_cat-allasveden-huolto-kloorialtaille","7":"product_shipping_class-pakiautomaat-fi","9":"first","10":"instock","11":"taxable","12":"shipping-taxable","13":"purchasable","14":"product-type-simple"},"jetpack_sharing_enabled":true,"_links":{"self":[{"href":"https:\/\/basseinimeistrid.ee\/fi\/wp-json\/wp\/v2\/product\/108264","targetHints":{"allow":["GET"]}}],"collection":[{"href":"https:\/\/basseinimeistrid.ee\/fi\/wp-json\/wp\/v2\/product"}],"about":[{"href":"https:\/\/basseinimeistrid.ee\/fi\/wp-json\/wp\/v2\/types\/product"}],"wp:featuredmedia":[{"embeddable":true,"href":"https:\/\/basseinimeistrid.ee\/fi\/wp-json\/wp\/v2\/media\/107023"}],"wp:attachment":[{"href":"https:\/\/basseinimeistrid.ee\/fi\/wp-json\/wp\/v2\/media?parent=108264"}],"wp:term":[{"taxonomy":"product_brand","embeddable":true,"href":"https:\/\/basseinimeistrid.ee\/fi\/wp-json\/wp\/v2\/product_brand?post=108264"},{"taxonomy":"product_cat","embeddable":true,"href":"https:\/\/basseinimeistrid.ee\/fi\/wp-json\/wp\/v2\/product_cat?post=108264"},{"taxonomy":"product_tag","embeddable":true,"href":"https:\/\/basseinimeistrid.ee\/fi\/wp-json\/wp\/v2\/product_tag?post=108264"}],"curies":[{"name":"wp","href":"https:\/\/api.w.org\/{rel}","templated":true}]}}