{"id":108265,"date":"2025-02-20T12:04:52","date_gmt":"2025-02-20T10:04:52","guid":{"rendered":"https:\/\/basseinimeistrid.ee\/pood\/Ei-luokiteltu\/luonnollinen-flokkulanttineste-1l\/"},"modified":"2025-03-15T00:16:38","modified_gmt":"2025-03-14T22:16:38","slug":"luonnollinen-flokkulanttineste-1l","status":"publish","type":"product","link":"https:\/\/basseinimeistrid.ee\/fi\/pood\/luonnollinen-flokkulanttineste-1l\/","title":{"rendered":"Luonnollinen flokkulanttineste 1L"},"content":{"rendered":"<p>Biologisesti hajoava flokkulantti, jolla on voimakas sidontakyky ja joka sitoo ja tekee n\u00e4in uima-allasvedess\u00e4 olevat eritt\u00e4in pienet kelluvat hiukkaset suodattimen pyydystett\u00e4viksi. Poistaa my\u00f6s aurinkovoiteiden ja muiden voiteiden j\u00e4\u00e4mi\u00e4. Parantaa my\u00f6s merkitt\u00e4v\u00e4sti esimerkiksi suolaelektrolyysilaitteiden suorituskyky\u00e4. Annostus: 20 ml 25 m\u00b3 vesitilavuutta kohti.   <\/p>\n<ul>\n<li><a href=\"https:\/\/basseinimeistrid.ee\/wp-content\/uploads\/2025\/02\/astral_pool_veehooldustooted.pdf\" target=\"_blank\" rel=\"noopener\">Klikkaa T\u00c4ST\u00c4<\/a> saadaksesi AstralPoolin vedenhoitotuotteiden luettelon.<\/li>\n<\/ul>\n","protected":false},"excerpt":{"rendered":"<p>Biologisesti hajoava flokkulantti, jolla on voimakas sidontakyky ja joka sitoo ja tekee n\u00e4in uima-allasvedess\u00e4 olevat eritt\u00e4in pienet kelluvat hiukkaset suodattimen pyydystett\u00e4viksi. Poistaa my\u00f6s aurinkovoiteiden ja muiden voiteiden j\u00e4\u00e4mi\u00e4. Parantaa my\u00f6s merkitt\u00e4v\u00e4sti esimerkiksi suolaelektrolyysilaitteiden suorituskyky\u00e4. Annostus: 20 ml 25 m\u00b3 vesitilavuutta kohti. Klikkaa T\u00c4ST\u00c4 saadaksesi AstralPoolin vedenhoitotuotteiden luettelon.<\/p>\n","protected":false},"featured_media":107018,"template":"","meta":{"_et_pb_use_builder":"","_et_pb_old_content":"","_et_gb_content_width":""},"product_brand":[],"product_cat":[225,224],"product_tag":[],"class_list":{"0":"post-108265","1":"product","2":"type-product","3":"status-publish","4":"has-post-thumbnail","6":"product_cat-allasveden-huolto-kemikaalittomille-uima-altaille","7":"product_cat-allasveden-huolto-kloorialtaille","8":"product_shipping_class-pakiautomaat-fi","10":"first","11":"instock","12":"taxable","13":"shipping-taxable","14":"purchasable","15":"product-type-simple"},"jetpack_sharing_enabled":true,"_links":{"self":[{"href":"https:\/\/basseinimeistrid.ee\/fi\/wp-json\/wp\/v2\/product\/108265","targetHints":{"allow":["GET"]}}],"collection":[{"href":"https:\/\/basseinimeistrid.ee\/fi\/wp-json\/wp\/v2\/product"}],"about":[{"href":"https:\/\/basseinimeistrid.ee\/fi\/wp-json\/wp\/v2\/types\/product"}],"wp:featuredmedia":[{"embeddable":true,"href":"https:\/\/basseinimeistrid.ee\/fi\/wp-json\/wp\/v2\/media\/107018"}],"wp:attachment":[{"href":"https:\/\/basseinimeistrid.ee\/fi\/wp-json\/wp\/v2\/media?parent=108265"}],"wp:term":[{"taxonomy":"product_brand","embeddable":true,"href":"https:\/\/basseinimeistrid.ee\/fi\/wp-json\/wp\/v2\/product_brand?post=108265"},{"taxonomy":"product_cat","embeddable":true,"href":"https:\/\/basseinimeistrid.ee\/fi\/wp-json\/wp\/v2\/product_cat?post=108265"},{"taxonomy":"product_tag","embeddable":true,"href":"https:\/\/basseinimeistrid.ee\/fi\/wp-json\/wp\/v2\/product_tag?post=108265"}],"curies":[{"name":"wp","href":"https:\/\/api.w.org\/{rel}","templated":true}]}}