{"id":108266,"date":"2025-02-20T11:59:36","date_gmt":"2025-02-20T09:59:36","guid":{"rendered":"https:\/\/basseinimeistrid.ee\/pood\/Ei-luokiteltu\/phosfree-fosfaatinpoistoaine\/"},"modified":"2025-03-15T00:16:39","modified_gmt":"2025-03-14T22:16:39","slug":"phosfree-fosfaatinpoistoaine","status":"publish","type":"product","link":"https:\/\/basseinimeistrid.ee\/fi\/pood\/phosfree-fosfaatinpoistoaine\/","title":{"rendered":"Phosfree fosfaatinpoistoaine"},"content":{"rendered":"<p>Phosfree poistaa fosfaatit allasvedest\u00e4. Auttaa est\u00e4m\u00e4\u00e4n levien kasvua ja levi\u00e4mist\u00e4. Parantaa my\u00f6s esimerkiksi suolaelektrolyysilaitteiden tehokkuutta. Voidaan k\u00e4ytt\u00e4\u00e4 rinnakkain kaikkien muiden<br \/>\ndesinfiointiaineiden kanssa. Annostus: 60 ml 50 m\u00b3 vesitilavuutta kohti.    <\/p>\n<ul>\n<li><a href=\"https:\/\/basseinimeistrid.ee\/wp-content\/uploads\/2025\/02\/astral_pool_veehooldustooted.pdf\" target=\"_blank\" rel=\"noopener\">Klikkaa T\u00c4ST\u00c4<\/a> saadaksesi AstralPoolin vedenhoitotuotteiden luettelon.<\/li>\n<\/ul>\n","protected":false},"excerpt":{"rendered":"<p>Phosfree poistaa fosfaatit allasvedest\u00e4. Auttaa est\u00e4m\u00e4\u00e4n levien kasvua ja levi\u00e4mist\u00e4. Parantaa my\u00f6s esimerkiksi suolaelektrolyysilaitteiden tehokkuutta. Voidaan k\u00e4ytt\u00e4\u00e4 rinnakkain kaikkien muiden desinfiointiaineiden kanssa. Annostus: 60 ml 50 m\u00b3 vesitilavuutta kohti. Klikkaa T\u00c4ST\u00c4 saadaksesi AstralPoolin vedenhoitotuotteiden luettelon.<\/p>\n","protected":false},"featured_media":107011,"template":"","meta":{"_et_pb_use_builder":"","_et_pb_old_content":"","_et_gb_content_width":""},"product_brand":[],"product_cat":[225,224],"product_tag":[],"class_list":{"0":"post-108266","1":"product","2":"type-product","3":"status-publish","4":"has-post-thumbnail","6":"product_cat-allasveden-huolto-kemikaalittomille-uima-altaille","7":"product_cat-allasveden-huolto-kloorialtaille","8":"product_shipping_class-pakiautomaat-fi","10":"first","11":"instock","12":"taxable","13":"shipping-taxable","14":"purchasable","15":"product-type-simple"},"jetpack_sharing_enabled":true,"_links":{"self":[{"href":"https:\/\/basseinimeistrid.ee\/fi\/wp-json\/wp\/v2\/product\/108266","targetHints":{"allow":["GET"]}}],"collection":[{"href":"https:\/\/basseinimeistrid.ee\/fi\/wp-json\/wp\/v2\/product"}],"about":[{"href":"https:\/\/basseinimeistrid.ee\/fi\/wp-json\/wp\/v2\/types\/product"}],"wp:featuredmedia":[{"embeddable":true,"href":"https:\/\/basseinimeistrid.ee\/fi\/wp-json\/wp\/v2\/media\/107011"}],"wp:attachment":[{"href":"https:\/\/basseinimeistrid.ee\/fi\/wp-json\/wp\/v2\/media?parent=108266"}],"wp:term":[{"taxonomy":"product_brand","embeddable":true,"href":"https:\/\/basseinimeistrid.ee\/fi\/wp-json\/wp\/v2\/product_brand?post=108266"},{"taxonomy":"product_cat","embeddable":true,"href":"https:\/\/basseinimeistrid.ee\/fi\/wp-json\/wp\/v2\/product_cat?post=108266"},{"taxonomy":"product_tag","embeddable":true,"href":"https:\/\/basseinimeistrid.ee\/fi\/wp-json\/wp\/v2\/product_tag?post=108266"}],"curies":[{"name":"wp","href":"https:\/\/api.w.org\/{rel}","templated":true}]}}