{"id":108267,"date":"2025-02-20T11:54:53","date_gmt":"2025-02-20T09:54:53","guid":{"rendered":"https:\/\/basseinimeistrid.ee\/pood\/Ei-luokiteltu\/algitsidi-algipower-plus-1l\/"},"modified":"2025-03-15T00:16:38","modified_gmt":"2025-03-14T22:16:38","slug":"algitsidi-algipower-plus-1l","status":"publish","type":"product","link":"https:\/\/basseinimeistrid.ee\/fi\/pood\/algitsidi-algipower-plus-1l\/","title":{"rendered":"Algitsidi Algipower Plus &#8211; 1L"},"content":{"rendered":"<p>Lev\u00e4nestonesteen korkea pitoisuus est\u00e4\u00e4 levien muodostumista ja levi\u00e4mist\u00e4 uima-altaissa<br \/>\nja sill\u00e4 on my\u00f6s sitova (flokkaava) vaikutus. Annostus: 12 ml 10 m\u00b3 vett\u00e4 kohti. <\/p>\n<ul>\n<li><a href=\"https:\/\/basseinimeistrid.ee\/wp-content\/uploads\/2025\/02\/astral_pool_veehooldustooted.pdf\" target=\"_blank\" rel=\"noopener\">Klikkaa T\u00c4ST\u00c4<\/a> saadaksesi AstralPoolin vedenhoitotuotteiden luettelon.<\/li>\n<\/ul>\n","protected":false},"excerpt":{"rendered":"<p>Lev\u00e4nestonesteen korkea pitoisuus est\u00e4\u00e4 levien muodostumista ja levi\u00e4mist\u00e4 uima-altaissa ja sill\u00e4 on my\u00f6s sitova (flokkaava) vaikutus. Annostus: 12 ml 10 m\u00b3 vett\u00e4 kohti. Klikkaa T\u00c4ST\u00c4 saadaksesi AstralPoolin vedenhoitotuotteiden luettelon.<\/p>\n","protected":false},"featured_media":107006,"template":"","meta":{"_et_pb_use_builder":"","_et_pb_old_content":"","_et_gb_content_width":""},"product_brand":[],"product_cat":[225,224],"product_tag":[],"class_list":{"0":"post-108267","1":"product","2":"type-product","3":"status-publish","4":"has-post-thumbnail","6":"product_cat-allasveden-huolto-kemikaalittomille-uima-altaille","7":"product_cat-allasveden-huolto-kloorialtaille","8":"product_shipping_class-pakiautomaat-fi","10":"first","11":"instock","12":"taxable","13":"shipping-taxable","14":"purchasable","15":"product-type-simple"},"jetpack_sharing_enabled":true,"_links":{"self":[{"href":"https:\/\/basseinimeistrid.ee\/fi\/wp-json\/wp\/v2\/product\/108267","targetHints":{"allow":["GET"]}}],"collection":[{"href":"https:\/\/basseinimeistrid.ee\/fi\/wp-json\/wp\/v2\/product"}],"about":[{"href":"https:\/\/basseinimeistrid.ee\/fi\/wp-json\/wp\/v2\/types\/product"}],"wp:featuredmedia":[{"embeddable":true,"href":"https:\/\/basseinimeistrid.ee\/fi\/wp-json\/wp\/v2\/media\/107006"}],"wp:attachment":[{"href":"https:\/\/basseinimeistrid.ee\/fi\/wp-json\/wp\/v2\/media?parent=108267"}],"wp:term":[{"taxonomy":"product_brand","embeddable":true,"href":"https:\/\/basseinimeistrid.ee\/fi\/wp-json\/wp\/v2\/product_brand?post=108267"},{"taxonomy":"product_cat","embeddable":true,"href":"https:\/\/basseinimeistrid.ee\/fi\/wp-json\/wp\/v2\/product_cat?post=108267"},{"taxonomy":"product_tag","embeddable":true,"href":"https:\/\/basseinimeistrid.ee\/fi\/wp-json\/wp\/v2\/product_tag?post=108267"}],"curies":[{"name":"wp","href":"https:\/\/api.w.org\/{rel}","templated":true}]}}