{"id":108268,"date":"2025-02-20T11:45:12","date_gmt":"2025-02-20T09:45:12","guid":{"rendered":"https:\/\/basseinimeistrid.ee\/pood\/Ei-luokiteltu\/kloorin-ja-bromin-neutralointiaine-6kg\/"},"modified":"2025-03-15T00:16:37","modified_gmt":"2025-03-14T22:16:37","slug":"kloorin-ja-bromin-neutralointiaine-6kg","status":"publish","type":"product","link":"https:\/\/basseinimeistrid.ee\/fi\/pood\/kloorin-ja-bromin-neutralointiaine-6kg\/","title":{"rendered":"Kloorin ja bromin neutralointiaine &#8211; 6kg"},"content":{"rendered":"<p>Chlorine Neutralizer hajottaa ylim\u00e4\u00e4r\u00e4isen kloorin ja bromin.<\/p>\n<p>Soveltuu k\u00e4ytett\u00e4v\u00e4ksi, kun kloorisokkia on tarvittu tilanteessa, jossa on kiireellinen tarve neutraloida ylim\u00e4\u00e4r\u00e4inen kloori vaaditun kontaktiajan j\u00e4lkeen.<br \/>\nAnnostus: 10 grammaa neutraloi 0,5 ppm klooria 10 m\u00b3:n vesitilavuutta kohden.<\/p>\n<ul>\n<li><a href=\"https:\/\/basseinimeistrid.ee\/wp-content\/uploads\/2025\/02\/astral_pool_veehooldustooted.pdf\" target=\"_blank\" rel=\"noopener\">Klikkaa T\u00c4ST\u00c4<\/a> saadaksesi AstralPoolin vedenhoitotuotteiden luettelon.<\/li>\n<\/ul>\n","protected":false},"excerpt":{"rendered":"<p>Chlorine Neutralizer hajottaa ylim\u00e4\u00e4r\u00e4isen kloorin ja bromin. Soveltuu k\u00e4ytett\u00e4v\u00e4ksi, kun kloorisokkia on tarvittu tilanteessa, jossa on kiireellinen tarve neutraloida ylim\u00e4\u00e4r\u00e4inen kloori vaaditun kontaktiajan j\u00e4lkeen. Annostus: 10 grammaa neutraloi 0,5 ppm klooria 10 m\u00b3:n vesitilavuutta kohden. Klikkaa T\u00c4ST\u00c4 saadaksesi AstralPoolin vedenhoitotuotteiden luettelon.<\/p>\n","protected":false},"featured_media":107001,"template":"","meta":{"_et_pb_use_builder":"","_et_pb_old_content":"","_et_gb_content_width":""},"product_brand":[],"product_cat":[224],"product_tag":[],"class_list":{"0":"post-108268","1":"product","2":"type-product","3":"status-publish","4":"has-post-thumbnail","6":"product_cat-allasveden-huolto-kloorialtaille","7":"product_shipping_class-pakiautomaat-fi","9":"first","10":"instock","11":"taxable","12":"shipping-taxable","13":"purchasable","14":"product-type-simple"},"jetpack_sharing_enabled":true,"_links":{"self":[{"href":"https:\/\/basseinimeistrid.ee\/fi\/wp-json\/wp\/v2\/product\/108268","targetHints":{"allow":["GET"]}}],"collection":[{"href":"https:\/\/basseinimeistrid.ee\/fi\/wp-json\/wp\/v2\/product"}],"about":[{"href":"https:\/\/basseinimeistrid.ee\/fi\/wp-json\/wp\/v2\/types\/product"}],"wp:featuredmedia":[{"embeddable":true,"href":"https:\/\/basseinimeistrid.ee\/fi\/wp-json\/wp\/v2\/media\/107001"}],"wp:attachment":[{"href":"https:\/\/basseinimeistrid.ee\/fi\/wp-json\/wp\/v2\/media?parent=108268"}],"wp:term":[{"taxonomy":"product_brand","embeddable":true,"href":"https:\/\/basseinimeistrid.ee\/fi\/wp-json\/wp\/v2\/product_brand?post=108268"},{"taxonomy":"product_cat","embeddable":true,"href":"https:\/\/basseinimeistrid.ee\/fi\/wp-json\/wp\/v2\/product_cat?post=108268"},{"taxonomy":"product_tag","embeddable":true,"href":"https:\/\/basseinimeistrid.ee\/fi\/wp-json\/wp\/v2\/product_tag?post=108268"}],"curies":[{"name":"wp","href":"https:\/\/api.w.org\/{rel}","templated":true}]}}