{"id":108270,"date":"2025-02-20T11:05:45","date_gmt":"2025-02-20T09:05:45","guid":{"rendered":"https:\/\/basseinimeistrid.ee\/pood\/Ei-luokiteltu\/multi-action-plus-tabletit-500g\/"},"modified":"2025-03-15T00:16:34","modified_gmt":"2025-03-14T22:16:34","slug":"multi-action-plus-tabletit-500g","status":"publish","type":"product","link":"https:\/\/basseinimeistrid.ee\/fi\/pood\/multi-action-plus-tabletit-500g\/","title":{"rendered":"Multi Action Plus tabletit 500g"},"content":{"rendered":"<p>Hitaasti liukenevat suuret tabletit\/blokit, joissa on desinfiointiainetta, lev\u00e4myrkky\u00e4 ja flokkulanttia. Kolme yhdess\u00e4. Annostus: 1 tabletti 50 m\u00b3 vesitilavuutta kohti.  <\/p>\n<ul>\n<li><a href=\"https:\/\/basseinimeistrid.ee\/wp-content\/uploads\/2025\/02\/astral_pool_veehooldustooted.pdf\" target=\"_blank\" rel=\"noopener\">Klikkaa T\u00c4ST\u00c4<\/a> saadaksesi AstralPoolin vedenhoitotuotteiden luettelon.<\/li>\n<\/ul>\n","protected":false},"excerpt":{"rendered":"<p>Hitaasti liukenevat suuret tabletit\/blokit, joissa on desinfiointiainetta, lev\u00e4myrkky\u00e4 ja flokkulanttia. Kolme yhdess\u00e4. Annostus: 1 tabletti 50 m\u00b3 vesitilavuutta kohti. Klikkaa T\u00c4ST\u00c4 saadaksesi AstralPoolin vedenhoitotuotteiden luettelon.<\/p>\n","protected":false},"featured_media":106985,"template":"","meta":{"_et_pb_use_builder":"","_et_pb_old_content":"","_et_gb_content_width":""},"product_brand":[],"product_cat":[224],"product_tag":[],"class_list":{"0":"post-108270","1":"product","2":"type-product","3":"status-publish","4":"has-post-thumbnail","6":"product_cat-allasveden-huolto-kloorialtaille","7":"product_shipping_class-pakiautomaat-fi","9":"first","10":"instock","11":"taxable","12":"shipping-taxable","13":"purchasable","14":"product-type-simple"},"jetpack_sharing_enabled":true,"_links":{"self":[{"href":"https:\/\/basseinimeistrid.ee\/fi\/wp-json\/wp\/v2\/product\/108270","targetHints":{"allow":["GET"]}}],"collection":[{"href":"https:\/\/basseinimeistrid.ee\/fi\/wp-json\/wp\/v2\/product"}],"about":[{"href":"https:\/\/basseinimeistrid.ee\/fi\/wp-json\/wp\/v2\/types\/product"}],"wp:featuredmedia":[{"embeddable":true,"href":"https:\/\/basseinimeistrid.ee\/fi\/wp-json\/wp\/v2\/media\/106985"}],"wp:attachment":[{"href":"https:\/\/basseinimeistrid.ee\/fi\/wp-json\/wp\/v2\/media?parent=108270"}],"wp:term":[{"taxonomy":"product_brand","embeddable":true,"href":"https:\/\/basseinimeistrid.ee\/fi\/wp-json\/wp\/v2\/product_brand?post=108270"},{"taxonomy":"product_cat","embeddable":true,"href":"https:\/\/basseinimeistrid.ee\/fi\/wp-json\/wp\/v2\/product_cat?post=108270"},{"taxonomy":"product_tag","embeddable":true,"href":"https:\/\/basseinimeistrid.ee\/fi\/wp-json\/wp\/v2\/product_tag?post=108270"}],"curies":[{"name":"wp","href":"https:\/\/api.w.org\/{rel}","templated":true}]}}