{"id":108275,"date":"2025-02-20T09:30:56","date_gmt":"2025-02-20T07:30:56","guid":{"rendered":"https:\/\/basseinimeistrid.ee\/pood\/Ei-luokiteltu\/ph-miinus-neste-20l\/"},"modified":"2025-03-15T14:14:26","modified_gmt":"2025-03-15T12:14:26","slug":"ph-miinus-neste-20l","status":"publish","type":"product","link":"https:\/\/basseinimeistrid.ee\/fi\/pood\/ph-miinus-neste-20l\/","title":{"rendered":"pH miinus neste &#8211; 20L"},"content":{"rendered":"<p>pH miinus -neste veden pH:n alentamiseen. Suositeltu pH-arvo uima-altaille on 7,2-7,6. <\/p>\n<p>&nbsp;<\/p>\n<ul>\n<li>Annostelu 325 ml \/ 10 m\u00b3, jos pH:ta halutaan laskea -0,2.<\/li>\n<li>Veden pH:n tasaisen alentamisen varmistamiseksi suosittelemme tuotteen k\u00e4ytt\u00f6\u00e4 <a href=\"https:\/\/basseinimeistrid.ee\/fi\/tuoteluokka\/vedenkasittely\/annostelu-laitteet\/\" target=\"_blank\" rel=\"noopener\">annosteluj\u00e4rjestelmien kanssa.<\/a><\/li>\n<\/ul>\n<p>&nbsp;<\/p>\n<ul>\n<li><a href=\"https:\/\/basseinimeistrid.ee\/wp-content\/uploads\/2025\/02\/astral_pool_veehooldustooted.pdf\" target=\"_blank\" rel=\"noopener\">Klikkaa T\u00c4ST\u00c4<\/a> saadaksesi AstralPoolin vedenhoitotuotteiden luettelon.<\/li>\n<\/ul>\n","protected":false},"excerpt":{"rendered":"<p>pH miinus -neste veden pH:n alentamiseen. Suositeltu pH-arvo uima-altaille on 7,2-7,6. &nbsp; Annostelu 325 ml \/ 10 m\u00b3, jos pH:ta halutaan laskea -0,2. Veden pH:n tasaisen alentamisen varmistamiseksi suosittelemme tuotteen k\u00e4ytt\u00f6\u00e4 annosteluj\u00e4rjestelmien kanssa. &nbsp; Klikkaa T\u00c4ST\u00c4 saadaksesi AstralPoolin vedenhoitotuotteiden luettelon.<\/p>\n","protected":false},"featured_media":106956,"template":"","meta":{"_et_pb_use_builder":"","_et_pb_old_content":"","_et_gb_content_width":""},"product_brand":[],"product_cat":[225,224],"product_tag":[],"class_list":{"0":"post-108275","1":"product","2":"type-product","3":"status-publish","4":"has-post-thumbnail","6":"product_cat-allasveden-huolto-kemikaalittomille-uima-altaille","7":"product_cat-allasveden-huolto-kloorialtaille","8":"product_shipping_class-kuller-fi","10":"first","11":"instock","12":"taxable","13":"shipping-taxable","14":"purchasable","15":"product-type-simple"},"jetpack_sharing_enabled":true,"_links":{"self":[{"href":"https:\/\/basseinimeistrid.ee\/fi\/wp-json\/wp\/v2\/product\/108275","targetHints":{"allow":["GET"]}}],"collection":[{"href":"https:\/\/basseinimeistrid.ee\/fi\/wp-json\/wp\/v2\/product"}],"about":[{"href":"https:\/\/basseinimeistrid.ee\/fi\/wp-json\/wp\/v2\/types\/product"}],"wp:featuredmedia":[{"embeddable":true,"href":"https:\/\/basseinimeistrid.ee\/fi\/wp-json\/wp\/v2\/media\/106956"}],"wp:attachment":[{"href":"https:\/\/basseinimeistrid.ee\/fi\/wp-json\/wp\/v2\/media?parent=108275"}],"wp:term":[{"taxonomy":"product_brand","embeddable":true,"href":"https:\/\/basseinimeistrid.ee\/fi\/wp-json\/wp\/v2\/product_brand?post=108275"},{"taxonomy":"product_cat","embeddable":true,"href":"https:\/\/basseinimeistrid.ee\/fi\/wp-json\/wp\/v2\/product_cat?post=108275"},{"taxonomy":"product_tag","embeddable":true,"href":"https:\/\/basseinimeistrid.ee\/fi\/wp-json\/wp\/v2\/product_tag?post=108275"}],"curies":[{"name":"wp","href":"https:\/\/api.w.org\/{rel}","templated":true}]}}