{"id":108277,"date":"2025-02-20T00:38:30","date_gmt":"2025-02-19T22:38:30","guid":{"rendered":"https:\/\/basseinimeistrid.ee\/pood\/Ei-luokiteltu\/ruostumattomasta-teraksesta-valmistettu-pidatysputki-marlinin-vastavirtalaitteisiin\/"},"modified":"2025-03-15T14:14:24","modified_gmt":"2025-03-15T12:14:24","slug":"ruostumattomasta-teraksesta-valmistettu-pidatysputki-marlinin-vastavirtalaitteisiin","status":"publish","type":"product","link":"https:\/\/basseinimeistrid.ee\/fi\/pood\/ruostumattomasta-teraksesta-valmistettu-pidatysputki-marlinin-vastavirtalaitteisiin\/","title":{"rendered":"Ruostumattomasta ter\u00e4ksest\u00e4 valmistettu pid\u00e4tysputki Marlinin vastavirtalaitteisiin"},"content":{"rendered":"<p>Pid\u00e4tysputki Marlinin vastavirtalaitteille. Kiinnittyy suoraan ohjauslevyyn (paitsi ohjauslevy 11013, jossa on jo valkoiset kahvat). <\/p>\n","protected":false},"excerpt":{"rendered":"<p>Pid\u00e4tysputki Marlinin vastavirtalaitteille. Kiinnittyy suoraan ohjauslevyyn (paitsi ohjauslevy 11013, jossa on jo valkoiset kahvat).<\/p>\n","protected":false},"featured_media":106920,"template":"","meta":{"_et_pb_use_builder":"","_et_pb_old_content":"","_et_gb_content_width":""},"product_brand":[],"product_cat":[222],"product_tag":[],"class_list":{"0":"post-108277","1":"product","2":"type-product","3":"status-publish","4":"has-post-thumbnail","6":"product_cat-vastavirtalaitteet","7":"product_shipping_class-pakiautomaat-fi","9":"first","10":"onbackorder","11":"taxable","12":"shipping-taxable","13":"purchasable","14":"product-type-simple"},"jetpack_sharing_enabled":true,"_links":{"self":[{"href":"https:\/\/basseinimeistrid.ee\/fi\/wp-json\/wp\/v2\/product\/108277","targetHints":{"allow":["GET"]}}],"collection":[{"href":"https:\/\/basseinimeistrid.ee\/fi\/wp-json\/wp\/v2\/product"}],"about":[{"href":"https:\/\/basseinimeistrid.ee\/fi\/wp-json\/wp\/v2\/types\/product"}],"wp:featuredmedia":[{"embeddable":true,"href":"https:\/\/basseinimeistrid.ee\/fi\/wp-json\/wp\/v2\/media\/106920"}],"wp:attachment":[{"href":"https:\/\/basseinimeistrid.ee\/fi\/wp-json\/wp\/v2\/media?parent=108277"}],"wp:term":[{"taxonomy":"product_brand","embeddable":true,"href":"https:\/\/basseinimeistrid.ee\/fi\/wp-json\/wp\/v2\/product_brand?post=108277"},{"taxonomy":"product_cat","embeddable":true,"href":"https:\/\/basseinimeistrid.ee\/fi\/wp-json\/wp\/v2\/product_cat?post=108277"},{"taxonomy":"product_tag","embeddable":true,"href":"https:\/\/basseinimeistrid.ee\/fi\/wp-json\/wp\/v2\/product_tag?post=108277"}],"curies":[{"name":"wp","href":"https:\/\/api.w.org\/{rel}","templated":true}]}}