{"id":108278,"date":"2025-02-20T00:30:27","date_gmt":"2025-02-19T22:30:27","guid":{"rendered":"https:\/\/basseinimeistrid.ee\/pood\/Ei-luokiteltu\/ruostumattomasta-teraksesta-valmistettu-ohjauslevy-marlin-vastavirtauslaitteille\/"},"modified":"2025-03-15T14:14:29","modified_gmt":"2025-03-15T12:14:29","slug":"ruostumattomasta-teraksesta-valmistettu-ohjauslevy-marlin-vastavirtauslaitteille","status":"publish","type":"product","link":"https:\/\/basseinimeistrid.ee\/fi\/pood\/ruostumattomasta-teraksesta-valmistettu-ohjauslevy-marlin-vastavirtauslaitteille\/","title":{"rendered":"Ruostumattomasta ter\u00e4ksest\u00e4 valmistettu ohjauslevy Marlin-vastavirtauslaitteille"},"content":{"rendered":"<p>Ruostumattomasta ter\u00e4ksest\u00e4 valmistettu ohjauspaneeli Marlin-vastavirtausyksik\u00f6ille, suuttimella ja painikkeilla. Pumpun kytkeminen p\u00e4\u00e4lle\/pois ja ilmam\u00e4\u00e4r\u00e4n s\u00e4\u00e4t\u00f6. <\/p>\n","protected":false},"excerpt":{"rendered":"<p>Ruostumattomasta ter\u00e4ksest\u00e4 valmistettu ohjauspaneeli Marlin-vastavirtausyksik\u00f6ille, suuttimella ja painikkeilla. Pumpun kytkeminen p\u00e4\u00e4lle\/pois ja ilmam\u00e4\u00e4r\u00e4n s\u00e4\u00e4t\u00f6.<\/p>\n","protected":false},"featured_media":106946,"template":"","meta":{"_et_pb_use_builder":"","_et_pb_old_content":"","_et_gb_content_width":""},"product_brand":[],"product_cat":[222],"product_tag":[],"class_list":{"0":"post-108278","1":"product","2":"type-product","3":"status-publish","4":"has-post-thumbnail","6":"product_cat-vastavirtalaitteet","7":"product_shipping_class-pakiautomaat-fi","9":"first","10":"instock","11":"taxable","12":"shipping-taxable","13":"purchasable","14":"product-type-simple"},"jetpack_sharing_enabled":true,"_links":{"self":[{"href":"https:\/\/basseinimeistrid.ee\/fi\/wp-json\/wp\/v2\/product\/108278","targetHints":{"allow":["GET"]}}],"collection":[{"href":"https:\/\/basseinimeistrid.ee\/fi\/wp-json\/wp\/v2\/product"}],"about":[{"href":"https:\/\/basseinimeistrid.ee\/fi\/wp-json\/wp\/v2\/types\/product"}],"wp:featuredmedia":[{"embeddable":true,"href":"https:\/\/basseinimeistrid.ee\/fi\/wp-json\/wp\/v2\/media\/106946"}],"wp:attachment":[{"href":"https:\/\/basseinimeistrid.ee\/fi\/wp-json\/wp\/v2\/media?parent=108278"}],"wp:term":[{"taxonomy":"product_brand","embeddable":true,"href":"https:\/\/basseinimeistrid.ee\/fi\/wp-json\/wp\/v2\/product_brand?post=108278"},{"taxonomy":"product_cat","embeddable":true,"href":"https:\/\/basseinimeistrid.ee\/fi\/wp-json\/wp\/v2\/product_cat?post=108278"},{"taxonomy":"product_tag","embeddable":true,"href":"https:\/\/basseinimeistrid.ee\/fi\/wp-json\/wp\/v2\/product_tag?post=108278"}],"curies":[{"name":"wp","href":"https:\/\/api.w.org\/{rel}","templated":true}]}}