{"id":108281,"date":"2025-02-20T00:18:50","date_gmt":"2025-02-19T22:18:50","guid":{"rendered":"https:\/\/basseinimeistrid.ee\/pood\/Ei-luokiteltu\/vastavirtalaite-marlin-30-ii-max-52m%c2%b3-h\/"},"modified":"2025-03-15T14:14:31","modified_gmt":"2025-03-15T12:14:31","slug":"vastavirtalaite-marlin-30-ii-max-52m%c2%b3-h","status":"publish","type":"product","link":"https:\/\/basseinimeistrid.ee\/fi\/pood\/vastavirtalaite-marlin-30-ii-max-52m%c2%b3-h\/","title":{"rendered":"Vastavirtalaite Marlin 30 II max 52m\u00b3\/h"},"content":{"rendered":"<h4>Astralpool Jetstream Marlin 30 II<\/h4>\n<p>Vastavirtauslaitesarja:<\/p>\n<ul>\n<li>2,2 kW 230 V yksivaiheinen vastavirtapumppu<\/li>\n<li>Max 52m\u00b3\/h (riippuu putkiston ominaisuuksista sek\u00e4 pumpun ja ohjauskortin v\u00e4lisest\u00e4 et\u00e4isyydest\u00e4)<\/li>\n<li>Valkoinen ohjauspaneeli, jossa suutin ja ohjauspainikkeet (pumpun p\u00e4\u00e4lle\/pois ja ilmam\u00e4\u00e4r\u00e4n s\u00e4\u00e4t\u00f6)<\/li>\n<li>ABS muovinen asennusrasia, syvyys 240mm, asennettavaksi sein\u00e4\u00e4n (harkko\/betoni).<\/li>\n<li>Ohjausyksikk\u00f6\/pumpun ohjain<\/li>\n<li>Ilmaletku<\/li>\n<li>Tiivisteet ja laippa (11503)<\/li>\n<\/ul>\n<p>My\u00f6s asennuslaatikon ja pumpun v\u00e4liset putkistokomponentit on ostettava. Pumpun tuloaukko 110 mm sis\u00e4puolella, ulostulo 90 mm sis\u00e4puolella. Kartiomainen siirtym\u00e4 voidaan sijoittaa v\u00e4litt\u00f6m\u00e4sti molempiin p\u00e4ihin. Imuputkiston asennusrasiaan asti tulee olla 75 mm. Asennuskotelon liit\u00e4nt\u00e4 63mm. Pumpusta l\u00e4htev\u00e4\u00e4 linjaa voidaan kaventaa 63 mm:iin ja niin edelleen asennuslaatikkoon asti.     <\/p>\n<p>&nbsp;<\/p>\n<p>Valinnaisesti saatavilla<\/p>\n<ul>\n<li>Ruostumattomasta ter\u00e4ksest\u00e4 valmistettu py\u00f6re\u00e4 kahva mukana tulevalle ohjauspaneelille (37214)<\/li>\n<li>valkoinen ohjauslevy kahvoilla (11013)<\/li>\n<\/ul>\n<p>Sarjan asennusohjeet <a href=\"https:\/\/basseinimeistrid.ee\/wp-content\/uploads\/2025\/02\/marlin-juhend.pdf\" target=\"_blank\" rel=\"noopener\">T\u00c4\u00c4LT\u00c4<\/a><\/p>\n<p>Pumppukammion v\u00e4himm\u00e4ismitat l\u00f6yd\u00e4t <a href=\"https:\/\/basseinimeistrid.ee\/wp-content\/uploads\/2025\/02\/MAN12_bombas_ECC_AP_v2008-.pdf\" target=\"_blank\" rel=\"noopener\">T\u00c4\u00c4LT\u00c4<\/a><\/p>\n<p>Max 6g\/l suolavett\u00e4<\/p>\n","protected":false},"excerpt":{"rendered":"<p>Astralpool Jetstream Marlin 30 II Vastavirtauslaitesarja: 2,2 kW 230 V yksivaiheinen vastavirtapumppu Max 52m\u00b3\/h (riippuu putkiston ominaisuuksista sek\u00e4 pumpun ja ohjauskortin v\u00e4lisest\u00e4 et\u00e4isyydest\u00e4) Valkoinen ohjauspaneeli, jossa suutin ja ohjauspainikkeet (pumpun p\u00e4\u00e4lle\/pois ja ilmam\u00e4\u00e4r\u00e4n s\u00e4\u00e4t\u00f6) ABS muovinen asennusrasia, syvyys 240mm, asennettavaksi sein\u00e4\u00e4n (harkko\/betoni). Ohjausyksikk\u00f6\/pumpun ohjain Ilmaletku Tiivisteet ja laippa (11503) My\u00f6s asennuslaatikon ja pumpun v\u00e4liset putkistokomponentit [&hellip;]<\/p>\n","protected":false},"featured_media":106911,"template":"","meta":{"_et_pb_use_builder":"","_et_pb_old_content":"","_et_gb_content_width":""},"product_brand":[],"product_cat":[222],"product_tag":[],"class_list":{"0":"post-108281","1":"product","2":"type-product","3":"status-publish","4":"has-post-thumbnail","6":"product_cat-vastavirtalaitteet","7":"product_shipping_class-pakiautomaat-fi","9":"first","10":"instock","11":"taxable","12":"shipping-taxable","13":"purchasable","14":"product-type-simple"},"jetpack_sharing_enabled":true,"_links":{"self":[{"href":"https:\/\/basseinimeistrid.ee\/fi\/wp-json\/wp\/v2\/product\/108281","targetHints":{"allow":["GET"]}}],"collection":[{"href":"https:\/\/basseinimeistrid.ee\/fi\/wp-json\/wp\/v2\/product"}],"about":[{"href":"https:\/\/basseinimeistrid.ee\/fi\/wp-json\/wp\/v2\/types\/product"}],"wp:featuredmedia":[{"embeddable":true,"href":"https:\/\/basseinimeistrid.ee\/fi\/wp-json\/wp\/v2\/media\/106911"}],"wp:attachment":[{"href":"https:\/\/basseinimeistrid.ee\/fi\/wp-json\/wp\/v2\/media?parent=108281"}],"wp:term":[{"taxonomy":"product_brand","embeddable":true,"href":"https:\/\/basseinimeistrid.ee\/fi\/wp-json\/wp\/v2\/product_brand?post=108281"},{"taxonomy":"product_cat","embeddable":true,"href":"https:\/\/basseinimeistrid.ee\/fi\/wp-json\/wp\/v2\/product_cat?post=108281"},{"taxonomy":"product_tag","embeddable":true,"href":"https:\/\/basseinimeistrid.ee\/fi\/wp-json\/wp\/v2\/product_tag?post=108281"}],"curies":[{"name":"wp","href":"https:\/\/api.w.org\/{rel}","templated":true}]}}