{"id":108283,"date":"2025-02-19T21:37:34","date_gmt":"2025-02-19T19:37:34","guid":{"rendered":"https:\/\/basseinimeistrid.ee\/pood\/Ei-luokiteltu\/ruostumattomasta-teraksesta-valmistetut-kaiteet-470x800-pohjalevylla\/"},"modified":"2025-03-15T14:14:56","modified_gmt":"2025-03-15T12:14:56","slug":"ruostumattomasta-teraksesta-valmistetut-kaiteet-470x800-pohjalevylla","status":"publish","type":"product","link":"https:\/\/basseinimeistrid.ee\/fi\/pood\/ruostumattomasta-teraksesta-valmistetut-kaiteet-470x800-pohjalevylla\/","title":{"rendered":"Ruostumattomasta ter\u00e4ksest\u00e4 valmistetut kaiteet 470&#215;800 pohjalevyll\u00e4"},"content":{"rendered":"<p>Vapaasti seisova kaiteet (2 kpl). Kiillotettu AISI316 haponkest\u00e4v\u00e4 ruostumaton ter\u00e4s. Putken halkaisija 43mm. Jalat hitsattu yhteiseen alustaan. Kiinnitys tapilla ja ruuveilla (mukana).   <\/p>\n","protected":false},"excerpt":{"rendered":"<p>Vapaasti seisova kaiteet (2 kpl). Kiillotettu AISI316 haponkest\u00e4v\u00e4 ruostumaton ter\u00e4s. Putken halkaisija 43mm. Jalat hitsattu yhteiseen alustaan. Kiinnitys tapilla ja ruuveilla (mukana).<\/p>\n","protected":false},"featured_media":106898,"template":"","meta":{"_et_pb_use_builder":"","_et_pb_old_content":"","_et_gb_content_width":""},"product_brand":[],"product_cat":[206],"product_tag":[],"class_list":{"0":"post-108283","1":"product","2":"type-product","3":"status-publish","4":"has-post-thumbnail","6":"product_cat-uima-altaan-tikkaat","7":"product_shipping_class-kuller-fi","9":"first","10":"instock","11":"taxable","12":"shipping-taxable","13":"purchasable","14":"product-type-simple"},"jetpack_sharing_enabled":true,"_links":{"self":[{"href":"https:\/\/basseinimeistrid.ee\/fi\/wp-json\/wp\/v2\/product\/108283","targetHints":{"allow":["GET"]}}],"collection":[{"href":"https:\/\/basseinimeistrid.ee\/fi\/wp-json\/wp\/v2\/product"}],"about":[{"href":"https:\/\/basseinimeistrid.ee\/fi\/wp-json\/wp\/v2\/types\/product"}],"wp:featuredmedia":[{"embeddable":true,"href":"https:\/\/basseinimeistrid.ee\/fi\/wp-json\/wp\/v2\/media\/106898"}],"wp:attachment":[{"href":"https:\/\/basseinimeistrid.ee\/fi\/wp-json\/wp\/v2\/media?parent=108283"}],"wp:term":[{"taxonomy":"product_brand","embeddable":true,"href":"https:\/\/basseinimeistrid.ee\/fi\/wp-json\/wp\/v2\/product_brand?post=108283"},{"taxonomy":"product_cat","embeddable":true,"href":"https:\/\/basseinimeistrid.ee\/fi\/wp-json\/wp\/v2\/product_cat?post=108283"},{"taxonomy":"product_tag","embeddable":true,"href":"https:\/\/basseinimeistrid.ee\/fi\/wp-json\/wp\/v2\/product_tag?post=108283"}],"curies":[{"name":"wp","href":"https:\/\/api.w.org\/{rel}","templated":true}]}}