{"id":108284,"date":"2025-02-19T21:16:52","date_gmt":"2025-02-19T19:16:52","guid":{"rendered":"https:\/\/basseinimeistrid.ee\/pood\/Ei-luokiteltu\/astralpool-mini-vesiverho-a-304-satiini\/"},"modified":"2025-03-15T14:14:55","modified_gmt":"2025-03-15T12:14:55","slug":"astralpool-mini-vesiverho-a-304-satiini","status":"publish","type":"product","link":"https:\/\/basseinimeistrid.ee\/fi\/pood\/astralpool-mini-vesiverho-a-304-satiini\/","title":{"rendered":"Astralpool MINI &#8221;vesiverho&#8221; A-304 satiini"},"content":{"rendered":"<p>Astralpool 346mm leve\u00e4 kaskadi\/vesiverho. AISI304 ruostumaton ter\u00e4s, satiinipinta. Kiinnitet\u00e4\u00e4n maahan ruuveilla ja tapilla.  <\/p>\n<ul>\n<li>Liit\u00e4nt\u00e4 1\u00bd&#8221; sis\u00e4kierre<\/li>\n<li>Suositeltu veden virtausnopeus n. 12m\u00b3\/h<\/li>\n<\/ul>\n","protected":false},"excerpt":{"rendered":"<p>Astralpool 346mm leve\u00e4 kaskadi\/vesiverho. AISI304 ruostumaton ter\u00e4s, satiinipinta. Kiinnitet\u00e4\u00e4n maahan ruuveilla ja tapilla. Liit\u00e4nt\u00e4 1\u00bd&#8221; sis\u00e4kierre Suositeltu veden virtausnopeus n. 12m\u00b3\/h<\/p>\n","protected":false},"featured_media":106883,"template":"","meta":{"_et_pb_use_builder":"","_et_pb_old_content":"","_et_gb_content_width":""},"product_brand":[],"product_cat":[208],"product_tag":[],"class_list":{"0":"post-108284","1":"product","2":"type-product","3":"status-publish","4":"has-post-thumbnail","6":"product_cat-vesiputouksia","7":"product_shipping_class-kuller-fi","9":"first","10":"instock","11":"taxable","12":"shipping-taxable","13":"purchasable","14":"product-type-simple"},"jetpack_sharing_enabled":true,"_links":{"self":[{"href":"https:\/\/basseinimeistrid.ee\/fi\/wp-json\/wp\/v2\/product\/108284","targetHints":{"allow":["GET"]}}],"collection":[{"href":"https:\/\/basseinimeistrid.ee\/fi\/wp-json\/wp\/v2\/product"}],"about":[{"href":"https:\/\/basseinimeistrid.ee\/fi\/wp-json\/wp\/v2\/types\/product"}],"wp:featuredmedia":[{"embeddable":true,"href":"https:\/\/basseinimeistrid.ee\/fi\/wp-json\/wp\/v2\/media\/106883"}],"wp:attachment":[{"href":"https:\/\/basseinimeistrid.ee\/fi\/wp-json\/wp\/v2\/media?parent=108284"}],"wp:term":[{"taxonomy":"product_brand","embeddable":true,"href":"https:\/\/basseinimeistrid.ee\/fi\/wp-json\/wp\/v2\/product_brand?post=108284"},{"taxonomy":"product_cat","embeddable":true,"href":"https:\/\/basseinimeistrid.ee\/fi\/wp-json\/wp\/v2\/product_cat?post=108284"},{"taxonomy":"product_tag","embeddable":true,"href":"https:\/\/basseinimeistrid.ee\/fi\/wp-json\/wp\/v2\/product_tag?post=108284"}],"curies":[{"name":"wp","href":"https:\/\/api.w.org\/{rel}","templated":true}]}}