{"id":108285,"date":"2025-02-19T21:14:00","date_gmt":"2025-02-19T19:14:00","guid":{"rendered":"https:\/\/basseinimeistrid.ee\/pood\/Ei-luokiteltu\/astralpool-a-500-vesiverho-500mm\/"},"modified":"2025-03-15T14:14:52","modified_gmt":"2025-03-15T12:14:52","slug":"astralpool-a-500-vesiverho-500mm","status":"publish","type":"product","link":"https:\/\/basseinimeistrid.ee\/fi\/pood\/astralpool-a-500-vesiverho-500mm\/","title":{"rendered":"Astralpool A-500 &#8221;vesiverho&#8221; 500mm"},"content":{"rendered":"<p>Astralpool 500mm leve\u00e4 kaskadi\/vesiverho. AISI316 ruostumaton ter\u00e4s, s\u00e4hk\u00f6kiillotettu viimeistely. Kiinnitet\u00e4\u00e4n maahan ruuveilla ja tapilla.  <\/p>\n<ul>\n<li>Liit\u00e4nt\u00e4 1\u00bd&#8221; ulkokierre<\/li>\n<li>Suositeltu veden virtausnopeus n. 18m\u00b3\/h<\/li>\n<\/ul>\n","protected":false},"excerpt":{"rendered":"<p>Astralpool 500mm leve\u00e4 kaskadi\/vesiverho. AISI316 ruostumaton ter\u00e4s, s\u00e4hk\u00f6kiillotettu viimeistely. Kiinnitet\u00e4\u00e4n maahan ruuveilla ja tapilla. Liit\u00e4nt\u00e4 1\u00bd&#8221; ulkokierre Suositeltu veden virtausnopeus n. 18m\u00b3\/h<\/p>\n","protected":false},"featured_media":106893,"template":"","meta":{"_et_pb_use_builder":"","_et_pb_old_content":"","_et_gb_content_width":""},"product_brand":[],"product_cat":[208],"product_tag":[],"class_list":{"0":"post-108285","1":"product","2":"type-product","3":"status-publish","4":"has-post-thumbnail","6":"product_cat-vesiputouksia","7":"product_shipping_class-kuller-fi","9":"first","10":"onbackorder","11":"taxable","12":"shipping-taxable","13":"purchasable","14":"product-type-simple"},"jetpack_sharing_enabled":true,"_links":{"self":[{"href":"https:\/\/basseinimeistrid.ee\/fi\/wp-json\/wp\/v2\/product\/108285","targetHints":{"allow":["GET"]}}],"collection":[{"href":"https:\/\/basseinimeistrid.ee\/fi\/wp-json\/wp\/v2\/product"}],"about":[{"href":"https:\/\/basseinimeistrid.ee\/fi\/wp-json\/wp\/v2\/types\/product"}],"wp:featuredmedia":[{"embeddable":true,"href":"https:\/\/basseinimeistrid.ee\/fi\/wp-json\/wp\/v2\/media\/106893"}],"wp:attachment":[{"href":"https:\/\/basseinimeistrid.ee\/fi\/wp-json\/wp\/v2\/media?parent=108285"}],"wp:term":[{"taxonomy":"product_brand","embeddable":true,"href":"https:\/\/basseinimeistrid.ee\/fi\/wp-json\/wp\/v2\/product_brand?post=108285"},{"taxonomy":"product_cat","embeddable":true,"href":"https:\/\/basseinimeistrid.ee\/fi\/wp-json\/wp\/v2\/product_cat?post=108285"},{"taxonomy":"product_tag","embeddable":true,"href":"https:\/\/basseinimeistrid.ee\/fi\/wp-json\/wp\/v2\/product_tag?post=108285"}],"curies":[{"name":"wp","href":"https:\/\/api.w.org\/{rel}","templated":true}]}}