{"id":108287,"date":"2025-02-19T19:51:09","date_gmt":"2025-02-19T17:51:09","guid":{"rendered":"https:\/\/basseinimeistrid.ee\/pood\/Ei-luokiteltu\/ruostumattomasta-teraksesta-valmistettu-kaide-1200x800\/"},"modified":"2025-03-15T14:14:53","modified_gmt":"2025-03-15T12:14:53","slug":"ruostumattomasta-teraksesta-valmistettu-kaide-1200x800","status":"publish","type":"product","link":"https:\/\/basseinimeistrid.ee\/fi\/pood\/ruostumattomasta-teraksesta-valmistettu-kaide-1200x800\/","title":{"rendered":"Ruostumattomasta ter\u00e4ksest\u00e4 valmistettu kaide 1200&#215;800"},"content":{"rendered":"<p>Vapaasti seisova kaide (1 kpl). Kiillotettua AISI316 haponkest\u00e4v\u00e4\u00e4 ruostumatonta ter\u00e4st\u00e4. Kiinnitys upotetuilla ja sis\u00e4\u00e4nvaletuilla ankkuriholkeilla (00042). Putken halkaisija 43 mm. Mukana kiinnityssuojarenkaat.    <\/p>\n<p>Muoto sopii hyvin uima-altaaseen, jossa on portaat turvallista poistumista varten.<\/p>\n<p>Asennuskorkeus 800. Itse putki 880 (80mm menee betonoituun holkkiin). <\/p>\n","protected":false},"excerpt":{"rendered":"<p>Vapaasti seisova kaide (1 kpl). Kiillotettua AISI316 haponkest\u00e4v\u00e4\u00e4 ruostumatonta ter\u00e4st\u00e4. Kiinnitys upotetuilla ja sis\u00e4\u00e4nvaletuilla ankkuriholkeilla (00042). Putken halkaisija 43 mm. Mukana kiinnityssuojarenkaat. Muoto sopii hyvin uima-altaaseen, jossa on portaat turvallista poistumista varten. Asennuskorkeus 800. Itse putki 880 (80mm menee betonoituun holkkiin).<\/p>\n","protected":false},"featured_media":106868,"template":"","meta":{"_et_pb_use_builder":"","_et_pb_old_content":"","_et_gb_content_width":""},"product_brand":[],"product_cat":[206],"product_tag":[],"class_list":{"0":"post-108287","1":"product","2":"type-product","3":"status-publish","4":"has-post-thumbnail","6":"product_cat-uima-altaan-tikkaat","7":"product_shipping_class-kuller-fi","9":"first","10":"instock","11":"taxable","12":"shipping-taxable","13":"purchasable","14":"product-type-simple"},"jetpack_sharing_enabled":true,"_links":{"self":[{"href":"https:\/\/basseinimeistrid.ee\/fi\/wp-json\/wp\/v2\/product\/108287","targetHints":{"allow":["GET"]}}],"collection":[{"href":"https:\/\/basseinimeistrid.ee\/fi\/wp-json\/wp\/v2\/product"}],"about":[{"href":"https:\/\/basseinimeistrid.ee\/fi\/wp-json\/wp\/v2\/types\/product"}],"wp:featuredmedia":[{"embeddable":true,"href":"https:\/\/basseinimeistrid.ee\/fi\/wp-json\/wp\/v2\/media\/106868"}],"wp:attachment":[{"href":"https:\/\/basseinimeistrid.ee\/fi\/wp-json\/wp\/v2\/media?parent=108287"}],"wp:term":[{"taxonomy":"product_brand","embeddable":true,"href":"https:\/\/basseinimeistrid.ee\/fi\/wp-json\/wp\/v2\/product_brand?post=108287"},{"taxonomy":"product_cat","embeddable":true,"href":"https:\/\/basseinimeistrid.ee\/fi\/wp-json\/wp\/v2\/product_cat?post=108287"},{"taxonomy":"product_tag","embeddable":true,"href":"https:\/\/basseinimeistrid.ee\/fi\/wp-json\/wp\/v2\/product_tag?post=108287"}],"curies":[{"name":"wp","href":"https:\/\/api.w.org\/{rel}","templated":true}]}}