{"id":108289,"date":"2025-02-19T19:30:06","date_gmt":"2025-02-19T17:30:06","guid":{"rendered":"https:\/\/basseinimeistrid.ee\/pood\/Ei-luokiteltu\/ruostumattomasta-teraksesta-kaiteet-470x800\/"},"modified":"2025-03-15T14:14:51","modified_gmt":"2025-03-15T12:14:51","slug":"ruostumattomasta-teraksesta-kaiteet-470x800","status":"publish","type":"product","link":"https:\/\/basseinimeistrid.ee\/fi\/pood\/ruostumattomasta-teraksesta-kaiteet-470x800\/","title":{"rendered":"Ruostumattomasta ter\u00e4ksest\u00e4 kaiteet 470&#215;800"},"content":{"rendered":"<p>Vapaasti seisova kaiteet (2 kpl). Kiillotettua AISI316 haponkest\u00e4v\u00e4\u00e4 ruostumatonta ter\u00e4st\u00e4. Kiinnitys tapilla ja ruuveilla (mukana). Putken halkaisija 43 mm.   <\/p>\n","protected":false},"excerpt":{"rendered":"<p>Vapaasti seisova kaiteet (2 kpl). Kiillotettua AISI316 haponkest\u00e4v\u00e4\u00e4 ruostumatonta ter\u00e4st\u00e4. Kiinnitys tapilla ja ruuveilla (mukana). Putken halkaisija 43 mm.<\/p>\n","protected":false},"featured_media":106851,"template":"","meta":{"_et_pb_use_builder":"","_et_pb_old_content":"","_et_gb_content_width":""},"product_brand":[],"product_cat":[206],"product_tag":[],"class_list":{"0":"post-108289","1":"product","2":"type-product","3":"status-publish","4":"has-post-thumbnail","6":"product_cat-uima-altaan-tikkaat","7":"product_shipping_class-kuller-fi","9":"first","10":"instock","11":"taxable","12":"shipping-taxable","13":"purchasable","14":"product-type-simple"},"jetpack_sharing_enabled":true,"_links":{"self":[{"href":"https:\/\/basseinimeistrid.ee\/fi\/wp-json\/wp\/v2\/product\/108289","targetHints":{"allow":["GET"]}}],"collection":[{"href":"https:\/\/basseinimeistrid.ee\/fi\/wp-json\/wp\/v2\/product"}],"about":[{"href":"https:\/\/basseinimeistrid.ee\/fi\/wp-json\/wp\/v2\/types\/product"}],"wp:featuredmedia":[{"embeddable":true,"href":"https:\/\/basseinimeistrid.ee\/fi\/wp-json\/wp\/v2\/media\/106851"}],"wp:attachment":[{"href":"https:\/\/basseinimeistrid.ee\/fi\/wp-json\/wp\/v2\/media?parent=108289"}],"wp:term":[{"taxonomy":"product_brand","embeddable":true,"href":"https:\/\/basseinimeistrid.ee\/fi\/wp-json\/wp\/v2\/product_brand?post=108289"},{"taxonomy":"product_cat","embeddable":true,"href":"https:\/\/basseinimeistrid.ee\/fi\/wp-json\/wp\/v2\/product_cat?post=108289"},{"taxonomy":"product_tag","embeddable":true,"href":"https:\/\/basseinimeistrid.ee\/fi\/wp-json\/wp\/v2\/product_tag?post=108289"}],"curies":[{"name":"wp","href":"https:\/\/api.w.org\/{rel}","templated":true}]}}