{"id":108291,"date":"2025-02-19T19:09:10","date_gmt":"2025-02-19T17:09:10","guid":{"rendered":"https:\/\/basseinimeistrid.ee\/pood\/Ei-luokiteltu\/ruostumattomasta-teraksesta-kaide-1m-aisi316\/"},"modified":"2025-03-15T14:14:48","modified_gmt":"2025-03-15T12:14:48","slug":"ruostumattomasta-teraksesta-kaide-1m-aisi316","status":"publish","type":"product","link":"https:\/\/basseinimeistrid.ee\/fi\/pood\/ruostumattomasta-teraksesta-kaide-1m-aisi316\/","title":{"rendered":"Ruostumattomasta ter\u00e4ksest\u00e4 kaide 1m AISI316"},"content":{"rendered":"<h4>Astralpool-kaide\/kaide<\/h4>\n<p>Yksinkertainen kaide\/kaide kiillotettua AISI316 ruostumatonta ter\u00e4st\u00e4. Putken halkaisija 43 mm. Pituus n. 1m. Sarja sis\u00e4lt\u00e4\u00e4 tapit ja ruostumattomat kiinnikkeet.   <\/p>\n","protected":false},"excerpt":{"rendered":"<p>Astralpool-kaide\/kaide Yksinkertainen kaide\/kaide kiillotettua AISI316 ruostumatonta ter\u00e4st\u00e4. Putken halkaisija 43 mm. Pituus n. 1m. Sarja sis\u00e4lt\u00e4\u00e4 tapit ja ruostumattomat kiinnikkeet.<\/p>\n","protected":false},"featured_media":106843,"template":"","meta":{"_et_pb_use_builder":"","_et_pb_old_content":"","_et_gb_content_width":""},"product_brand":[],"product_cat":[206],"product_tag":[],"class_list":{"0":"post-108291","1":"product","2":"type-product","3":"status-publish","4":"has-post-thumbnail","6":"product_cat-uima-altaan-tikkaat","7":"product_shipping_class-kuller-fi","9":"first","10":"instock","11":"taxable","12":"shipping-taxable","13":"purchasable","14":"product-type-simple"},"jetpack_sharing_enabled":true,"_links":{"self":[{"href":"https:\/\/basseinimeistrid.ee\/fi\/wp-json\/wp\/v2\/product\/108291","targetHints":{"allow":["GET"]}}],"collection":[{"href":"https:\/\/basseinimeistrid.ee\/fi\/wp-json\/wp\/v2\/product"}],"about":[{"href":"https:\/\/basseinimeistrid.ee\/fi\/wp-json\/wp\/v2\/types\/product"}],"wp:featuredmedia":[{"embeddable":true,"href":"https:\/\/basseinimeistrid.ee\/fi\/wp-json\/wp\/v2\/media\/106843"}],"wp:attachment":[{"href":"https:\/\/basseinimeistrid.ee\/fi\/wp-json\/wp\/v2\/media?parent=108291"}],"wp:term":[{"taxonomy":"product_brand","embeddable":true,"href":"https:\/\/basseinimeistrid.ee\/fi\/wp-json\/wp\/v2\/product_brand?post=108291"},{"taxonomy":"product_cat","embeddable":true,"href":"https:\/\/basseinimeistrid.ee\/fi\/wp-json\/wp\/v2\/product_cat?post=108291"},{"taxonomy":"product_tag","embeddable":true,"href":"https:\/\/basseinimeistrid.ee\/fi\/wp-json\/wp\/v2\/product_tag?post=108291"}],"curies":[{"name":"wp","href":"https:\/\/api.w.org\/{rel}","templated":true}]}}