{"id":108293,"date":"2025-02-19T18:31:05","date_gmt":"2025-02-19T16:31:05","guid":{"rendered":"https:\/\/basseinimeistrid.ee\/pood\/Ei-luokiteltu\/paluuvirtaussarja-style-105-x-10-5mm\/"},"modified":"2025-03-15T14:14:49","modified_gmt":"2025-03-15T12:14:49","slug":"paluuvirtaussarja-style-105-x-10-5mm","status":"publish","type":"product","link":"https:\/\/basseinimeistrid.ee\/fi\/pood\/paluuvirtaussarja-style-105-x-10-5mm\/","title":{"rendered":"Paluuvirtaussarja Style 105 x 10 5mm"},"content":{"rendered":"<p>Astralpoolin STYLE-mallisto on uusi valikoima 1\u00bd tuuman 316L-ruostumattomasta ter\u00e4ksest\u00e4 valmistettuja, urospuolisia paluu- ja imusuuttimia, jotka on tarkoitettu k\u00e4ytett\u00e4v\u00e4ksi PVC-kalvo- ja betonialtaissa. Sarjaan sis\u00e4ltyy kivi\/betonisein\u00e4holkki. Tiivisteet sis\u00e4ltyv\u00e4t toimitukseen.  <\/p>\n<ul>\n<li>Kansilevy 105x105mm<\/li>\n<li>Kierren pituus 35mm<\/li>\n<li>Paluuaukon koko &#8211; 25 mm<\/li>\n<li>Veden paluuvirtaus &#8211; jopa 7 m\u00b3\/h<\/li>\n<\/ul>\n<p>L\u00e4piviennin tiedot:<\/p>\n<ul>\n<li>Pituus 250 mm<\/li>\n<li>50 mm:n liimaliitos paluuputkiston liitt\u00e4miseen<\/li>\n<li>Sis\u00e4kierre 1\u00bd&#8221; paluusuuttimen liit\u00e4nt\u00e4\u00e4 varten<\/li>\n<\/ul>\n","protected":false},"excerpt":{"rendered":"<p>Astralpoolin STYLE-mallisto on uusi valikoima 1\u00bd tuuman 316L-ruostumattomasta ter\u00e4ksest\u00e4 valmistettuja, urospuolisia paluu- ja imusuuttimia, jotka on tarkoitettu k\u00e4ytett\u00e4v\u00e4ksi PVC-kalvo- ja betonialtaissa. Sarjaan sis\u00e4ltyy kivi\/betonisein\u00e4holkki. Tiivisteet sis\u00e4ltyv\u00e4t toimitukseen. Kansilevy 105x105mm Kierren pituus 35mm Paluuaukon koko &#8211; 25 mm Veden paluuvirtaus &#8211; jopa 7 m\u00b3\/h L\u00e4piviennin tiedot: Pituus 250 mm 50 mm:n liimaliitos paluuputkiston liitt\u00e4miseen Sis\u00e4kierre 1\u00bd&#8221; [&hellip;]<\/p>\n","protected":false},"featured_media":106815,"template":"","meta":{"_et_pb_use_builder":"","_et_pb_old_content":"","_et_gb_content_width":""},"product_brand":[],"product_cat":[241],"product_tag":[],"class_list":{"0":"post-108293","1":"product","2":"type-product","3":"status-publish","4":"has-post-thumbnail","6":"product_cat-tuloosuuttimet","7":"product_shipping_class-pakiautomaat-fi","9":"first","10":"instock","11":"taxable","12":"shipping-taxable","13":"purchasable","14":"product-type-simple"},"jetpack_sharing_enabled":true,"_links":{"self":[{"href":"https:\/\/basseinimeistrid.ee\/fi\/wp-json\/wp\/v2\/product\/108293","targetHints":{"allow":["GET"]}}],"collection":[{"href":"https:\/\/basseinimeistrid.ee\/fi\/wp-json\/wp\/v2\/product"}],"about":[{"href":"https:\/\/basseinimeistrid.ee\/fi\/wp-json\/wp\/v2\/types\/product"}],"wp:featuredmedia":[{"embeddable":true,"href":"https:\/\/basseinimeistrid.ee\/fi\/wp-json\/wp\/v2\/media\/106815"}],"wp:attachment":[{"href":"https:\/\/basseinimeistrid.ee\/fi\/wp-json\/wp\/v2\/media?parent=108293"}],"wp:term":[{"taxonomy":"product_brand","embeddable":true,"href":"https:\/\/basseinimeistrid.ee\/fi\/wp-json\/wp\/v2\/product_brand?post=108293"},{"taxonomy":"product_cat","embeddable":true,"href":"https:\/\/basseinimeistrid.ee\/fi\/wp-json\/wp\/v2\/product_cat?post=108293"},{"taxonomy":"product_tag","embeddable":true,"href":"https:\/\/basseinimeistrid.ee\/fi\/wp-json\/wp\/v2\/product_tag?post=108293"}],"curies":[{"name":"wp","href":"https:\/\/api.w.org\/{rel}","templated":true}]}}