{"id":108294,"date":"2025-02-19T17:19:01","date_gmt":"2025-02-19T15:19:01","guid":{"rendered":"https:\/\/basseinimeistrid.ee\/pood\/Ei-luokiteltu\/allastikkaat-suorat-plus-aisi316\/"},"modified":"2025-03-14T06:28:11","modified_gmt":"2025-03-14T04:28:11","slug":"allastikkaat-suorat-plus-aisi316","status":"publish","type":"product","link":"https:\/\/basseinimeistrid.ee\/fi\/pood\/allastikkaat-suorat-plus-aisi316\/","title":{"rendered":"Allastikkaat suorat Plus AISI316"},"content":{"rendered":"<h4>Astralpool suora muoto Plus allastikkaat<\/h4>\n<p>Laadukkaasta AISI316 haponkest\u00e4v\u00e4st\u00e4 ruostumattomasta ter\u00e4ksest\u00e4 valmistetut uimatikkaat. Tikkaat eri portailla\/pituuksilla saatavilla. Tikkaat ovat eurooppalaisen standardin EN 16582-1 mukaisia. 07331. Astralpool on valmistanut uimatikkaita yli 30 vuoden ajan!<\/p>\n<p>Tikkaiden oikeaan ja turvalliseen kiinnitykseen suosittelemme erityisen upotetun ankkuriholkin (00042) tai viimeistellyille pinnoille asennussarjan (72845) k\u00e4ytt\u00f6\u00e4.<\/p>\n<p>Tikkaiden t\u00e4rkeimm\u00e4t ominaisuudet:<\/p>\n<ul>\n<li>Putken halkaisija 43 mm<\/li>\n<li>Haponkest\u00e4v\u00e4\u00e4 AISI316 ruostumatonta ter\u00e4st\u00e4<\/li>\n<li>Mukavat Luxe-portaat<\/li>\n<li>Kantavuus jopa 150 kg<\/li>\n<li>Tikkaiden leveys putken keskelt\u00e4 500 mm<\/li>\n<li>Askelv\u00e4li 260 mm<\/li>\n<\/ul>\n<p>3-portaiset tikkaat (M00142):<\/p>\n<ul>\n<li>kokonaiskorkeus (A) 158cm<\/li>\n<li>alaosan tukipiste (B) 96 cm altaan pinnasta<\/li>\n<li>Altaan v\u00e4himm\u00e4issyvyys*(C) n\u00e4iden tikkaiden asennuspaikassa 100 cm<\/li>\n<\/ul>\n<p>4-portaiset tikkaat (M00143):<\/p>\n<ul>\n<li>kokonaiskorkeus (A) 184cm<\/li>\n<li>alaosan tukipiste (B) 122 cm altaan pinnasta<\/li>\n<li>Altaan v\u00e4himm\u00e4issyvyys*(C) n\u00e4iden tikkaiden asennuspaikassa 126 cm<\/li>\n<\/ul>\n<p>*altaan pinnasta\/viimeistelymateriaalista mitattuna.<\/p>\n<p>Tarkka piirustus <a href=\"https:\/\/basseinimeistrid.ee\/wp-content\/uploads\/2025\/02\/basseiniredel-standard-plus-joonis.pdf\" target=\"_blank\" rel=\"noopener\">T\u00c4\u00c4LT\u00c4<\/a><\/p>\n<p>Englanninkieliset asennusohjeet <a href=\"https:\/\/basseinimeistrid.ee\/wp-content\/uploads\/2025\/02\/rvs316-redeli-paigaldusjuhend.pdf\" target=\"_blank\" rel=\"noopener\">T\u00c4\u00c4LT\u00c4<\/a><\/p>\n<p id=\"tw-target-text\" class=\"tw-data-text tw-text-large tw-ta\" dir=\"ltr\" data-placeholder=\"T\u00f5lge\" data-ved=\"2ahUKEwjUg5rS17mLAxXyi8MKHXPtBPcQ3ewLegQIBxAV\" aria-label=\"T\u00f5lgitud tekst: NB! Roostevaba teras v\u00f5ib ka korrodeeruda. Vee kvaliteet ja selle t\u00f6\u00f6tlemine roostevabast terasest pind on pikaealisuse ja visuaalse atraktiivsuse olulised tegurid pinnale. Roostevabast terasest pinna s\u00e4ilitamiseks kasutage meie roostevaba terast puhastusvahend 72845 (1 liiter).\"><span class=\"Y2IQFc\" lang=\"et\">HUOM! Mik\u00e4 tahansa ruostumaton ter\u00e4s voi ruostua. Allasveden laadusta, lis\u00e4aineiden k\u00e4yt\u00f6st\u00e4, kemikaalien k\u00e4yt\u00f6st\u00e4 ja vedenk\u00e4sittelytekniikasta riippuen. Ruostumattoman ter\u00e4ksen pinnan pitk\u00e4ik\u00e4isyyden ja ulkon\u00e4\u00f6n s\u00e4ilytt\u00e4miseksi suosittelemme sopivan ruostumattoman ter\u00e4ksen puhdistus-\/huoltotuotteen k\u00e4ytt\u00f6\u00e4 (esim. Astralpool Stainless Cleaner). <a href=\"https:\/\/basseinimeistrid.ee\/fi\/pood\/altaan-veden-huolto\/allasveden-huolto-kloorialtaille\/ruostumattoman-teraksen-puhdistusaine-1l\/\" target=\"_blank\" rel=\"noopener\">art no. 72845 <\/a> ).<\/span><\/p>\n<p dir=\"ltr\" data-placeholder=\"T\u00f5lge\" data-ved=\"2ahUKEwjUg5rS17mLAxXyi8MKHXPtBPcQ3ewLegQIBxAV\" aria-label=\"T\u00f5lgitud tekst: NB! Roostevaba teras v\u00f5ib ka korrodeeruda. Vee kvaliteet ja selle t\u00f6\u00f6tlemine roostevabast terasest pind on pikaealisuse ja visuaalse atraktiivsuse olulised tegurid pinnale. Roostevabast terasest pinna s\u00e4ilitamiseks kasutage meie roostevaba terast puhastusvahend 72845 (1 liiter).\">HUOM! Uintitikkaiden tulee olla maadoitettuja!<\/p>\n","protected":false},"excerpt":{"rendered":"<p>Astralpool suora muoto Plus allastikkaat Laadukkaasta AISI316 haponkest\u00e4v\u00e4st\u00e4 ruostumattomasta ter\u00e4ksest\u00e4 valmistetut uimatikkaat. Tikkaat eri portailla\/pituuksilla saatavilla. Tikkaat ovat eurooppalaisen standardin EN 16582-1 mukaisia. 07331. Astralpool on valmistanut uimatikkaita yli 30 vuoden ajan! Tikkaiden oikeaan ja turvalliseen kiinnitykseen suosittelemme erityisen upotetun ankkuriholkin (00042) tai viimeistellyille pinnoille asennussarjan (72845) k\u00e4ytt\u00f6\u00e4. Tikkaiden t\u00e4rkeimm\u00e4t ominaisuudet: Putken halkaisija 43 mm [&hellip;]<\/p>\n","protected":false},"featured_media":106787,"template":"","meta":{"_et_pb_use_builder":"","_et_pb_old_content":"","_et_gb_content_width":""},"product_brand":[],"product_cat":[206],"product_tag":[],"class_list":{"0":"post-108294","1":"product","2":"type-product","3":"status-publish","4":"has-post-thumbnail","6":"product_cat-uima-altaan-tikkaat","7":"product_shipping_class-kuller-fi","9":"first","10":"instock","11":"taxable","12":"shipping-taxable","13":"purchasable","14":"product-type-simple"},"jetpack_sharing_enabled":true,"_links":{"self":[{"href":"https:\/\/basseinimeistrid.ee\/fi\/wp-json\/wp\/v2\/product\/108294","targetHints":{"allow":["GET"]}}],"collection":[{"href":"https:\/\/basseinimeistrid.ee\/fi\/wp-json\/wp\/v2\/product"}],"about":[{"href":"https:\/\/basseinimeistrid.ee\/fi\/wp-json\/wp\/v2\/types\/product"}],"wp:featuredmedia":[{"embeddable":true,"href":"https:\/\/basseinimeistrid.ee\/fi\/wp-json\/wp\/v2\/media\/106787"}],"wp:attachment":[{"href":"https:\/\/basseinimeistrid.ee\/fi\/wp-json\/wp\/v2\/media?parent=108294"}],"wp:term":[{"taxonomy":"product_brand","embeddable":true,"href":"https:\/\/basseinimeistrid.ee\/fi\/wp-json\/wp\/v2\/product_brand?post=108294"},{"taxonomy":"product_cat","embeddable":true,"href":"https:\/\/basseinimeistrid.ee\/fi\/wp-json\/wp\/v2\/product_cat?post=108294"},{"taxonomy":"product_tag","embeddable":true,"href":"https:\/\/basseinimeistrid.ee\/fi\/wp-json\/wp\/v2\/product_tag?post=108294"}],"curies":[{"name":"wp","href":"https:\/\/api.w.org\/{rel}","templated":true}]}}