{"id":108297,"date":"2025-02-19T15:30:49","date_gmt":"2025-02-19T13:30:49","guid":{"rendered":"https:\/\/basseinimeistrid.ee\/pood\/Ei-luokiteltu\/yleissuutin-hi-flow-pvc\/"},"modified":"2025-03-14T22:37:49","modified_gmt":"2025-03-14T20:37:49","slug":"yleissuutin-hi-flow-pvc","status":"publish","type":"product","link":"https:\/\/basseinimeistrid.ee\/fi\/pood\/yleissuutin-hi-flow-pvc\/","title":{"rendered":"Yleissuutin Hi-flow PVC"},"content":{"rendered":"<p>Tuotetta voidaan k\u00e4ytt\u00e4\u00e4 sek\u00e4 palautus- ett\u00e4 imusuuttimena. Sis\u00e4lt\u00e4\u00e4 PVC-muovisen kivi\/betonisein\u00e4n l\u00e4piviennin. <\/p>\n<ul>\n<li>Suuremmille vesim\u00e4\u00e4rille<\/li>\n<li>Sopii my\u00f6s pohjapaluuvirtaukseen<\/li>\n<li>Maksimi takaisinvirtaus veden virtausnopeudella 4 m\/s &#8211; 30 m\u00b3\/h<\/li>\n<li>Suurin imuteho veden virtausnopeudella 0,5 m\/s &#8211; 5 m\u00b3\/h<\/li>\n<li>Liit\u00e4nt\u00e4vaihtoehto 75 mm sis\u00e4\/90 mm ulko, liimattava PVC<\/li>\n<\/ul>\n","protected":false},"excerpt":{"rendered":"<p>Tuotetta voidaan k\u00e4ytt\u00e4\u00e4 sek\u00e4 palautus- ett\u00e4 imusuuttimena. Sis\u00e4lt\u00e4\u00e4 PVC-muovisen kivi\/betonisein\u00e4n l\u00e4piviennin. Suuremmille vesim\u00e4\u00e4rille Sopii my\u00f6s pohjapaluuvirtaukseen Maksimi takaisinvirtaus veden virtausnopeudella 4 m\/s &#8211; 30 m\u00b3\/h Suurin imuteho veden virtausnopeudella 0,5 m\/s &#8211; 5 m\u00b3\/h Liit\u00e4nt\u00e4vaihtoehto 75 mm sis\u00e4\/90 mm ulko, liimattava PVC<\/p>\n","protected":false},"featured_media":106748,"template":"","meta":{"_et_pb_use_builder":"","_et_pb_old_content":"","_et_gb_content_width":""},"product_brand":[],"product_cat":[241],"product_tag":[],"class_list":{"0":"post-108297","1":"product","2":"type-product","3":"status-publish","4":"has-post-thumbnail","6":"product_cat-tuloosuuttimet","7":"product_shipping_class-pakiautomaat-fi","9":"first","10":"instock","11":"taxable","12":"shipping-taxable","13":"purchasable","14":"product-type-simple"},"jetpack_sharing_enabled":true,"_links":{"self":[{"href":"https:\/\/basseinimeistrid.ee\/fi\/wp-json\/wp\/v2\/product\/108297","targetHints":{"allow":["GET"]}}],"collection":[{"href":"https:\/\/basseinimeistrid.ee\/fi\/wp-json\/wp\/v2\/product"}],"about":[{"href":"https:\/\/basseinimeistrid.ee\/fi\/wp-json\/wp\/v2\/types\/product"}],"wp:featuredmedia":[{"embeddable":true,"href":"https:\/\/basseinimeistrid.ee\/fi\/wp-json\/wp\/v2\/media\/106748"}],"wp:attachment":[{"href":"https:\/\/basseinimeistrid.ee\/fi\/wp-json\/wp\/v2\/media?parent=108297"}],"wp:term":[{"taxonomy":"product_brand","embeddable":true,"href":"https:\/\/basseinimeistrid.ee\/fi\/wp-json\/wp\/v2\/product_brand?post=108297"},{"taxonomy":"product_cat","embeddable":true,"href":"https:\/\/basseinimeistrid.ee\/fi\/wp-json\/wp\/v2\/product_cat?post=108297"},{"taxonomy":"product_tag","embeddable":true,"href":"https:\/\/basseinimeistrid.ee\/fi\/wp-json\/wp\/v2\/product_tag?post=108297"}],"curies":[{"name":"wp","href":"https:\/\/api.w.org\/{rel}","templated":true}]}}