{"id":108298,"date":"2025-02-19T15:00:50","date_gmt":"2025-02-19T13:00:50","guid":{"rendered":"https:\/\/basseinimeistrid.ee\/pood\/Ei-luokiteltu\/imusuutinsarja-2-astralpool\/"},"modified":"2025-03-16T13:42:43","modified_gmt":"2025-03-16T11:42:43","slug":"imusuutinsarja-2-astralpool","status":"publish","type":"product","link":"https:\/\/basseinimeistrid.ee\/fi\/pood\/imusuutinsarja-2-astralpool\/","title":{"rendered":"Imusuutinsarja 2&#8243; Astralpool"},"content":{"rendered":"<p>Imusuutinsarja k\u00e4ytett\u00e4v\u00e4ksi valmis (prefab) altaissa.<\/p>\n<ul>\n<li>Imusuutin irrotettavalla korkilla. Hyv\u00e4 ratkaisu esimerkiksi uima-altaan puhdistusty\u00f6kalujen liitt\u00e4miseen suodatinj\u00e4rjestelm\u00e4\u00e4n. Muina aikoina voit pit\u00e4\u00e4 korkin p\u00e4\u00e4ss\u00e4.<\/li>\n<li>50 mm liimaliitos putkien liitt\u00e4miseen<\/li>\n<li>2\u201d ulkokierre ja mutteri imusuuttimen l\u00e4piviennin tiivist\u00e4miseen<\/li>\n<li>Mukana l\u00e4pivienti<\/li>\n<\/ul>\n","protected":false},"excerpt":{"rendered":"<p>Imusuutinsarja k\u00e4ytett\u00e4v\u00e4ksi valmis (prefab) altaissa. Imusuutin irrotettavalla korkilla. Hyv\u00e4 ratkaisu esimerkiksi uima-altaan puhdistusty\u00f6kalujen liitt\u00e4miseen suodatinj\u00e4rjestelm\u00e4\u00e4n. Muina aikoina voit pit\u00e4\u00e4 korkin p\u00e4\u00e4ss\u00e4. 50 mm liimaliitos putkien liitt\u00e4miseen 2\u201d ulkokierre ja mutteri imusuuttimen l\u00e4piviennin tiivist\u00e4miseen Mukana l\u00e4pivienti<\/p>\n","protected":false},"featured_media":106717,"template":"","meta":{"_et_pb_use_builder":"","_et_pb_old_content":"","_et_gb_content_width":""},"product_brand":[],"product_cat":[241],"product_tag":[],"class_list":{"0":"post-108298","1":"product","2":"type-product","3":"status-publish","4":"has-post-thumbnail","6":"product_cat-tuloosuuttimet","7":"product_shipping_class-pakiautomaat-fi","9":"first","10":"instock","11":"taxable","12":"shipping-taxable","13":"purchasable","14":"product-type-simple"},"jetpack_sharing_enabled":true,"_links":{"self":[{"href":"https:\/\/basseinimeistrid.ee\/fi\/wp-json\/wp\/v2\/product\/108298","targetHints":{"allow":["GET"]}}],"collection":[{"href":"https:\/\/basseinimeistrid.ee\/fi\/wp-json\/wp\/v2\/product"}],"about":[{"href":"https:\/\/basseinimeistrid.ee\/fi\/wp-json\/wp\/v2\/types\/product"}],"wp:featuredmedia":[{"embeddable":true,"href":"https:\/\/basseinimeistrid.ee\/fi\/wp-json\/wp\/v2\/media\/106717"}],"wp:attachment":[{"href":"https:\/\/basseinimeistrid.ee\/fi\/wp-json\/wp\/v2\/media?parent=108298"}],"wp:term":[{"taxonomy":"product_brand","embeddable":true,"href":"https:\/\/basseinimeistrid.ee\/fi\/wp-json\/wp\/v2\/product_brand?post=108298"},{"taxonomy":"product_cat","embeddable":true,"href":"https:\/\/basseinimeistrid.ee\/fi\/wp-json\/wp\/v2\/product_cat?post=108298"},{"taxonomy":"product_tag","embeddable":true,"href":"https:\/\/basseinimeistrid.ee\/fi\/wp-json\/wp\/v2\/product_tag?post=108298"}],"curies":[{"name":"wp","href":"https:\/\/api.w.org\/{rel}","templated":true}]}}