{"id":108299,"date":"2025-02-19T15:10:54","date_gmt":"2025-02-19T13:10:54","guid":{"rendered":"https:\/\/basseinimeistrid.ee\/pood\/Ei-luokiteltu\/paluuvirtaussarja-normative-abs\/"},"modified":"2025-03-14T22:39:30","modified_gmt":"2025-03-14T20:39:30","slug":"paluuvirtaussarja-normative-abs","status":"publish","type":"product","link":"https:\/\/basseinimeistrid.ee\/fi\/pood\/paluuvirtaussarja-normative-abs\/","title":{"rendered":"Paluuvirtaussarja Normative ABS"},"content":{"rendered":"<p>Takaisinvirtaussarja k\u00e4ytett\u00e4v\u00e4ksi valmiiksi rakennetuissa altaissa, joissa on kotelo.<\/p>\n<ul>\n<li>50 mm liimaliitos putkien liitt\u00e4miseen<\/li>\n<li>2&#8243; ulkokierre ja kiristysmutteri suuttimen l\u00e4piviennin tiivist\u00e4miseen<\/li>\n<li>Mukana tiiviste<\/li>\n<\/ul>\n","protected":false},"excerpt":{"rendered":"<p>Takaisinvirtaussarja k\u00e4ytett\u00e4v\u00e4ksi valmiiksi rakennetuissa altaissa, joissa on kotelo. 50 mm liimaliitos putkien liitt\u00e4miseen 2&#8243; ulkokierre ja kiristysmutteri suuttimen l\u00e4piviennin tiivist\u00e4miseen Mukana tiiviste<\/p>\n","protected":false},"featured_media":106732,"template":"","meta":{"_et_pb_use_builder":"","_et_pb_old_content":"","_et_gb_content_width":""},"product_brand":[],"product_cat":[241],"product_tag":[],"class_list":{"0":"post-108299","1":"product","2":"type-product","3":"status-publish","4":"has-post-thumbnail","6":"product_cat-tuloosuuttimet","7":"product_shipping_class-pakiautomaat-fi","9":"first","10":"instock","11":"taxable","12":"shipping-taxable","13":"purchasable","14":"product-type-simple"},"jetpack_sharing_enabled":true,"_links":{"self":[{"href":"https:\/\/basseinimeistrid.ee\/fi\/wp-json\/wp\/v2\/product\/108299","targetHints":{"allow":["GET"]}}],"collection":[{"href":"https:\/\/basseinimeistrid.ee\/fi\/wp-json\/wp\/v2\/product"}],"about":[{"href":"https:\/\/basseinimeistrid.ee\/fi\/wp-json\/wp\/v2\/types\/product"}],"wp:featuredmedia":[{"embeddable":true,"href":"https:\/\/basseinimeistrid.ee\/fi\/wp-json\/wp\/v2\/media\/106732"}],"wp:attachment":[{"href":"https:\/\/basseinimeistrid.ee\/fi\/wp-json\/wp\/v2\/media?parent=108299"}],"wp:term":[{"taxonomy":"product_brand","embeddable":true,"href":"https:\/\/basseinimeistrid.ee\/fi\/wp-json\/wp\/v2\/product_brand?post=108299"},{"taxonomy":"product_cat","embeddable":true,"href":"https:\/\/basseinimeistrid.ee\/fi\/wp-json\/wp\/v2\/product_cat?post=108299"},{"taxonomy":"product_tag","embeddable":true,"href":"https:\/\/basseinimeistrid.ee\/fi\/wp-json\/wp\/v2\/product_tag?post=108299"}],"curies":[{"name":"wp","href":"https:\/\/api.w.org\/{rel}","templated":true}]}}