{"id":108300,"date":"2025-02-19T14:54:26","date_gmt":"2025-02-19T12:54:26","guid":{"rendered":"https:\/\/basseinimeistrid.ee\/pood\/Ei-luokiteltu\/skimmer-mini-valkoinen\/"},"modified":"2025-03-15T14:14:48","modified_gmt":"2025-03-15T12:14:48","slug":"skimmer-mini-valkoinen","status":"publish","type":"product","link":"https:\/\/basseinimeistrid.ee\/fi\/pood\/skimmer-mini-valkoinen\/","title":{"rendered":"Skimmer MINI valkoinen"},"content":{"rendered":"<h4>Skimmer Astralpool MINI<\/h4>\n<p>T\u00e4ydellinen skimmer pienille uima-altaille. Sis\u00e4lt\u00e4\u00e4 tiivisteet ja laipan asennettavaksi kalvon, kalvon tai allaskotelon l\u00e4pi. Mukana on my\u00f6s palautussuutin tiivisteell\u00e4. Pieni muovinen irrotettava roskakori ja adapteri allasletkun liitt\u00e4miseen. Hyv\u00e4 sarja esimerkiksi kevyiden ja kokoontaitettavien ulkouima-altaan suodatusj\u00e4rjestelmien rakentamiseen. Soveltuu my\u00f6s kylpytynnyriin ja muihin pieniin uima-aluksiin (vaatii tasaisen alueen asennukseen).     <\/p>\n<ul>\n<li>Valkoista ABS-muovia<\/li>\n<li>Liittimet 32\/38mm letkulle<\/li>\n<li>Kaikki tiivisteet ja kiinnikkeet sis\u00e4ltyv\u00e4t pakkaukseen<\/li>\n<li>Virtaus max 3m\u00b3\/h<\/li>\n<\/ul>\n","protected":false},"excerpt":{"rendered":"<p>Skimmer Astralpool MINI T\u00e4ydellinen skimmer pienille uima-altaille. Sis\u00e4lt\u00e4\u00e4 tiivisteet ja laipan asennettavaksi kalvon, kalvon tai allaskotelon l\u00e4pi. Mukana on my\u00f6s palautussuutin tiivisteell\u00e4. Pieni muovinen irrotettava roskakori ja adapteri allasletkun liitt\u00e4miseen. Hyv\u00e4 sarja esimerkiksi kevyiden ja kokoontaitettavien ulkouima-altaan suodatusj\u00e4rjestelmien rakentamiseen. Soveltuu my\u00f6s kylpytynnyriin ja muihin pieniin uima-aluksiin (vaatii tasaisen alueen asennukseen). Valkoista ABS-muovia Liittimet 32\/38mm letkulle [&hellip;]<\/p>\n","protected":false},"featured_media":106701,"template":"","meta":{"_et_pb_use_builder":"","_et_pb_old_content":"","_et_gb_content_width":""},"product_brand":[],"product_cat":[126,129],"product_tag":[],"class_list":{"0":"post-108300","1":"product","2":"type-product","3":"status-publish","4":"has-post-thumbnail","6":"product_cat-pintakaivot","7":"product_cat-tynnyreille-ja-ammeille","8":"product_shipping_class-pakiautomaat-fi","10":"first","11":"instock","12":"taxable","13":"shipping-taxable","14":"purchasable","15":"product-type-simple"},"jetpack_sharing_enabled":true,"_links":{"self":[{"href":"https:\/\/basseinimeistrid.ee\/fi\/wp-json\/wp\/v2\/product\/108300","targetHints":{"allow":["GET"]}}],"collection":[{"href":"https:\/\/basseinimeistrid.ee\/fi\/wp-json\/wp\/v2\/product"}],"about":[{"href":"https:\/\/basseinimeistrid.ee\/fi\/wp-json\/wp\/v2\/types\/product"}],"wp:featuredmedia":[{"embeddable":true,"href":"https:\/\/basseinimeistrid.ee\/fi\/wp-json\/wp\/v2\/media\/106701"}],"wp:attachment":[{"href":"https:\/\/basseinimeistrid.ee\/fi\/wp-json\/wp\/v2\/media?parent=108300"}],"wp:term":[{"taxonomy":"product_brand","embeddable":true,"href":"https:\/\/basseinimeistrid.ee\/fi\/wp-json\/wp\/v2\/product_brand?post=108300"},{"taxonomy":"product_cat","embeddable":true,"href":"https:\/\/basseinimeistrid.ee\/fi\/wp-json\/wp\/v2\/product_cat?post=108300"},{"taxonomy":"product_tag","embeddable":true,"href":"https:\/\/basseinimeistrid.ee\/fi\/wp-json\/wp\/v2\/product_tag?post=108300"}],"curies":[{"name":"wp","href":"https:\/\/api.w.org\/{rel}","templated":true}]}}