{"id":108301,"date":"2025-02-19T14:46:32","date_gmt":"2025-02-19T12:46:32","guid":{"rendered":"https:\/\/basseinimeistrid.ee\/pood\/Ei-luokiteltu\/abs-muovinen-imusuutinsarja-2\/"},"modified":"2025-03-14T22:44:14","modified_gmt":"2025-03-14T20:44:14","slug":"abs-muovinen-imusuutinsarja-2","status":"publish","type":"product","link":"https:\/\/basseinimeistrid.ee\/fi\/pood\/abs-muovinen-imusuutinsarja-2\/","title":{"rendered":"ABS muovinen imusuutinsarja 2&#8243;"},"content":{"rendered":"<p>Imusuutinsarja k\u00e4ytett\u00e4v\u00e4ksi sein\u00e4m\u00e4isiss\u00e4 uima-altaissa. Sis\u00e4lt\u00e4\u00e4 ABS-muovista kivi\/betonisein\u00e4n l\u00e4piviennin.<\/p>\n<p>L\u00e4piviennin tiedot:<\/p>\n<ul>\n<li>Pituus 300 mm<\/li>\n<li>50\/63 mm liimaliitos paluuputken liitt\u00e4miseen<\/li>\n<li>Sis\u00e4kierre 2&#8243; paluusuuttimen liitt\u00e4miseen<\/li>\n<\/ul>\n","protected":false},"excerpt":{"rendered":"<p>Imusuutinsarja k\u00e4ytett\u00e4v\u00e4ksi sein\u00e4m\u00e4isiss\u00e4 uima-altaissa. Sis\u00e4lt\u00e4\u00e4 ABS-muovista kivi\/betonisein\u00e4n l\u00e4piviennin. L\u00e4piviennin tiedot: Pituus 300 mm 50\/63 mm liimaliitos paluuputken liitt\u00e4miseen Sis\u00e4kierre 2&#8243; paluusuuttimen liitt\u00e4miseen<\/p>\n","protected":false},"featured_media":106689,"template":"","meta":{"_et_pb_use_builder":"","_et_pb_old_content":"","_et_gb_content_width":""},"product_brand":[],"product_cat":[241],"product_tag":[],"class_list":{"0":"post-108301","1":"product","2":"type-product","3":"status-publish","4":"has-post-thumbnail","6":"product_cat-tuloosuuttimet","7":"product_shipping_class-pakiautomaat-fi","9":"first","10":"instock","11":"taxable","12":"shipping-taxable","13":"purchasable","14":"product-type-simple"},"jetpack_sharing_enabled":true,"_links":{"self":[{"href":"https:\/\/basseinimeistrid.ee\/fi\/wp-json\/wp\/v2\/product\/108301","targetHints":{"allow":["GET"]}}],"collection":[{"href":"https:\/\/basseinimeistrid.ee\/fi\/wp-json\/wp\/v2\/product"}],"about":[{"href":"https:\/\/basseinimeistrid.ee\/fi\/wp-json\/wp\/v2\/types\/product"}],"wp:featuredmedia":[{"embeddable":true,"href":"https:\/\/basseinimeistrid.ee\/fi\/wp-json\/wp\/v2\/media\/106689"}],"wp:attachment":[{"href":"https:\/\/basseinimeistrid.ee\/fi\/wp-json\/wp\/v2\/media?parent=108301"}],"wp:term":[{"taxonomy":"product_brand","embeddable":true,"href":"https:\/\/basseinimeistrid.ee\/fi\/wp-json\/wp\/v2\/product_brand?post=108301"},{"taxonomy":"product_cat","embeddable":true,"href":"https:\/\/basseinimeistrid.ee\/fi\/wp-json\/wp\/v2\/product_cat?post=108301"},{"taxonomy":"product_tag","embeddable":true,"href":"https:\/\/basseinimeistrid.ee\/fi\/wp-json\/wp\/v2\/product_tag?post=108301"}],"curies":[{"name":"wp","href":"https:\/\/api.w.org\/{rel}","templated":true}]}}