{"id":108302,"date":"2025-02-19T14:29:52","date_gmt":"2025-02-19T12:29:52","guid":{"rendered":"https:\/\/basseinimeistrid.ee\/pood\/Ei-luokiteltu\/multiflow-abs-paluuvirtaussarja\/"},"modified":"2025-03-16T13:48:00","modified_gmt":"2025-03-16T11:48:00","slug":"multiflow-abs-paluuvirtaussarja","status":"publish","type":"product","link":"https:\/\/basseinimeistrid.ee\/fi\/pood\/multiflow-abs-paluuvirtaussarja\/","title":{"rendered":"Multiflow ABS paluuvirtaussarja"},"content":{"rendered":"<p>Takaisinvirtaussarja k\u00e4ytett\u00e4v\u00e4ksi esimerkiksi valmiiksi rakennetuissa koteloiduissa altaissa. L\u00e4pivienti on ratkaistu tiivisteill\u00e4 ja takakiristysmutterilla. Mukana tulevalla sovittimella voit s\u00e4\u00e4t\u00e4\u00e4 takaisin virtaavan veden m\u00e4\u00e4r\u00e4\u00e4 (14 mm adapteri &#8211; 2,2 m\u00b3\/h, 20 mm adapteri &#8211; 4,5 m\u00b3\/h, 25 mm &#8211; 7 m\u00b3\/h).<\/p>\n<ul>\n<li>50 mm liimaliitos putkien liitt\u00e4miseen<\/li>\n<li>2\u2033 ulkokierre suuttimen kiinnityst\u00e4 varten<\/li>\n<\/ul>\n","protected":false},"excerpt":{"rendered":"<p>Takaisinvirtaussarja k\u00e4ytett\u00e4v\u00e4ksi esimerkiksi valmiiksi rakennetuissa koteloiduissa altaissa. L\u00e4pivienti on ratkaistu tiivisteill\u00e4 ja takakiristysmutterilla. Mukana tulevalla sovittimella voit s\u00e4\u00e4t\u00e4\u00e4 takaisin virtaavan veden m\u00e4\u00e4r\u00e4\u00e4 (14 mm adapteri &#8211; 2,2 m\u00b3\/h, 20 mm adapteri &#8211; 4,5 m\u00b3\/h, 25 mm &#8211; 7 m\u00b3\/h). 50 mm liimaliitos putkien liitt\u00e4miseen 2\u2033 ulkokierre suuttimen kiinnityst\u00e4 varten<\/p>\n","protected":false},"featured_media":106664,"template":"","meta":{"_et_pb_use_builder":"","_et_pb_old_content":"","_et_gb_content_width":""},"product_brand":[],"product_cat":[241],"product_tag":[],"class_list":{"0":"post-108302","1":"product","2":"type-product","3":"status-publish","4":"has-post-thumbnail","6":"product_cat-tuloosuuttimet","7":"product_shipping_class-pakiautomaat-fi","9":"first","10":"instock","11":"taxable","12":"shipping-taxable","13":"purchasable","14":"product-type-simple"},"jetpack_sharing_enabled":true,"_links":{"self":[{"href":"https:\/\/basseinimeistrid.ee\/fi\/wp-json\/wp\/v2\/product\/108302","targetHints":{"allow":["GET"]}}],"collection":[{"href":"https:\/\/basseinimeistrid.ee\/fi\/wp-json\/wp\/v2\/product"}],"about":[{"href":"https:\/\/basseinimeistrid.ee\/fi\/wp-json\/wp\/v2\/types\/product"}],"wp:featuredmedia":[{"embeddable":true,"href":"https:\/\/basseinimeistrid.ee\/fi\/wp-json\/wp\/v2\/media\/106664"}],"wp:attachment":[{"href":"https:\/\/basseinimeistrid.ee\/fi\/wp-json\/wp\/v2\/media?parent=108302"}],"wp:term":[{"taxonomy":"product_brand","embeddable":true,"href":"https:\/\/basseinimeistrid.ee\/fi\/wp-json\/wp\/v2\/product_brand?post=108302"},{"taxonomy":"product_cat","embeddable":true,"href":"https:\/\/basseinimeistrid.ee\/fi\/wp-json\/wp\/v2\/product_cat?post=108302"},{"taxonomy":"product_tag","embeddable":true,"href":"https:\/\/basseinimeistrid.ee\/fi\/wp-json\/wp\/v2\/product_tag?post=108302"}],"curies":[{"name":"wp","href":"https:\/\/api.w.org\/{rel}","templated":true}]}}