{"id":108303,"date":"2025-02-19T13:58:22","date_gmt":"2025-02-19T11:58:22","guid":{"rendered":"https:\/\/basseinimeistrid.ee\/pood\/Ei-luokiteltu\/skimmer-norm-levealla-slim-suulla\/"},"modified":"2025-03-16T13:35:29","modified_gmt":"2025-03-16T11:35:29","slug":"skimmer-norm-levealla-slim-suulla","status":"publish","type":"product","link":"https:\/\/basseinimeistrid.ee\/fi\/pood\/skimmer-norm-levealla-slim-suulla\/","title":{"rendered":"Skimmer NORM leve\u00e4ll\u00e4 SLIM-suulla"},"content":{"rendered":"<p>Astralpool NORM, ABS-muovista leve\u00e4 suu SLIM skimmerisarja. Sis\u00e4lt\u00e4\u00e4 tiivisteet ja laipan. Suositeltu skimmerin virtausnopeus 7,5 m\u00b3. Skimmerin tilavuus 17,5L. Sis\u00e4lt\u00e4\u00e4 roskakorin ja sovittimen 38mm allasletkun liitt\u00e4miseksi skimmeriin.<\/p>\n<p>Suosittelemme k\u00e4ytt\u00e4m\u00e4\u00e4n yht\u00e4 skimmeri\u00e4 jokaista 25 m\u00b2 altaan vesipintaa kohden vedenpinnan optimaaliseen puhdistamiseen.<\/p>\n<p>Skimmerin tyhjennysliit\u00e4nt\u00e4 kotelon alaosassa 2&#8243; sis\u00e4kierteell\u00e4 ja 1\u00bd&#8221; sis\u00e4kierteell\u00e4. Aukot on peitetty alkuper\u00e4isell\u00e4 tiivisteell\u00e4 varustetuilla korkilla. Voit valita itsellesi sopivan avauksen.<\/p>\n<p>Mahdollisuus liitt\u00e4\u00e4 38mm ylivuoto yl\u00e4reunaan.<\/p>\n<p>Tarvittaessa on mahdollista lis\u00e4t\u00e4 kannen nostorenkaita art.18153<\/p>\n<p>V\u00e4rit:<\/p>\n<ul>\n<li>Valkoinen (56176)<\/li>\n<li>Beige (56176CL090)<\/li>\n<li>Harmaa (56176CL129)<\/li>\n<li>Tummanharmaa (56176CL144)<\/li>\n<\/ul>\n","protected":false},"excerpt":{"rendered":"<p>Astralpool NORM, ABS-muovista leve\u00e4 suu SLIM skimmerisarja. Sis\u00e4lt\u00e4\u00e4 tiivisteet ja laipan. Suositeltu skimmerin virtausnopeus 7,5 m\u00b3. Skimmerin tilavuus 17,5L. Sis\u00e4lt\u00e4\u00e4 roskakorin ja sovittimen 38mm allasletkun liitt\u00e4miseksi skimmeriin. Suosittelemme k\u00e4ytt\u00e4m\u00e4\u00e4n yht\u00e4 skimmeri\u00e4 jokaista 25 m\u00b2 altaan vesipintaa kohden vedenpinnan optimaaliseen puhdistamiseen. Skimmerin tyhjennysliit\u00e4nt\u00e4 kotelon alaosassa 2&#8243; sis\u00e4kierteell\u00e4 ja 1\u00bd&#8221; sis\u00e4kierteell\u00e4. Aukot on peitetty alkuper\u00e4isell\u00e4 tiivisteell\u00e4 varustetuilla [&hellip;]<\/p>\n","protected":false},"featured_media":106640,"template":"","meta":{"_et_pb_use_builder":"","_et_pb_old_content":"","_et_gb_content_width":""},"product_brand":[],"product_cat":[126],"product_tag":[],"class_list":{"0":"post-108303","1":"product","2":"type-product","3":"status-publish","4":"has-post-thumbnail","6":"product_cat-pintakaivot","7":"product_shipping_class-pakiautomaat-fi","9":"first","10":"instock","11":"taxable","12":"shipping-taxable","13":"purchasable","14":"product-type-simple"},"jetpack_sharing_enabled":true,"_links":{"self":[{"href":"https:\/\/basseinimeistrid.ee\/fi\/wp-json\/wp\/v2\/product\/108303","targetHints":{"allow":["GET"]}}],"collection":[{"href":"https:\/\/basseinimeistrid.ee\/fi\/wp-json\/wp\/v2\/product"}],"about":[{"href":"https:\/\/basseinimeistrid.ee\/fi\/wp-json\/wp\/v2\/types\/product"}],"wp:featuredmedia":[{"embeddable":true,"href":"https:\/\/basseinimeistrid.ee\/fi\/wp-json\/wp\/v2\/media\/106640"}],"wp:attachment":[{"href":"https:\/\/basseinimeistrid.ee\/fi\/wp-json\/wp\/v2\/media?parent=108303"}],"wp:term":[{"taxonomy":"product_brand","embeddable":true,"href":"https:\/\/basseinimeistrid.ee\/fi\/wp-json\/wp\/v2\/product_brand?post=108303"},{"taxonomy":"product_cat","embeddable":true,"href":"https:\/\/basseinimeistrid.ee\/fi\/wp-json\/wp\/v2\/product_cat?post=108303"},{"taxonomy":"product_tag","embeddable":true,"href":"https:\/\/basseinimeistrid.ee\/fi\/wp-json\/wp\/v2\/product_tag?post=108303"}],"curies":[{"name":"wp","href":"https:\/\/api.w.org\/{rel}","templated":true}]}}