{"id":108304,"date":"2025-02-19T13:49:03","date_gmt":"2025-02-19T11:49:03","guid":{"rendered":"https:\/\/basseinimeistrid.ee\/pood\/Ei-luokiteltu\/multiflow-paluusarja\/"},"modified":"2025-03-14T22:52:24","modified_gmt":"2025-03-14T20:52:24","slug":"multiflow-paluusarja","status":"publish","type":"product","link":"https:\/\/basseinimeistrid.ee\/fi\/pood\/multiflow-paluusarja\/","title":{"rendered":"Multiflow paluusarja"},"content":{"rendered":"<p>Takaisinvirtaussarja k\u00e4ytett\u00e4v\u00e4ksi uima-altaissa, joissa on PVC-kalvo ja muut vuoraukset. Sis\u00e4lt\u00e4\u00e4 ABS-muovista kivi\/betonisein\u00e4n l\u00e4piviennin, pituus 250mm. Mukana tulevalla sovittimella voit s\u00e4\u00e4t\u00e4\u00e4 takaisin virtaavan veden m\u00e4\u00e4r\u00e4\u00e4 (14 mm adapteri \u2013 2,2 m\u00b3\/h, 20 mm adapteri \u2013 4,5 m\u00b3\/h, 25 mm \u2013 7 m\u00b3\/h).<\/p>\n<p>L\u00e4piviennin tiedot:<\/p>\n<ul>\n<li>Pituus 250 mm<\/li>\n<li>50\/63 mm liimaliitos paluuputken liitt\u00e4miseen<\/li>\n<li>Sis\u00e4kierre 2&#8243; paluusuuttimen liitt\u00e4miseen<\/li>\n<\/ul>\n<p>&nbsp;<\/p>\n<p>&nbsp;<\/p>\n","protected":false},"excerpt":{"rendered":"<p>Takaisinvirtaussarja k\u00e4ytett\u00e4v\u00e4ksi uima-altaissa, joissa on PVC-kalvo ja muut vuoraukset. Sis\u00e4lt\u00e4\u00e4 ABS-muovista kivi\/betonisein\u00e4n l\u00e4piviennin, pituus 250mm. Mukana tulevalla sovittimella voit s\u00e4\u00e4t\u00e4\u00e4 takaisin virtaavan veden m\u00e4\u00e4r\u00e4\u00e4 (14 mm adapteri \u2013 2,2 m\u00b3\/h, 20 mm adapteri \u2013 4,5 m\u00b3\/h, 25 mm \u2013 7 m\u00b3\/h). L\u00e4piviennin tiedot: Pituus 250 mm 50\/63 mm liimaliitos paluuputken liitt\u00e4miseen Sis\u00e4kierre 2&#8243; paluusuuttimen liitt\u00e4miseen [&hellip;]<\/p>\n","protected":false},"featured_media":106613,"template":"","meta":{"_et_pb_use_builder":"","_et_pb_old_content":"","_et_gb_content_width":""},"product_brand":[],"product_cat":[241],"product_tag":[],"class_list":{"0":"post-108304","1":"product","2":"type-product","3":"status-publish","4":"has-post-thumbnail","6":"product_cat-tuloosuuttimet","7":"product_shipping_class-pakiautomaat-fi","9":"first","10":"instock","11":"taxable","12":"shipping-taxable","13":"purchasable","14":"product-type-simple"},"jetpack_sharing_enabled":true,"_links":{"self":[{"href":"https:\/\/basseinimeistrid.ee\/fi\/wp-json\/wp\/v2\/product\/108304","targetHints":{"allow":["GET"]}}],"collection":[{"href":"https:\/\/basseinimeistrid.ee\/fi\/wp-json\/wp\/v2\/product"}],"about":[{"href":"https:\/\/basseinimeistrid.ee\/fi\/wp-json\/wp\/v2\/types\/product"}],"wp:featuredmedia":[{"embeddable":true,"href":"https:\/\/basseinimeistrid.ee\/fi\/wp-json\/wp\/v2\/media\/106613"}],"wp:attachment":[{"href":"https:\/\/basseinimeistrid.ee\/fi\/wp-json\/wp\/v2\/media?parent=108304"}],"wp:term":[{"taxonomy":"product_brand","embeddable":true,"href":"https:\/\/basseinimeistrid.ee\/fi\/wp-json\/wp\/v2\/product_brand?post=108304"},{"taxonomy":"product_cat","embeddable":true,"href":"https:\/\/basseinimeistrid.ee\/fi\/wp-json\/wp\/v2\/product_cat?post=108304"},{"taxonomy":"product_tag","embeddable":true,"href":"https:\/\/basseinimeistrid.ee\/fi\/wp-json\/wp\/v2\/product_tag?post=108304"}],"curies":[{"name":"wp","href":"https:\/\/api.w.org\/{rel}","templated":true}]}}