{"id":108305,"date":"2025-02-19T13:32:54","date_gmt":"2025-02-19T11:32:54","guid":{"rendered":"https:\/\/basseinimeistrid.ee\/pood\/Ei-luokiteltu\/skimmer-abs-levea-suu\/"},"modified":"2025-03-16T09:09:12","modified_gmt":"2025-03-16T07:09:12","slug":"skimmer-abs-levea-suu","status":"publish","type":"product","link":"https:\/\/basseinimeistrid.ee\/fi\/pood\/skimmer-abs-levea-suu\/","title":{"rendered":"Skimmer ABS leve\u00e4 suu"},"content":{"rendered":"<p>Astralpool ABS muovinen leve\u00e4suinen skimmerisarja. Sis\u00e4lt\u00e4\u00e4 tiivisteet ja laipan. Skimmerin suositeltu virtaus on 7,5 m\u00b3. Skimmerin tilavuus 17,5L. Sis\u00e4lt\u00e4\u00e4 roskakorin ja sovittimen 38mm allasletkun liitt\u00e4miseksi skimmeriin.<\/p>\n<p>Suosittelemme k\u00e4ytt\u00e4m\u00e4\u00e4n yht\u00e4 skimmeri\u00e4 jokaista 25 m\u00b2 altaan vesipintaa kohden vedenpinnan optimaaliseen puhdistamiseen.<\/p>\n<p>Skimmerin tyhjennysliit\u00e4nt\u00e4 kotelon alaosassa 2&#8243; sis\u00e4kierteell\u00e4 ja 1\u00bd&#8221; sis\u00e4kierteell\u00e4. Aukot on peitetty alkuper\u00e4isell\u00e4 tiivisteell\u00e4 varustetuilla korkilla. Voit valita itsellesi sopivan avauksen.<\/p>\n<p>Tarvittaessa on mahdollista lis\u00e4t\u00e4 kannen nostorenkaita art.18153<\/p>\n<p>Mahdollisuus liitt\u00e4\u00e4 38mm ylivuoto yl\u00e4reunaan.<\/p>\n<p>V\u00e4rit:<\/p>\n<ul>\n<li>Valkoinen (11311)<\/li>\n<li>Beige (11311CL090)<\/li>\n<li>Harmaa (11311CL129)<\/li>\n<li>Tummanharmaa (11311CL129)<\/li>\n<\/ul>\n","protected":false},"excerpt":{"rendered":"<p>Astralpool ABS muovinen leve\u00e4suinen skimmerisarja. Sis\u00e4lt\u00e4\u00e4 tiivisteet ja laipan. Skimmerin suositeltu virtaus on 7,5 m\u00b3. Skimmerin tilavuus 17,5L. Sis\u00e4lt\u00e4\u00e4 roskakorin ja sovittimen 38mm allasletkun liitt\u00e4miseksi skimmeriin. Suosittelemme k\u00e4ytt\u00e4m\u00e4\u00e4n yht\u00e4 skimmeri\u00e4 jokaista 25 m\u00b2 altaan vesipintaa kohden vedenpinnan optimaaliseen puhdistamiseen. Skimmerin tyhjennysliit\u00e4nt\u00e4 kotelon alaosassa 2&#8243; sis\u00e4kierteell\u00e4 ja 1\u00bd&#8221; sis\u00e4kierteell\u00e4. Aukot on peitetty alkuper\u00e4isell\u00e4 tiivisteell\u00e4 varustetuilla korkilla. [&hellip;]<\/p>\n","protected":false},"featured_media":106682,"template":"","meta":{"_et_pb_use_builder":"","_et_pb_old_content":"","_et_gb_content_width":""},"product_brand":[],"product_cat":[126],"product_tag":[],"class_list":{"0":"post-108305","1":"product","2":"type-product","3":"status-publish","4":"has-post-thumbnail","6":"product_cat-pintakaivot","7":"product_shipping_class-pakiautomaat-fi","9":"first","10":"instock","11":"taxable","12":"shipping-taxable","13":"purchasable","14":"product-type-simple"},"jetpack_sharing_enabled":true,"_links":{"self":[{"href":"https:\/\/basseinimeistrid.ee\/fi\/wp-json\/wp\/v2\/product\/108305","targetHints":{"allow":["GET"]}}],"collection":[{"href":"https:\/\/basseinimeistrid.ee\/fi\/wp-json\/wp\/v2\/product"}],"about":[{"href":"https:\/\/basseinimeistrid.ee\/fi\/wp-json\/wp\/v2\/types\/product"}],"wp:featuredmedia":[{"embeddable":true,"href":"https:\/\/basseinimeistrid.ee\/fi\/wp-json\/wp\/v2\/media\/106682"}],"wp:attachment":[{"href":"https:\/\/basseinimeistrid.ee\/fi\/wp-json\/wp\/v2\/media?parent=108305"}],"wp:term":[{"taxonomy":"product_brand","embeddable":true,"href":"https:\/\/basseinimeistrid.ee\/fi\/wp-json\/wp\/v2\/product_brand?post=108305"},{"taxonomy":"product_cat","embeddable":true,"href":"https:\/\/basseinimeistrid.ee\/fi\/wp-json\/wp\/v2\/product_cat?post=108305"},{"taxonomy":"product_tag","embeddable":true,"href":"https:\/\/basseinimeistrid.ee\/fi\/wp-json\/wp\/v2\/product_tag?post=108305"}],"curies":[{"name":"wp","href":"https:\/\/api.w.org\/{rel}","templated":true}]}}