{"id":108308,"date":"2025-02-19T11:11:11","date_gmt":"2025-02-19T09:11:11","guid":{"rendered":"https:\/\/basseinimeistrid.ee\/pood\/Ei-luokiteltu\/ruostumattomasta-teraksesta-imusuutinsarja-rvs316\/"},"modified":"2025-03-15T14:14:47","modified_gmt":"2025-03-15T12:14:47","slug":"ruostumattomasta-teraksesta-imusuutinsarja-rvs316","status":"publish","type":"product","link":"https:\/\/basseinimeistrid.ee\/fi\/pood\/ruostumattomasta-teraksesta-imusuutinsarja-rvs316\/","title":{"rendered":"Ruostumattomasta ter\u00e4ksest\u00e4 imusuutinsarja RVS316"},"content":{"rendered":"<p>Ruostumattomasta ter\u00e4ksest\u00e4 valmistettu imusuutinsarja k\u00e4ytett\u00e4v\u00e4ksi altaissa. Sis\u00e4lt\u00e4\u00e4 laippa- ja tiivistesarjan vedeneristyksen, allasvuorauksen ja muiden materiaalien vesitiiviiseen liitt\u00e4miseen. Sarja sis\u00e4lt\u00e4\u00e4 ruostumattomasta kivi\/betoni sein\u00e4l\u00e4piviennin, pituus 240mm. Mukana on my\u00f6s 44\/38mm allasletkusovitin tiivisteell\u00e4 (altaan puhdistusty\u00f6kalujen liitt\u00e4mist\u00e4 varten jne.).   <\/p>\n<p>L\u00e4piviennin tiedot:<\/p>\n<ul>\n<li>Pituus 240 mm<\/li>\n<li>Sis\u00e4kierre 1\u00bd\u201d paluuputken liitt\u00e4mist\u00e4 varten<\/li>\n<li>Sis\u00e4kierre 1\u00bd&#8221; imusuuttimen liit\u00e4nt\u00e4\u00e4 varten<\/li>\n<\/ul>\n<p>&nbsp;<\/p>\n<p>Suutinpiirros <a href=\"https:\/\/basseinimeistrid.ee\/wp-content\/uploads\/2025\/02\/45759.pdf\" target=\"_blank\" rel=\"noopener\">T\u00c4ST\u00c4<\/a><\/p>\n<p>Asennuksen perustiedot <a href=\"https:\/\/basseinimeistrid.ee\/wp-content\/uploads\/2025\/02\/tagasivool-rvs316.pdf\" target=\"_blank\" rel=\"noopener\">T\u00c4\u00c4LT\u00c4<\/a><\/p>\n","protected":false},"excerpt":{"rendered":"<p>Ruostumattomasta ter\u00e4ksest\u00e4 valmistettu imusuutinsarja k\u00e4ytett\u00e4v\u00e4ksi altaissa. Sis\u00e4lt\u00e4\u00e4 laippa- ja tiivistesarjan vedeneristyksen, allasvuorauksen ja muiden materiaalien vesitiiviiseen liitt\u00e4miseen. Sarja sis\u00e4lt\u00e4\u00e4 ruostumattomasta kivi\/betoni sein\u00e4l\u00e4piviennin, pituus 240mm. Mukana on my\u00f6s 44\/38mm allasletkusovitin tiivisteell\u00e4 (altaan puhdistusty\u00f6kalujen liitt\u00e4mist\u00e4 varten jne.). L\u00e4piviennin tiedot: Pituus 240 mm Sis\u00e4kierre 1\u00bd\u201d paluuputken liitt\u00e4mist\u00e4 varten Sis\u00e4kierre 1\u00bd&#8221; imusuuttimen liit\u00e4nt\u00e4\u00e4 varten &nbsp; Suutinpiirros T\u00c4ST\u00c4 Asennuksen perustiedot [&hellip;]<\/p>\n","protected":false},"featured_media":106522,"template":"","meta":{"_et_pb_use_builder":"","_et_pb_old_content":"","_et_gb_content_width":""},"product_brand":[],"product_cat":[241],"product_tag":[],"class_list":{"0":"post-108308","1":"product","2":"type-product","3":"status-publish","4":"has-post-thumbnail","6":"product_cat-tuloosuuttimet","7":"product_shipping_class-pakiautomaat-fi","9":"first","10":"instock","11":"taxable","12":"shipping-taxable","13":"purchasable","14":"product-type-simple"},"jetpack_sharing_enabled":true,"_links":{"self":[{"href":"https:\/\/basseinimeistrid.ee\/fi\/wp-json\/wp\/v2\/product\/108308","targetHints":{"allow":["GET"]}}],"collection":[{"href":"https:\/\/basseinimeistrid.ee\/fi\/wp-json\/wp\/v2\/product"}],"about":[{"href":"https:\/\/basseinimeistrid.ee\/fi\/wp-json\/wp\/v2\/types\/product"}],"wp:featuredmedia":[{"embeddable":true,"href":"https:\/\/basseinimeistrid.ee\/fi\/wp-json\/wp\/v2\/media\/106522"}],"wp:attachment":[{"href":"https:\/\/basseinimeistrid.ee\/fi\/wp-json\/wp\/v2\/media?parent=108308"}],"wp:term":[{"taxonomy":"product_brand","embeddable":true,"href":"https:\/\/basseinimeistrid.ee\/fi\/wp-json\/wp\/v2\/product_brand?post=108308"},{"taxonomy":"product_cat","embeddable":true,"href":"https:\/\/basseinimeistrid.ee\/fi\/wp-json\/wp\/v2\/product_cat?post=108308"},{"taxonomy":"product_tag","embeddable":true,"href":"https:\/\/basseinimeistrid.ee\/fi\/wp-json\/wp\/v2\/product_tag?post=108308"}],"curies":[{"name":"wp","href":"https:\/\/api.w.org\/{rel}","templated":true}]}}