{"id":108311,"date":"2025-02-19T09:33:39","date_gmt":"2025-02-19T07:33:39","guid":{"rendered":"https:\/\/basseinimeistrid.ee\/pood\/Ei-luokiteltu\/sailion-lapivienti-pp\/"},"modified":"2025-03-11T00:33:08","modified_gmt":"2025-03-10T22:33:08","slug":"sailion-lapivienti-pp","status":"publish","type":"product","link":"https:\/\/basseinimeistrid.ee\/fi\/pood\/sailion-lapivienti-pp\/","title":{"rendered":"S\u00e4ili\u00f6n l\u00e4pivienti PP"},"content":{"rendered":"<p>Erilaisten s\u00e4ili\u00f6iden l\u00e4pivineti tiivisteell\u00e4.<\/p>\n<p>Mitat:<\/p>\n<ul>\n<li>1&#8243; ulkokierre (sa261)<\/li>\n<li>\u00be&#8221; ulkokierre (sa260)<\/li>\n<li>1\u00bc ulkokierre (sa262)<\/li>\n<li>1\u00bd&#8221; uklokierre (sa263)<\/li>\n<li>2&#8243; ulkokierre (sa264)<\/li>\n<\/ul>\n","protected":false},"excerpt":{"rendered":"<p>Erilaisten s\u00e4ili\u00f6iden l\u00e4pivineti tiivisteell\u00e4. Mitat: 1&#8243; ulkokierre (sa261) \u00be&#8221; ulkokierre (sa260) 1\u00bc ulkokierre (sa262) 1\u00bd&#8221; uklokierre (sa263) 2&#8243; ulkokierre (sa264)<\/p>\n","protected":false},"featured_media":106506,"template":"","meta":{"_et_pb_use_builder":"","_et_pb_old_content":"","_et_gb_content_width":""},"product_brand":[],"product_cat":[231],"product_tag":[],"class_list":{"0":"post-108311","1":"product","2":"type-product","3":"status-publish","4":"has-post-thumbnail","6":"product_cat-liittimet","7":"product_shipping_class-pakiautomaat-fi","9":"first","10":"instock","11":"taxable","12":"shipping-taxable","13":"purchasable","14":"product-type-simple"},"jetpack_sharing_enabled":true,"_links":{"self":[{"href":"https:\/\/basseinimeistrid.ee\/fi\/wp-json\/wp\/v2\/product\/108311","targetHints":{"allow":["GET"]}}],"collection":[{"href":"https:\/\/basseinimeistrid.ee\/fi\/wp-json\/wp\/v2\/product"}],"about":[{"href":"https:\/\/basseinimeistrid.ee\/fi\/wp-json\/wp\/v2\/types\/product"}],"wp:featuredmedia":[{"embeddable":true,"href":"https:\/\/basseinimeistrid.ee\/fi\/wp-json\/wp\/v2\/media\/106506"}],"wp:attachment":[{"href":"https:\/\/basseinimeistrid.ee\/fi\/wp-json\/wp\/v2\/media?parent=108311"}],"wp:term":[{"taxonomy":"product_brand","embeddable":true,"href":"https:\/\/basseinimeistrid.ee\/fi\/wp-json\/wp\/v2\/product_brand?post=108311"},{"taxonomy":"product_cat","embeddable":true,"href":"https:\/\/basseinimeistrid.ee\/fi\/wp-json\/wp\/v2\/product_cat?post=108311"},{"taxonomy":"product_tag","embeddable":true,"href":"https:\/\/basseinimeistrid.ee\/fi\/wp-json\/wp\/v2\/product_tag?post=108311"}],"curies":[{"name":"wp","href":"https:\/\/api.w.org\/{rel}","templated":true}]}}