{"id":108312,"date":"2025-02-19T08:49:37","date_gmt":"2025-02-19T06:49:37","guid":{"rendered":"https:\/\/basseinimeistrid.ee\/pood\/Ei-luokiteltu\/sailion-lapivienti-pvcsta\/"},"modified":"2025-03-11T00:35:38","modified_gmt":"2025-03-10T22:35:38","slug":"sailion-lapivienti-pvcsta","status":"publish","type":"product","link":"https:\/\/basseinimeistrid.ee\/fi\/pood\/sailion-lapivienti-pvcsta\/","title":{"rendered":"S\u00e4ili\u00f6n l\u00e4pivienti PVC:st\u00e4"},"content":{"rendered":"<p>Erilaisten s\u00e4ili\u00f6iden l\u00e4pikulku muovisella aluslevyll\u00e4 ja tiivisteell\u00e4. Mahdollistaa putkiliitoksen jatkumisen s\u00e4ili\u00f6n sis\u00e4ll\u00e4. Max 10 bar<\/p>\n<p>Tuotteet:<\/p>\n<ul>\n<li>40\/50 x 40 mm 1\u00be&#8221; (aa524)<\/li>\n<li>50\/63 x 50 mm 2&#8243; (aa525)<\/li>\n<li>63\/75 x 63 mm 2\u00bd&#8221; (aa527)<\/li>\n<li>75\/90 x 75 mm 3&#8243; (aa528)<\/li>\n<li>90\/110 x 90 mm M113 (aa529)<\/li>\n<li>110\/125 x 110 mm M130 (aa530)<\/li>\n<\/ul>\n<p>S\u00e4ili\u00f6n sis\u00e4mitat: putken sis\u00e4halkaisija mm + ulkohalkaisija mm<br \/>\nMitat s\u00e4ili\u00f6n ulkopuolella: putken sis\u00e4halkaisija mm + kierre tai kiinnitysmutterin tyyppi<\/p>\n","protected":false},"excerpt":{"rendered":"<p>Erilaisten s\u00e4ili\u00f6iden l\u00e4pikulku muovisella aluslevyll\u00e4 ja tiivisteell\u00e4. Mahdollistaa putkiliitoksen jatkumisen s\u00e4ili\u00f6n sis\u00e4ll\u00e4. Max 10 bar Tuotteet: 40\/50 x 40 mm 1\u00be&#8221; (aa524) 50\/63 x 50 mm 2&#8243; (aa525) 63\/75 x 63 mm 2\u00bd&#8221; (aa527) 75\/90 x 75 mm 3&#8243; (aa528) 90\/110 x 90 mm M113 (aa529) 110\/125 x 110 mm M130 (aa530) S\u00e4ili\u00f6n sis\u00e4mitat: putken [&hellip;]<\/p>\n","protected":false},"featured_media":106499,"template":"","meta":{"_et_pb_use_builder":"","_et_pb_old_content":"","_et_gb_content_width":""},"product_brand":[],"product_cat":[231],"product_tag":[],"class_list":{"0":"post-108312","1":"product","2":"type-product","3":"status-publish","4":"has-post-thumbnail","6":"product_cat-liittimet","7":"product_shipping_class-pakiautomaat-fi","9":"first","10":"instock","11":"taxable","12":"shipping-taxable","13":"purchasable","14":"product-type-simple"},"jetpack_sharing_enabled":true,"_links":{"self":[{"href":"https:\/\/basseinimeistrid.ee\/fi\/wp-json\/wp\/v2\/product\/108312","targetHints":{"allow":["GET"]}}],"collection":[{"href":"https:\/\/basseinimeistrid.ee\/fi\/wp-json\/wp\/v2\/product"}],"about":[{"href":"https:\/\/basseinimeistrid.ee\/fi\/wp-json\/wp\/v2\/types\/product"}],"wp:featuredmedia":[{"embeddable":true,"href":"https:\/\/basseinimeistrid.ee\/fi\/wp-json\/wp\/v2\/media\/106499"}],"wp:attachment":[{"href":"https:\/\/basseinimeistrid.ee\/fi\/wp-json\/wp\/v2\/media?parent=108312"}],"wp:term":[{"taxonomy":"product_brand","embeddable":true,"href":"https:\/\/basseinimeistrid.ee\/fi\/wp-json\/wp\/v2\/product_brand?post=108312"},{"taxonomy":"product_cat","embeddable":true,"href":"https:\/\/basseinimeistrid.ee\/fi\/wp-json\/wp\/v2\/product_cat?post=108312"},{"taxonomy":"product_tag","embeddable":true,"href":"https:\/\/basseinimeistrid.ee\/fi\/wp-json\/wp\/v2\/product_tag?post=108312"}],"curies":[{"name":"wp","href":"https:\/\/api.w.org\/{rel}","templated":true}]}}