{"id":108313,"date":"2025-02-19T08:15:52","date_gmt":"2025-02-19T06:15:52","guid":{"rendered":"https:\/\/basseinimeistrid.ee\/pood\/Ei-luokiteltu\/paatykorkki-kierteella-ja-tiivisteella\/"},"modified":"2025-03-11T00:42:07","modified_gmt":"2025-03-10T22:42:07","slug":"paatykorkki-kierteella-ja-tiivisteella","status":"publish","type":"product","link":"https:\/\/basseinimeistrid.ee\/fi\/pood\/paatykorkki-kierteella-ja-tiivisteella\/","title":{"rendered":"P\u00e4\u00e4tykorkki kierteell\u00e4 ja tiivisteell\u00e4"},"content":{"rendered":"<p>K\u00e4ytet\u00e4\u00e4n kierreputkien tiivist\u00e4miseen vesitiiviiksi, esimerkiksi lis\u00e4\u00e4m\u00e4\u00e4n vedenpit\u00e4vyytt\u00e4 viem\u00e4riin. Max 16 bar<\/p>\n","protected":false},"excerpt":{"rendered":"<p>K\u00e4ytet\u00e4\u00e4n kierreputkien tiivist\u00e4miseen vesitiiviiksi, esimerkiksi lis\u00e4\u00e4m\u00e4\u00e4n vedenpit\u00e4vyytt\u00e4 viem\u00e4riin. Max 16 bar<\/p>\n","protected":false},"featured_media":106493,"template":"","meta":{"_et_pb_use_builder":"","_et_pb_old_content":"","_et_gb_content_width":""},"product_brand":[],"product_cat":[231],"product_tag":[],"class_list":{"0":"post-108313","1":"product","2":"type-product","3":"status-publish","4":"has-post-thumbnail","6":"product_cat-liittimet","7":"product_shipping_class-pakiautomaat-fi","9":"first","10":"instock","11":"taxable","12":"shipping-taxable","13":"purchasable","14":"product-type-simple"},"jetpack_sharing_enabled":true,"_links":{"self":[{"href":"https:\/\/basseinimeistrid.ee\/fi\/wp-json\/wp\/v2\/product\/108313","targetHints":{"allow":["GET"]}}],"collection":[{"href":"https:\/\/basseinimeistrid.ee\/fi\/wp-json\/wp\/v2\/product"}],"about":[{"href":"https:\/\/basseinimeistrid.ee\/fi\/wp-json\/wp\/v2\/types\/product"}],"wp:featuredmedia":[{"embeddable":true,"href":"https:\/\/basseinimeistrid.ee\/fi\/wp-json\/wp\/v2\/media\/106493"}],"wp:attachment":[{"href":"https:\/\/basseinimeistrid.ee\/fi\/wp-json\/wp\/v2\/media?parent=108313"}],"wp:term":[{"taxonomy":"product_brand","embeddable":true,"href":"https:\/\/basseinimeistrid.ee\/fi\/wp-json\/wp\/v2\/product_brand?post=108313"},{"taxonomy":"product_cat","embeddable":true,"href":"https:\/\/basseinimeistrid.ee\/fi\/wp-json\/wp\/v2\/product_cat?post=108313"},{"taxonomy":"product_tag","embeddable":true,"href":"https:\/\/basseinimeistrid.ee\/fi\/wp-json\/wp\/v2\/product_tag?post=108313"}],"curies":[{"name":"wp","href":"https:\/\/api.w.org\/{rel}","templated":true}]}}